{"id":87425,"date":"2024-06-21T15:12:31","date_gmt":"2024-06-21T13:12:31","guid":{"rendered":"https:\/\/bfsimulators.com\/product\/happy2fly-simulator-90-min\/"},"modified":"2025-10-28T15:54:43","modified_gmt":"2025-10-28T14:54:43","slug":"happy2fly-simulator-90-min","status":"publish","type":"product","link":"https:\/\/bfsimulators.com\/nl\/product\/happy2fly-simulator-90-min\/","title":{"rendered":"HAPPY2FLY &#8211; SIMULATOR 90 MIN"},"content":{"rendered":"\t\t<div data-elementor-type=\"product-post\" data-elementor-id=\"87425\" class=\"elementor elementor-87425 elementor-66442\" data-elementor-post-type=\"product\">\n\t\t\t\t\t\t<section class=\"elementor-section elementor-top-section elementor-element elementor-element-60016685 elementor-section-boxed elementor-section-height-default elementor-section-height-default\" data-id=\"60016685\" data-element_type=\"section\" data-e-type=\"section\">\n\t\t\t\t\t\t<div class=\"elementor-container elementor-column-gap-default\">\n\t\t\t\t\t<div class=\"elementor-column elementor-col-100 elementor-top-column elementor-element elementor-element-2bd0573d\" data-id=\"2bd0573d\" data-element_type=\"column\" data-e-type=\"column\">\n\t\t\t<div class=\"elementor-widget-wrap elementor-element-populated\">\n\t\t\t\t\t\t<div class=\"elementor-element elementor-element-8a63169 elementor-widget elementor-widget-text-editor\" data-id=\"8a63169\" data-element_type=\"widget\" data-e-type=\"widget\" data-widget_type=\"text-editor.default\">\n\t\t\t\t<div class=\"elementor-widget-container\">\n\t\t\t\t\t\t\t\t\t<div class=\"intro\">Session <b>individuelle<\/b> de 90 minutes en simulateur B737 avec un <strong>instructeur sp\u00e9cialement form\u00e9 pour le travail avec des personnes souffrant d&#8217;aviophobie<\/strong><\/div>\n<p>G\u00e9n\u00e9ralement compl\u00e9mentaire au module de base Happy2Fly <b><i>&#8216;Full Session&#8217;<\/i><\/b>, mais \u00e9galement disponible en ind\u00e9pendamment, cette session reproduit un vol complet de A \u00e0 B, en r\u00e9pondant \u00e0 toutes les questions pos\u00e9es. Toutes les phases de vol sont reproduites et expliqu\u00e9es, y compris les briefings et le r\u00f4le de tous les intervenants (pilote, copilote, personnel naviguant, contr\u00f4le a\u00e9rien, fuel manager, load manager). <\/p>\n<div class=\"intro intro-list\">\n<ul>\n<li>Comment vole un avion, comment il se contr\u00f4le;<\/li>\n<li>Handmatig vliegen en autopiloot;<\/li>\n<li>Vluchtvoorbereiding (vluchtplan, weer, &#8230;);<\/li>\n<li>Pushback en het starten van de motoren;<\/li>\n<li>Taxi\u00ebn;<\/li>\n<li>Opstijgen, initi\u00eble klim, vermogensbeheer, versnelling;<\/li>\n<li>Kruisvlucht;<\/li>\n<li>Daling en nadering;<\/li>\n<li>Eindnadering en landing;<\/li>\n<\/ul>\n<\/div>\n<p>Naast de normale vlucht en procedures, worden er ook enkele storingen gesimuleerd en noodprocedures uitgelegd.<\/p>\n<div class=\"intro intro-list\">\n<ul>\n<li>Procedures bij storingen, &#8220;QRH&#8221;;<\/li>\n<li>Motorstoring tijdens het opstijgen;<\/li>\n<li>Motorstoring tijdens de vlucht;<\/li>\n<li>Decompressie;<\/li>\n<li>Brand (cabine en motor);<\/li>\n<li>Instrumentenstoringen;<\/li>\n<li>Radiostoringen;<\/li>\n<li>Omleiding;<\/li>\n<li>Ditching (noodlanding op water);<\/li>\n<li>Bliksem;<\/li>\n<\/ul>\n<\/div>\n<p><strong>Momenteel is dit programma alleen beschikbaar in het <u>Frans<\/u>.<\/strong><\/p>\t\t\t\t\t\t\t\t<\/div>\n\t\t\t\t<\/div>\n\t\t\t\t\t<\/div>\n\t\t<\/div>\n\t\t\t\t\t<\/div>\n\t\t<\/section>\n\t\t\t\t<\/div>\n\t\t","protected":false},"excerpt":{"rendered":"<p>Session individuelle de 90 minutes en simulateur B737 avec un instructeur sp\u00e9cialement form\u00e9 pour le travail avec des personnes souffrant d&#8217;aviophobie G\u00e9n\u00e9ralement compl\u00e9mentaire au module de base Happy2Fly &#8216;Full Session&#8217;, mais \u00e9galement disponible en ind\u00e9pendamment, cette session reproduit un vol complet de A \u00e0 B, en r\u00e9pondant \u00e0 toutes les questions pos\u00e9es. Toutes les phases [&hellip;]<\/p>\n","protected":false},"featured_media":12158,"comment_status":"closed","ping_status":"closed","template":"","meta":{"_bfsim_aircraft_header":"","_bfsim_aircraft_details":"","_bfsim_aircraft_photos":""},"product_brand":[],"product_cat":[180],"product_tag":[],"class_list":{"0":"post-87425","1":"product","2":"type-product","3":"status-publish","4":"has-post-thumbnail","6":"product_cat-happy2fly-nl","8":"first","9":"instock","10":"virtual","11":"sold-individually","12":"taxable","13":"purchasable","14":"product-type-booking"},"booking_location":"","booking_location_type":"","booking_duration":90,"booking_duration_unit":"minute","booking_buffer":30,"booking_cost":319,"booking_resources":[1011],"yoast_head":"<!-- This site is optimized with the Yoast SEO Premium plugin v27.2 (Yoast SEO v27.2) - https:\/\/yoast.com\/product\/yoast-seo-premium-wordpress\/ -->\n<title>HAPPY2FLY - SIMULATOR 90 MIN - Brussels Flight Simulators<\/title>\n<meta name=\"robots\" content=\"index, follow, max-snippet:-1, max-image-preview:large, max-video-preview:-1\" \/>\n<link rel=\"canonical\" href=\"https:\/\/bfsimulators.com\/nl\/product\/happy2fly-simulator-90-min\/\" \/>\n<meta property=\"og:locale\" content=\"en_US\" \/>\n<meta property=\"og:type\" content=\"article\" \/>\n<meta property=\"og:title\" content=\"HAPPY2FLY - SIMULATOR 90 MIN\" \/>\n<meta property=\"og:description\" content=\"Session individuelle de 90 minutes en simulateur B737 avec un instructeur sp\u00e9cialement form\u00e9 pour le travail avec des personnes souffrant d&#8217;aviophobie G\u00e9n\u00e9ralement compl\u00e9mentaire au module de base Happy2Fly &#8216;Full Session&#8217;, mais \u00e9galement disponible en ind\u00e9pendamment, cette session reproduit un vol complet de A \u00e0 B, en r\u00e9pondant \u00e0 toutes les questions pos\u00e9es. Toutes les phases [&hellip;]\" \/>\n<meta property=\"og:url\" content=\"https:\/\/bfsimulators.com\/nl\/product\/happy2fly-simulator-90-min\/\" \/>\n<meta property=\"og:site_name\" content=\"Brussels Flight Simulators\" \/>\n<meta property=\"article:modified_time\" content=\"2025-10-28T14:54:43+00:00\" \/>\n<meta property=\"og:image\" content=\"https:\/\/bfsimulators.com\/wp-content\/uploads\/2021\/08\/h2f-peurt-man.jpeg\" \/>\n\t<meta property=\"og:image:width\" content=\"800\" \/>\n\t<meta property=\"og:image:height\" content=\"538\" \/>\n\t<meta property=\"og:image:type\" content=\"image\/jpeg\" \/>\n<meta name=\"twitter:card\" content=\"summary_large_image\" \/>\n<meta name=\"twitter:label1\" content=\"Est. reading time\" \/>\n\t<meta name=\"twitter:data1\" content=\"1 minute\" \/>\n<script type=\"application\/ld+json\" class=\"yoast-schema-graph\">{\"@context\":\"https:\/\/schema.org\",\"@graph\":[{\"@type\":\"WebPage\",\"@id\":\"https:\/\/bfsimulators.com\/nl\/product\/happy2fly-simulator-90-min\/\",\"url\":\"https:\/\/bfsimulators.com\/nl\/product\/happy2fly-simulator-90-min\/\",\"name\":\"HAPPY2FLY - SIMULATOR 90 MIN - Brussels Flight Simulators\",\"isPartOf\":{\"@id\":\"https:\/\/bfsimulators.com\/nl\/#website\"},\"primaryImageOfPage\":{\"@id\":\"https:\/\/bfsimulators.com\/nl\/product\/happy2fly-simulator-90-min\/#primaryimage\"},\"image\":{\"@id\":\"https:\/\/bfsimulators.com\/nl\/product\/happy2fly-simulator-90-min\/#primaryimage\"},\"thumbnailUrl\":\"https:\/\/bfsimulators.com\/wp-content\/uploads\/2021\/08\/h2f-peurt-man.jpeg\",\"datePublished\":\"2024-06-21T13:12:31+00:00\",\"dateModified\":\"2025-10-28T14:54:43+00:00\",\"breadcrumb\":{\"@id\":\"https:\/\/bfsimulators.com\/nl\/product\/happy2fly-simulator-90-min\/#breadcrumb\"},\"inLanguage\":\"en-US\",\"potentialAction\":[{\"@type\":\"ReadAction\",\"target\":[\"https:\/\/bfsimulators.com\/nl\/product\/happy2fly-simulator-90-min\/\"]}]},{\"@type\":\"ImageObject\",\"inLanguage\":\"en-US\",\"@id\":\"https:\/\/bfsimulators.com\/nl\/product\/happy2fly-simulator-90-min\/#primaryimage\",\"url\":\"https:\/\/bfsimulators.com\/wp-content\/uploads\/2021\/08\/h2f-peurt-man.jpeg\",\"contentUrl\":\"https:\/\/bfsimulators.com\/wp-content\/uploads\/2021\/08\/h2f-peurt-man.jpeg\",\"width\":800,\"height\":538},{\"@type\":\"BreadcrumbList\",\"@id\":\"https:\/\/bfsimulators.com\/nl\/product\/happy2fly-simulator-90-min\/#breadcrumb\",\"itemListElement\":[{\"@type\":\"ListItem\",\"position\":1,\"name\":\"Home\",\"item\":\"https:\/\/bfsimulators.com\/nl\/home\/\"},{\"@type\":\"ListItem\",\"position\":2,\"name\":\"Winkel\",\"item\":\"https:\/\/bfsimulators.com\/nl\/shop\/\"},{\"@type\":\"ListItem\",\"position\":3,\"name\":\"HAPPY2FLY &#8211; SIMULATOR 90 MIN\"}]},{\"@type\":\"WebSite\",\"@id\":\"https:\/\/bfsimulators.com\/nl\/#website\",\"url\":\"https:\/\/bfsimulators.com\/nl\/\",\"name\":\"Brussels Flight Simulators\",\"description\":\"Trusted by Pilots, Loved by Enthusiasts\",\"publisher\":{\"@id\":\"https:\/\/bfsimulators.com\/nl\/#organization\"},\"potentialAction\":[{\"@type\":\"SearchAction\",\"target\":{\"@type\":\"EntryPoint\",\"urlTemplate\":\"https:\/\/bfsimulators.com\/nl\/?s={search_term_string}\"},\"query-input\":{\"@type\":\"PropertyValueSpecification\",\"valueRequired\":true,\"valueName\":\"search_term_string\"}}],\"inLanguage\":\"en-US\"},{\"@type\":\"Organization\",\"@id\":\"https:\/\/bfsimulators.com\/nl\/#organization\",\"name\":\"Brussels Flight Simulators\",\"url\":\"https:\/\/bfsimulators.com\/nl\/\",\"logo\":{\"@type\":\"ImageObject\",\"inLanguage\":\"en-US\",\"@id\":\"https:\/\/bfsimulators.com\/nl\/#\/schema\/logo\/image\/\",\"url\":\"https:\/\/bfsimulators.com\/wp-content\/uploads\/2021\/06\/Brussels-Flight-Simulators-LOGO-DEF-MASTER-V3-D-AVION-SOLO-5000x2250-600x300-1-e1624698461157.png\",\"contentUrl\":\"https:\/\/bfsimulators.com\/wp-content\/uploads\/2021\/06\/Brussels-Flight-Simulators-LOGO-DEF-MASTER-V3-D-AVION-SOLO-5000x2250-600x300-1-e1624698461157.png\",\"width\":600,\"height\":198,\"caption\":\"Brussels Flight Simulators\"},\"image\":{\"@id\":\"https:\/\/bfsimulators.com\/nl\/#\/schema\/logo\/image\/\"}}]}<\/script>\n<!-- \/ Yoast SEO Premium plugin. -->","yoast_head_json":{"title":"HAPPY2FLY - SIMULATOR 90 MIN - Brussels Flight Simulators","robots":{"index":"index","follow":"follow","max-snippet":"max-snippet:-1","max-image-preview":"max-image-preview:large","max-video-preview":"max-video-preview:-1"},"canonical":"https:\/\/bfsimulators.com\/nl\/product\/happy2fly-simulator-90-min\/","og_locale":"en_US","og_type":"article","og_title":"HAPPY2FLY - SIMULATOR 90 MIN","og_description":"Session individuelle de 90 minutes en simulateur B737 avec un instructeur sp\u00e9cialement form\u00e9 pour le travail avec des personnes souffrant d&#8217;aviophobie G\u00e9n\u00e9ralement compl\u00e9mentaire au module de base Happy2Fly &#8216;Full Session&#8217;, mais \u00e9galement disponible en ind\u00e9pendamment, cette session reproduit un vol complet de A \u00e0 B, en r\u00e9pondant \u00e0 toutes les questions pos\u00e9es. Toutes les phases [&hellip;]","og_url":"https:\/\/bfsimulators.com\/nl\/product\/happy2fly-simulator-90-min\/","og_site_name":"Brussels Flight Simulators","article_modified_time":"2025-10-28T14:54:43+00:00","og_image":[{"width":800,"height":538,"url":"https:\/\/bfsimulators.com\/wp-content\/uploads\/2021\/08\/h2f-peurt-man.jpeg","type":"image\/jpeg"}],"twitter_card":"summary_large_image","twitter_misc":{"Est. reading time":"1 minute"},"schema":{"@context":"https:\/\/schema.org","@graph":[{"@type":"WebPage","@id":"https:\/\/bfsimulators.com\/nl\/product\/happy2fly-simulator-90-min\/","url":"https:\/\/bfsimulators.com\/nl\/product\/happy2fly-simulator-90-min\/","name":"HAPPY2FLY - SIMULATOR 90 MIN - Brussels Flight Simulators","isPartOf":{"@id":"https:\/\/bfsimulators.com\/nl\/#website"},"primaryImageOfPage":{"@id":"https:\/\/bfsimulators.com\/nl\/product\/happy2fly-simulator-90-min\/#primaryimage"},"image":{"@id":"https:\/\/bfsimulators.com\/nl\/product\/happy2fly-simulator-90-min\/#primaryimage"},"thumbnailUrl":"https:\/\/bfsimulators.com\/wp-content\/uploads\/2021\/08\/h2f-peurt-man.jpeg","datePublished":"2024-06-21T13:12:31+00:00","dateModified":"2025-10-28T14:54:43+00:00","breadcrumb":{"@id":"https:\/\/bfsimulators.com\/nl\/product\/happy2fly-simulator-90-min\/#breadcrumb"},"inLanguage":"en-US","potentialAction":[{"@type":"ReadAction","target":["https:\/\/bfsimulators.com\/nl\/product\/happy2fly-simulator-90-min\/"]}]},{"@type":"ImageObject","inLanguage":"en-US","@id":"https:\/\/bfsimulators.com\/nl\/product\/happy2fly-simulator-90-min\/#primaryimage","url":"https:\/\/bfsimulators.com\/wp-content\/uploads\/2021\/08\/h2f-peurt-man.jpeg","contentUrl":"https:\/\/bfsimulators.com\/wp-content\/uploads\/2021\/08\/h2f-peurt-man.jpeg","width":800,"height":538},{"@type":"BreadcrumbList","@id":"https:\/\/bfsimulators.com\/nl\/product\/happy2fly-simulator-90-min\/#breadcrumb","itemListElement":[{"@type":"ListItem","position":1,"name":"Home","item":"https:\/\/bfsimulators.com\/nl\/home\/"},{"@type":"ListItem","position":2,"name":"Winkel","item":"https:\/\/bfsimulators.com\/nl\/shop\/"},{"@type":"ListItem","position":3,"name":"HAPPY2FLY &#8211; SIMULATOR 90 MIN"}]},{"@type":"WebSite","@id":"https:\/\/bfsimulators.com\/nl\/#website","url":"https:\/\/bfsimulators.com\/nl\/","name":"Brussels Flight Simulators","description":"Trusted by Pilots, Loved by Enthusiasts","publisher":{"@id":"https:\/\/bfsimulators.com\/nl\/#organization"},"potentialAction":[{"@type":"SearchAction","target":{"@type":"EntryPoint","urlTemplate":"https:\/\/bfsimulators.com\/nl\/?s={search_term_string}"},"query-input":{"@type":"PropertyValueSpecification","valueRequired":true,"valueName":"search_term_string"}}],"inLanguage":"en-US"},{"@type":"Organization","@id":"https:\/\/bfsimulators.com\/nl\/#organization","name":"Brussels Flight Simulators","url":"https:\/\/bfsimulators.com\/nl\/","logo":{"@type":"ImageObject","inLanguage":"en-US","@id":"https:\/\/bfsimulators.com\/nl\/#\/schema\/logo\/image\/","url":"https:\/\/bfsimulators.com\/wp-content\/uploads\/2021\/06\/Brussels-Flight-Simulators-LOGO-DEF-MASTER-V3-D-AVION-SOLO-5000x2250-600x300-1-e1624698461157.png","contentUrl":"https:\/\/bfsimulators.com\/wp-content\/uploads\/2021\/06\/Brussels-Flight-Simulators-LOGO-DEF-MASTER-V3-D-AVION-SOLO-5000x2250-600x300-1-e1624698461157.png","width":600,"height":198,"caption":"Brussels Flight Simulators"},"image":{"@id":"https:\/\/bfsimulators.com\/nl\/#\/schema\/logo\/image\/"}}]}},"_links":{"self":[{"href":"https:\/\/bfsimulators.com\/nl\/wp-json\/wp\/v2\/product\/87425","targetHints":{"allow":["GET"]}}],"collection":[{"href":"https:\/\/bfsimulators.com\/nl\/wp-json\/wp\/v2\/product"}],"about":[{"href":"https:\/\/bfsimulators.com\/nl\/wp-json\/wp\/v2\/types\/product"}],"replies":[{"embeddable":true,"href":"https:\/\/bfsimulators.com\/nl\/wp-json\/wp\/v2\/comments?post=87425"}],"version-history":[{"count":3,"href":"https:\/\/bfsimulators.com\/nl\/wp-json\/wp\/v2\/product\/87425\/revisions"}],"predecessor-version":[{"id":87448,"href":"https:\/\/bfsimulators.com\/nl\/wp-json\/wp\/v2\/product\/87425\/revisions\/87448"}],"wp:featuredmedia":[{"embeddable":true,"href":"https:\/\/bfsimulators.com\/nl\/wp-json\/wp\/v2\/media\/12158"}],"wp:attachment":[{"href":"https:\/\/bfsimulators.com\/nl\/wp-json\/wp\/v2\/media?parent=87425"}],"wp:term":[{"taxonomy":"product_brand","embeddable":true,"href":"https:\/\/bfsimulators.com\/nl\/wp-json\/wp\/v2\/product_brand?post=87425"},{"taxonomy":"product_cat","embeddable":true,"href":"https:\/\/bfsimulators.com\/nl\/wp-json\/wp\/v2\/product_cat?post=87425"},{"taxonomy":"product_tag","embeddable":true,"href":"https:\/\/bfsimulators.com\/nl\/wp-json\/wp\/v2\/product_tag?post=87425"}],"curies":[{"name":"wp","href":"https:\/\/api.w.org\/{rel}","templated":true}]}}