{"id":49217,"date":"2023-04-28T11:33:57","date_gmt":"2023-04-28T09:33:57","guid":{"rendered":"https:\/\/bfsimulators.com\/?page_id=49217"},"modified":"2023-04-28T12:21:54","modified_gmt":"2023-04-28T10:21:54","slug":"team-building","status":"publish","type":"page","link":"https:\/\/bfsimulators.com\/nl\/team-building\/","title":{"rendered":"TEAM BUILDING"},"content":{"rendered":"\n<div class=\"heading-block\">\n<h3>OPTEZ POUR UN \u00c9V\u00c9NEMENT DE HAUT VOL !<\/h3>\n<\/div>\n<div>\n<div id=\"description\" class=\"row\">\n<div class=\"col-md-6\">\n\n<p>PLONGEZ DANS LE MONDE DE L&#8217;AVIATION, PRENEZ LES COMMANDES ET RELEVEZ DES D\u00c9FIS FOUS !<\/p>\n\n<p>Vous recherchez une activit\u00e9 de Team Building hors du commun pour dynamiser l\u2019esprit d\u2019\u00e9quipe de votre entreprise ?<\/p>\n\n<p>Vous souhaitez partager une incroyable exp\u00e9rience passionnante en-dehors du quotidien du bureau ? Faire plaisir \u00e0 l\u2019un de vos employ\u00e9s m\u00e9ritants ?<\/p>\n\n<p>Attachez vos ceintures et embarquez avec Brussels Flight Simulators, le premier centre d\u00e9di\u00e9 \u00e0 la simulation de vol \u00e0 la fois professionnel et grand public, situ\u00e9 \u00e0 deux pas de Bruxelles et de l\u2019a\u00e9roport de Zaventem !<\/p>\n\n<p>Capacit\u00e9: id\u00e9al pour des groupes de 2 \u00e0 16 personnes, voire plus avec certains am\u00e9nagements. Dur\u00e9e: de 2 heures \u00e0 2 semaines !<\/p>\n\n<\/div>\n<div class=\"col-md-6\">\n\n<img decoding=\"async\" class=\"alignnone wp-image-126219 size-full fr-fil fr-dib\" src=\"https:\/\/firebasestorage.googleapis.com\/v0\/b\/brusselsflightsimulators.appspot.com\/o\/Assets%2Fteambuilding%2Fcockpit_finger_taxi_lights.png?alt=media&amp;token=fd85a0e5-8fec-48b1-bd11-5ea6b24d50d5\" \/>\n\n<\/div>\n<\/div>\n<div class=\"row\">\n<div class=\"col-md-6\">\n\n<img decoding=\"async\" class=\"alignnone wp-image-126219 size-full fr-fil fr-dib\" src=\"https:\/\/firebasestorage.googleapis.com\/v0\/b\/brusselsflightsimulators.appspot.com\/o\/Assets%2Fteambuilding%2Fcabin.jpg?alt=media&amp;token=3bbcc0c0-9a54-4712-bc49-08048a98229f\" \/>\n\n<\/div>\n<div class=\"col-md-6\">\n<h3>INFRASTRUCTURE : LES SIMULATEURS<\/h3>\n<p>Gr\u00e2ce \u00e0 une infrastructure performante de 270 m2, assist\u00e9s par notre \u00e9quipe d&#8217;instructeurs professionnels, vos collaborateurs pourront s&#8217;amuser et s\u2019initier aux base de l\u2019aviation, aux commandes de nos diff\u00e9rents Simulateurs de Vol :<\/p>\n<ul>\n \t<li><a href=\"..\/..\/fr\/product\/boeing-737\/\" target=\"_blank\" rel=\"noopener\">Boeing 737-800 NG<\/a> (exclusif: avec une cabine de 8 passagers !) ;<\/li>\n \t<li><a href=\"..\/..\/fr\/product\/cessna-172\/\" target=\"_blank\" rel=\"noopener\">Cessna C172<\/a> biplace + observateurs ;<\/li>\n \t<li>6 &#8220;LSS&#8221; (Light Sim Stations) configurables en avions de tout type (du F16 au Boeing 747 en passant par l&#8217;ULM) ;<\/li>\n<\/ul>\n<p>=&gt; Au total, 8 simulateurs capables de voler en r\u00e9seau dans le m\u00eame espace a\u00e9rien virtuel !<\/p>\n\n<\/div>\n<\/div>\n<div class=\"row\">\n<div class=\"col-md-6\">\n<h3>INFRASTRUCTURE : LES AUTRES ESPACES<\/h3>\n<p>La salle de briefing : enti\u00e8rement am\u00e9nag\u00e9e pour la tenue de r\u00e9unions, briefings, formations avec \u00e9cran large, projecteurs, syst\u00e8me de c\u00e2blage pour ordinateurs et une table de r\u00e9union pour 20 personnes.<\/p>\n\n<p>L\u2019espace Lounge et son Bar : id\u00e9al pour la d\u00e9tente autour d\u2019un verre dans une ambiance conviviale, cet espace peut, \u00e0 la demande, \u00eatre configur\u00e9 en Breakfast Zone ou Lunch avec une capacit\u00e9 de 20 personnes.<\/p>\n\n<p>Catering disponible sur demande gr\u00e2ce la complicit\u00e9 de traiteurs locaux, pour une petite restauration saine, \u00e9quilibr\u00e9e et de qualit\u00e9.<\/p>\n\n<p>Parking grande capacit\u00e9 gratuit sur le site.<\/p>\n\n<\/div>\n<div class=\"col-md-6\">\n\n<img decoding=\"async\" class=\"alignnone wp-image-126219 size-full fr-fil fr-dib\" src=\"https:\/\/firebasestorage.googleapis.com\/v0\/b\/brusselsflightsimulators.appspot.com\/o\/Assets%2Fteambuilding%2Fbriefing_room.jpg?alt=media&amp;token=59f3a8b4-2019-4951-a5ce-4de0725844e6\" \/>\n\n<\/div>\n<\/div>\n<div id=\"prerequis\" class=\"row\">\n<div class=\"col-md-6\">\n\n<img decoding=\"async\" class=\"alignnone wp-image-126219 size-full fr-fil fr-dib\" src=\"https:\/\/firebasestorage.googleapis.com\/v0\/b\/brusselsflightsimulators.appspot.com\/o\/Assets%2Fteambuilding%2Fpic_compilation.png?alt=media&amp;token=c04db28c-25d5-4925-a986-fabfef5841cd\" \/>\n\n<\/div>\n<div class=\"col-md-6\">\n<h3>OFFRES &amp; TARIFS<\/h3>\n<p>Les possibilit\u00e9s sont nombreuses et multiples, une \u00e9tude pr\u00e9alable du projet est donc indispensable avant de communiquer un prix. Une id\u00e9e ? La fourchette est tr\u00e8s large et peut s&#8217;\u00e9tendre de 50 EUR \u00e0 300 EUR par personne, selon la dur\u00e9e, le nombre de participants, le programme de simulation, les instructeurs requis, le catering, etc&#8230;<\/p>\n\n<p>Faites-nous part de vos souhaits et de vos attentes, nous les \u00e9tudierons avec la meilleure attention !<\/p>\n\n<p>Alors, entre missions de groupe, vols en r\u00e9seaux, proc\u00e9dures sp\u00e9ciales, le tout sublim\u00e9 par une technologie de pointe et une exp\u00e9rience visuelle \u00e9poustouflante : laissez-vous surprendre !<\/p>\n\n<\/div>\n<\/div>\n<div class=\"row\">\n<div class=\"col-md-6\">\n\n<img decoding=\"async\" class=\"alignnone wp-image-126219 size-full fr-fil fr-dib\" src=\"https:\/\/firebasestorage.googleapis.com\/v0\/b\/brusselsflightsimulators.appspot.com\/o\/Assets%2Fteambuilding%2Fcessna.jpg?alt=media&amp;token=5dbdfebc-c24a-4627-bd4a-de9c28e04c30\" \/>\n\n<\/div>\n<div class=\"col-md-6\">\n\n<img decoding=\"async\" class=\"alignnone wp-image-126219 size-full fr-fil fr-dib\" src=\"https:\/\/firebasestorage.googleapis.com\/v0\/b\/brusselsflightsimulators.appspot.com\/o\/Assets%2Fteambuilding%2Fteam.jpg?alt=media&amp;token=d4ef872d-11f3-4fd5-b6bf-806bb9aa8bfb\" \/>\n\n<\/div>\n<\/div>\n<\/div>\n","protected":false},"excerpt":{"rendered":"<p>OPTEZ POUR UN \u00c9V\u00c9NEMENT DE HAUT VOL ! PLONGEZ DANS LE MONDE DE L&#8217;AVIATION, PRENEZ LES COMMANDES ET RELEVEZ DES D\u00c9FIS FOUS ! Vous recherchez une activit\u00e9 de Team Building hors du commun pour dynamiser l\u2019esprit d\u2019\u00e9quipe de votre entreprise ? Vous souhaitez partager une incroyable exp\u00e9rience passionnante en-dehors du quotidien du bureau ? Faire [&hellip;]<\/p>\n","protected":false},"author":1,"featured_media":0,"parent":0,"menu_order":0,"comment_status":"closed","ping_status":"closed","template":"","meta":{"_bfsim_aircraft_header":"","_bfsim_aircraft_details":"","_bfsim_aircraft_photos":"","footnotes":""},"categories":[],"class_list":["post-49217","page","type-page","status-publish","hentry"],"blocksy_meta":{"styles_descriptor":{"styles":{"desktop":"","tablet":"","mobile":""},"google_fonts":[],"version":6}},"yoast_head":"<!-- This site is optimized with the Yoast SEO Premium plugin v27.2 (Yoast SEO v27.2) - https:\/\/yoast.com\/product\/yoast-seo-premium-wordpress\/ -->\n<title>TEAM BUILDING - Brussels Flight Simulators<\/title>\n<meta name=\"robots\" content=\"index, follow, max-snippet:-1, max-image-preview:large, max-video-preview:-1\" \/>\n<link rel=\"canonical\" href=\"https:\/\/bfsimulators.com\/nl\/team-building\/\" \/>\n<meta property=\"og:locale\" content=\"en_US\" \/>\n<meta property=\"og:type\" content=\"article\" \/>\n<meta property=\"og:title\" content=\"TEAM BUILDING\" \/>\n<meta property=\"og:description\" content=\"OPTEZ POUR UN \u00c9V\u00c9NEMENT DE HAUT VOL ! PLONGEZ DANS LE MONDE DE L&#8217;AVIATION, PRENEZ LES COMMANDES ET RELEVEZ DES D\u00c9FIS FOUS ! Vous recherchez une activit\u00e9 de Team Building hors du commun pour dynamiser l\u2019esprit d\u2019\u00e9quipe de votre entreprise ? Vous souhaitez partager une incroyable exp\u00e9rience passionnante en-dehors du quotidien du bureau ? Faire [&hellip;]\" \/>\n<meta property=\"og:url\" content=\"https:\/\/bfsimulators.com\/nl\/team-building\/\" \/>\n<meta property=\"og:site_name\" content=\"Brussels Flight Simulators\" \/>\n<meta property=\"article:modified_time\" content=\"2023-04-28T10:21:54+00:00\" \/>\n<meta property=\"og:image\" content=\"https:\/\/firebasestorage.googleapis.com\/v0\/b\/brusselsflightsimulators.appspot.com\/o\/Assets%2Fteambuilding%2Fcockpit_finger_taxi_lights.png?alt=media&amp;token=fd85a0e5-8fec-48b1-bd11-5ea6b24d50d5\" \/>\n<meta name=\"twitter:card\" content=\"summary_large_image\" \/>\n<meta name=\"twitter:label1\" content=\"Est. reading time\" \/>\n\t<meta name=\"twitter:data1\" content=\"3 minutes\" \/>\n<script type=\"application\/ld+json\" class=\"yoast-schema-graph\">{\"@context\":\"https:\/\/schema.org\",\"@graph\":[{\"@type\":\"WebPage\",\"@id\":\"https:\/\/bfsimulators.com\/nl\/team-building\/\",\"url\":\"https:\/\/bfsimulators.com\/nl\/team-building\/\",\"name\":\"TEAM BUILDING - Brussels Flight Simulators\",\"isPartOf\":{\"@id\":\"https:\/\/bfsimulators.com\/nl\/#website\"},\"primaryImageOfPage\":{\"@id\":\"https:\/\/bfsimulators.com\/nl\/team-building\/#primaryimage\"},\"image\":{\"@id\":\"https:\/\/bfsimulators.com\/nl\/team-building\/#primaryimage\"},\"thumbnailUrl\":\"https:\/\/firebasestorage.googleapis.com\/v0\/b\/brusselsflightsimulators.appspot.com\/o\/Assets%2Fteambuilding%2Fcockpit_finger_taxi_lights.png?alt=media&amp;token=fd85a0e5-8fec-48b1-bd11-5ea6b24d50d5\",\"datePublished\":\"2023-04-28T09:33:57+00:00\",\"dateModified\":\"2023-04-28T10:21:54+00:00\",\"breadcrumb\":{\"@id\":\"https:\/\/bfsimulators.com\/nl\/team-building\/#breadcrumb\"},\"inLanguage\":\"en-US\",\"potentialAction\":[{\"@type\":\"ReadAction\",\"target\":[\"https:\/\/bfsimulators.com\/nl\/team-building\/\"]}]},{\"@type\":\"ImageObject\",\"inLanguage\":\"en-US\",\"@id\":\"https:\/\/bfsimulators.com\/nl\/team-building\/#primaryimage\",\"url\":\"https:\/\/firebasestorage.googleapis.com\/v0\/b\/brusselsflightsimulators.appspot.com\/o\/Assets%2Fteambuilding%2Fcockpit_finger_taxi_lights.png?alt=media&amp;token=fd85a0e5-8fec-48b1-bd11-5ea6b24d50d5\",\"contentUrl\":\"https:\/\/firebasestorage.googleapis.com\/v0\/b\/brusselsflightsimulators.appspot.com\/o\/Assets%2Fteambuilding%2Fcockpit_finger_taxi_lights.png?alt=media&amp;token=fd85a0e5-8fec-48b1-bd11-5ea6b24d50d5\"},{\"@type\":\"BreadcrumbList\",\"@id\":\"https:\/\/bfsimulators.com\/nl\/team-building\/#breadcrumb\",\"itemListElement\":[{\"@type\":\"ListItem\",\"position\":1,\"name\":\"Home\",\"item\":\"https:\/\/bfsimulators.com\/nl\/home\/\"},{\"@type\":\"ListItem\",\"position\":2,\"name\":\"TEAM BUILDING\"}]},{\"@type\":\"WebSite\",\"@id\":\"https:\/\/bfsimulators.com\/nl\/#website\",\"url\":\"https:\/\/bfsimulators.com\/nl\/\",\"name\":\"Brussels Flight Simulators\",\"description\":\"Trusted by Pilots, Loved by Enthusiasts\",\"publisher\":{\"@id\":\"https:\/\/bfsimulators.com\/nl\/#organization\"},\"potentialAction\":[{\"@type\":\"SearchAction\",\"target\":{\"@type\":\"EntryPoint\",\"urlTemplate\":\"https:\/\/bfsimulators.com\/nl\/?s={search_term_string}\"},\"query-input\":{\"@type\":\"PropertyValueSpecification\",\"valueRequired\":true,\"valueName\":\"search_term_string\"}}],\"inLanguage\":\"en-US\"},{\"@type\":\"Organization\",\"@id\":\"https:\/\/bfsimulators.com\/nl\/#organization\",\"name\":\"Brussels Flight Simulators\",\"url\":\"https:\/\/bfsimulators.com\/nl\/\",\"logo\":{\"@type\":\"ImageObject\",\"inLanguage\":\"en-US\",\"@id\":\"https:\/\/bfsimulators.com\/nl\/#\/schema\/logo\/image\/\",\"url\":\"https:\/\/bfsimulators.com\/wp-content\/uploads\/2021\/06\/Brussels-Flight-Simulators-LOGO-DEF-MASTER-V3-D-AVION-SOLO-5000x2250-600x300-1-e1624698461157.png\",\"contentUrl\":\"https:\/\/bfsimulators.com\/wp-content\/uploads\/2021\/06\/Brussels-Flight-Simulators-LOGO-DEF-MASTER-V3-D-AVION-SOLO-5000x2250-600x300-1-e1624698461157.png\",\"width\":600,\"height\":198,\"caption\":\"Brussels Flight Simulators\"},\"image\":{\"@id\":\"https:\/\/bfsimulators.com\/nl\/#\/schema\/logo\/image\/\"}}]}<\/script>\n<!-- \/ Yoast SEO Premium plugin. -->","yoast_head_json":{"title":"TEAM BUILDING - Brussels Flight Simulators","robots":{"index":"index","follow":"follow","max-snippet":"max-snippet:-1","max-image-preview":"max-image-preview:large","max-video-preview":"max-video-preview:-1"},"canonical":"https:\/\/bfsimulators.com\/nl\/team-building\/","og_locale":"en_US","og_type":"article","og_title":"TEAM BUILDING","og_description":"OPTEZ POUR UN \u00c9V\u00c9NEMENT DE HAUT VOL ! PLONGEZ DANS LE MONDE DE L&#8217;AVIATION, PRENEZ LES COMMANDES ET RELEVEZ DES D\u00c9FIS FOUS ! Vous recherchez une activit\u00e9 de Team Building hors du commun pour dynamiser l\u2019esprit d\u2019\u00e9quipe de votre entreprise ? Vous souhaitez partager une incroyable exp\u00e9rience passionnante en-dehors du quotidien du bureau ? Faire [&hellip;]","og_url":"https:\/\/bfsimulators.com\/nl\/team-building\/","og_site_name":"Brussels Flight Simulators","article_modified_time":"2023-04-28T10:21:54+00:00","og_image":[{"url":"https:\/\/firebasestorage.googleapis.com\/v0\/b\/brusselsflightsimulators.appspot.com\/o\/Assets%2Fteambuilding%2Fcockpit_finger_taxi_lights.png?alt=media&amp;token=fd85a0e5-8fec-48b1-bd11-5ea6b24d50d5","type":"","width":"","height":""}],"twitter_card":"summary_large_image","twitter_misc":{"Est. reading time":"3 minutes"},"schema":{"@context":"https:\/\/schema.org","@graph":[{"@type":"WebPage","@id":"https:\/\/bfsimulators.com\/nl\/team-building\/","url":"https:\/\/bfsimulators.com\/nl\/team-building\/","name":"TEAM BUILDING - Brussels Flight Simulators","isPartOf":{"@id":"https:\/\/bfsimulators.com\/nl\/#website"},"primaryImageOfPage":{"@id":"https:\/\/bfsimulators.com\/nl\/team-building\/#primaryimage"},"image":{"@id":"https:\/\/bfsimulators.com\/nl\/team-building\/#primaryimage"},"thumbnailUrl":"https:\/\/firebasestorage.googleapis.com\/v0\/b\/brusselsflightsimulators.appspot.com\/o\/Assets%2Fteambuilding%2Fcockpit_finger_taxi_lights.png?alt=media&amp;token=fd85a0e5-8fec-48b1-bd11-5ea6b24d50d5","datePublished":"2023-04-28T09:33:57+00:00","dateModified":"2023-04-28T10:21:54+00:00","breadcrumb":{"@id":"https:\/\/bfsimulators.com\/nl\/team-building\/#breadcrumb"},"inLanguage":"en-US","potentialAction":[{"@type":"ReadAction","target":["https:\/\/bfsimulators.com\/nl\/team-building\/"]}]},{"@type":"ImageObject","inLanguage":"en-US","@id":"https:\/\/bfsimulators.com\/nl\/team-building\/#primaryimage","url":"https:\/\/firebasestorage.googleapis.com\/v0\/b\/brusselsflightsimulators.appspot.com\/o\/Assets%2Fteambuilding%2Fcockpit_finger_taxi_lights.png?alt=media&amp;token=fd85a0e5-8fec-48b1-bd11-5ea6b24d50d5","contentUrl":"https:\/\/firebasestorage.googleapis.com\/v0\/b\/brusselsflightsimulators.appspot.com\/o\/Assets%2Fteambuilding%2Fcockpit_finger_taxi_lights.png?alt=media&amp;token=fd85a0e5-8fec-48b1-bd11-5ea6b24d50d5"},{"@type":"BreadcrumbList","@id":"https:\/\/bfsimulators.com\/nl\/team-building\/#breadcrumb","itemListElement":[{"@type":"ListItem","position":1,"name":"Home","item":"https:\/\/bfsimulators.com\/nl\/home\/"},{"@type":"ListItem","position":2,"name":"TEAM BUILDING"}]},{"@type":"WebSite","@id":"https:\/\/bfsimulators.com\/nl\/#website","url":"https:\/\/bfsimulators.com\/nl\/","name":"Brussels Flight Simulators","description":"Trusted by Pilots, Loved by Enthusiasts","publisher":{"@id":"https:\/\/bfsimulators.com\/nl\/#organization"},"potentialAction":[{"@type":"SearchAction","target":{"@type":"EntryPoint","urlTemplate":"https:\/\/bfsimulators.com\/nl\/?s={search_term_string}"},"query-input":{"@type":"PropertyValueSpecification","valueRequired":true,"valueName":"search_term_string"}}],"inLanguage":"en-US"},{"@type":"Organization","@id":"https:\/\/bfsimulators.com\/nl\/#organization","name":"Brussels Flight Simulators","url":"https:\/\/bfsimulators.com\/nl\/","logo":{"@type":"ImageObject","inLanguage":"en-US","@id":"https:\/\/bfsimulators.com\/nl\/#\/schema\/logo\/image\/","url":"https:\/\/bfsimulators.com\/wp-content\/uploads\/2021\/06\/Brussels-Flight-Simulators-LOGO-DEF-MASTER-V3-D-AVION-SOLO-5000x2250-600x300-1-e1624698461157.png","contentUrl":"https:\/\/bfsimulators.com\/wp-content\/uploads\/2021\/06\/Brussels-Flight-Simulators-LOGO-DEF-MASTER-V3-D-AVION-SOLO-5000x2250-600x300-1-e1624698461157.png","width":600,"height":198,"caption":"Brussels Flight Simulators"},"image":{"@id":"https:\/\/bfsimulators.com\/nl\/#\/schema\/logo\/image\/"}}]}},"_links":{"self":[{"href":"https:\/\/bfsimulators.com\/nl\/wp-json\/wp\/v2\/pages\/49217","targetHints":{"allow":["GET"]}}],"collection":[{"href":"https:\/\/bfsimulators.com\/nl\/wp-json\/wp\/v2\/pages"}],"about":[{"href":"https:\/\/bfsimulators.com\/nl\/wp-json\/wp\/v2\/types\/page"}],"author":[{"embeddable":true,"href":"https:\/\/bfsimulators.com\/nl\/wp-json\/wp\/v2\/users\/1"}],"replies":[{"embeddable":true,"href":"https:\/\/bfsimulators.com\/nl\/wp-json\/wp\/v2\/comments?post=49217"}],"version-history":[{"count":3,"href":"https:\/\/bfsimulators.com\/nl\/wp-json\/wp\/v2\/pages\/49217\/revisions"}],"predecessor-version":[{"id":49222,"href":"https:\/\/bfsimulators.com\/nl\/wp-json\/wp\/v2\/pages\/49217\/revisions\/49222"}],"wp:attachment":[{"href":"https:\/\/bfsimulators.com\/nl\/wp-json\/wp\/v2\/media?parent=49217"}],"wp:term":[{"taxonomy":"category","embeddable":true,"href":"https:\/\/bfsimulators.com\/nl\/wp-json\/wp\/v2\/categories?post=49217"}],"curies":[{"name":"wp","href":"https:\/\/api.w.org\/{rel}","templated":true}]}}