{"id":9696,"date":"2021-03-06T14:54:40","date_gmt":"2021-03-06T13:54:40","guid":{"rendered":"https:\/\/bfsimulators.com\/book-or-buy\/cessna-172-fun-flight-120-min\/"},"modified":"2024-08-13T15:50:28","modified_gmt":"2024-08-13T13:50:28","slug":"booking-c172-fun-flight-120min","status":"publish","type":"product","link":"https:\/\/bfsimulators.com\/fr\/product\/booking-c172-fun-flight-120min\/","title":{"rendered":"Beechcraft Baron BE58 Fun Flight (120 min + 15&#8242; briefing)"},"content":{"rendered":"<div class=\"global-product-page-full-description-master-col-flex\">\n<div class=\"global-product-page-full-description-left-col-60\">\n<h3>PRENEZ LES COMMANDES D&#8217;UN SIMULATEUR PROFESSIONNEL DE BEECHCRAFT BARON BE58, UN AVION BIMOTEUR L\u00c9GER TRES POPULAIRES !<\/h3>\n<p>Une exp\u00e9rience immersive incroyable \u00e0 210\u00b0 :<\/p>\n<ul>\n<li>1 ou 2 pilotes + max 1 observateur<\/li>\n<li>Instructeur professionnel inclus (EN\/FR\/NL)<\/li>\n<li>Briefing rapide gratuit de 5 min aux commandes, avant le d\u00e9but de la session (EN\/FR\/NL)<\/li>\n<li>Aucun pr\u00e9requis, vous volez d\u00e9j\u00e0 au bout de quelques minutes<\/li>\n<li>Accessible aux adultes et aux enfants \u00e0 partir de<strong> dix<\/strong> ans*<\/li>\n<li>Comportement ultra-r\u00e9aliste de l&#8217;avion<\/li>\n<li>+24.000 a\u00e9roports dans le monde<\/li>\n<li>Conditions m\u00e9t\u00e9orologiques enti\u00e8rement param\u00e9trables (beau temps, orages, temp\u00eates, vents traversiers, brouillard, givre, neige, m\u00e9t\u00e9o en temps r\u00e9el, etc.)<\/li>\n<li>D\u00e9collages, atterrissages, proc\u00e9dures VFR ou IFR, et pourquoi pas tonneaux, d\u00e9crochages et vrilles !<\/li>\n<li>Bref : du plaisir, du bonheur, du tourisme !<\/li>\n<\/ul>\n<p>        * piloter un simulateur de vol est cependant assez technique et ne convient pas aux enfants qui ne sont pas pr\u00eats \u00e0 garder un minimum de concentration &#8211; cela reste un simulateur de vol professionnel.\n    <\/p><\/div>\n<div class=\"global-product-page-full-description-right-col-40\">\n        <img decoding=\"async\" src=\"https:\/\/bfsimulators.com\/wp-content\/uploads\/2023\/06\/Beechcraft-24-1920-1280.jpg\" alt=\"\" class=\"global-product-page-full-description-image\"><br \/>\n        <img decoding=\"async\" src=\"https:\/\/bfsimulators.com\/wp-content\/uploads\/2023\/06\/Beechcraft-22-1920-1280.jpg\" alt=\"\" class=\"global-product-page-full-description-image\"><br \/>\n        <img decoding=\"async\" src=\"https:\/\/bfsimulators.com\/wp-content\/uploads\/2023\/06\/Beechcraft-26-1920-1280.jpg\" alt=\"\" class=\"global-product-page-full-description-image\">\n    <\/div>\n<\/div>\n","protected":false},"excerpt":{"rendered":"<h3>R\u00c9SERVER UNE S\u00c9ANCE SUR BEECHCRAFT BE58<\/h3>\n<p><strong>Prenez le contr\u00f4le d&#8217;un simulateur professionnel Beechcraft Baron BE58, un avion bimoteur l\u00e9ger parmi les plus populaires !<\/strong><\/p>\n","protected":false},"featured_media":32676,"comment_status":"closed","ping_status":"closed","template":"","meta":{"_bfsim_aircraft_header":"","_bfsim_aircraft_details":"","_bfsim_aircraft_photos":""},"product_brand":[],"product_cat":[233,78,183,207],"product_tag":[89,91,100],"class_list":{"0":"post-9696","1":"product","2":"type-product","3":"status-publish","4":"has-post-thumbnail","6":"product_cat-be58_sim-fr","7":"product_cat-bookings-fr","8":"product_cat-fun-flight-fr","9":"product_cat-single_pilot_sim-fr","10":"product_tag-c172-fr","11":"product_tag-civil-aircraft-fr","12":"product_tag-fun-flight-tag-fr","14":"first","15":"instock","16":"virtual","17":"sold-individually","18":"taxable","19":"purchasable","20":"product-type-booking"},"booking_location":"","booking_location_type":"","booking_duration":135,"booking_duration_unit":"minute","booking_buffer":30,"booking_cost":355,"booking_resources":[1011],"yoast_head":"<!-- This site is optimized with the Yoast SEO Premium plugin v27.2 (Yoast SEO v27.2) - https:\/\/yoast.com\/product\/yoast-seo-premium-wordpress\/ -->\n<title>Beechcraft Baron BE58 Fun Flight (120 min + 15&#039; briefing) - Brussels Flight Simulators<\/title>\n<meta name=\"robots\" content=\"index, follow, max-snippet:-1, max-image-preview:large, max-video-preview:-1\" \/>\n<link rel=\"canonical\" href=\"https:\/\/bfsimulators.com\/fr\/product\/booking-c172-fun-flight-120min\/\" \/>\n<meta property=\"og:locale\" content=\"en_US\" \/>\n<meta property=\"og:type\" content=\"article\" \/>\n<meta property=\"og:title\" content=\"Beechcraft Baron BE58 Fun Flight (120 min + 15&#039; briefing)\" \/>\n<meta property=\"og:description\" content=\"R\u00c9SERVER UNE S\u00c9ANCE SUR BEECHCRAFT BE58 Prenez le contr\u00f4le d&#039;un simulateur professionnel Beechcraft Baron BE58, un avion bimoteur l\u00e9ger parmi les plus populaires !\" \/>\n<meta property=\"og:url\" content=\"https:\/\/bfsimulators.com\/fr\/product\/booking-c172-fun-flight-120min\/\" \/>\n<meta property=\"og:site_name\" content=\"Brussels Flight Simulators\" \/>\n<meta property=\"article:modified_time\" content=\"2024-08-13T13:50:28+00:00\" \/>\n<meta property=\"og:image\" content=\"https:\/\/bfsimulators.com\/wp-content\/uploads\/2022\/11\/Comp-BrusselsFlightSimulators-27.jpg\" \/>\n\t<meta property=\"og:image:width\" content=\"1024\" \/>\n\t<meta property=\"og:image:height\" content=\"684\" \/>\n\t<meta property=\"og:image:type\" content=\"image\/jpeg\" \/>\n<meta name=\"twitter:card\" content=\"summary_large_image\" \/>\n<meta name=\"twitter:label1\" content=\"Est. reading time\" \/>\n\t<meta name=\"twitter:data1\" content=\"1 minute\" \/>\n<script type=\"application\/ld+json\" class=\"yoast-schema-graph\">{\"@context\":\"https:\/\/schema.org\",\"@graph\":[{\"@type\":\"WebPage\",\"@id\":\"https:\/\/bfsimulators.com\/fr\/product\/booking-c172-fun-flight-120min\/\",\"url\":\"https:\/\/bfsimulators.com\/fr\/product\/booking-c172-fun-flight-120min\/\",\"name\":\"Beechcraft Baron BE58 Fun Flight (120 min + 15' briefing) - Brussels Flight Simulators\",\"isPartOf\":{\"@id\":\"https:\/\/bfsimulators.com\/fr\/#website\"},\"primaryImageOfPage\":{\"@id\":\"https:\/\/bfsimulators.com\/fr\/product\/booking-c172-fun-flight-120min\/#primaryimage\"},\"image\":{\"@id\":\"https:\/\/bfsimulators.com\/fr\/product\/booking-c172-fun-flight-120min\/#primaryimage\"},\"thumbnailUrl\":\"https:\/\/bfsimulators.com\/wp-content\/uploads\/2022\/11\/Comp-BrusselsFlightSimulators-27.jpg\",\"datePublished\":\"2021-03-06T13:54:40+00:00\",\"dateModified\":\"2024-08-13T13:50:28+00:00\",\"breadcrumb\":{\"@id\":\"https:\/\/bfsimulators.com\/fr\/product\/booking-c172-fun-flight-120min\/#breadcrumb\"},\"inLanguage\":\"en-US\",\"potentialAction\":[{\"@type\":\"ReadAction\",\"target\":[\"https:\/\/bfsimulators.com\/fr\/product\/booking-c172-fun-flight-120min\/\"]}]},{\"@type\":\"ImageObject\",\"inLanguage\":\"en-US\",\"@id\":\"https:\/\/bfsimulators.com\/fr\/product\/booking-c172-fun-flight-120min\/#primaryimage\",\"url\":\"https:\/\/bfsimulators.com\/wp-content\/uploads\/2022\/11\/Comp-BrusselsFlightSimulators-27.jpg\",\"contentUrl\":\"https:\/\/bfsimulators.com\/wp-content\/uploads\/2022\/11\/Comp-BrusselsFlightSimulators-27.jpg\",\"width\":1024,\"height\":684},{\"@type\":\"BreadcrumbList\",\"@id\":\"https:\/\/bfsimulators.com\/fr\/product\/booking-c172-fun-flight-120min\/#breadcrumb\",\"itemListElement\":[{\"@type\":\"ListItem\",\"position\":1,\"name\":\"Home\",\"item\":\"https:\/\/bfsimulators.com\/fr\/home-2\/\"},{\"@type\":\"ListItem\",\"position\":2,\"name\":\"Boutique\",\"item\":\"https:\/\/bfsimulators.com\/fr\/shop\/\"},{\"@type\":\"ListItem\",\"position\":3,\"name\":\"Beechcraft Baron BE58 Fun Flight (120 min + 15&#8242; briefing)\"}]},{\"@type\":\"WebSite\",\"@id\":\"https:\/\/bfsimulators.com\/fr\/#website\",\"url\":\"https:\/\/bfsimulators.com\/fr\/\",\"name\":\"Brussels Flight Simulators\",\"description\":\"Trusted by Pilots, Loved by Enthusiasts\",\"publisher\":{\"@id\":\"https:\/\/bfsimulators.com\/fr\/#organization\"},\"potentialAction\":[{\"@type\":\"SearchAction\",\"target\":{\"@type\":\"EntryPoint\",\"urlTemplate\":\"https:\/\/bfsimulators.com\/fr\/?s={search_term_string}\"},\"query-input\":{\"@type\":\"PropertyValueSpecification\",\"valueRequired\":true,\"valueName\":\"search_term_string\"}}],\"inLanguage\":\"en-US\"},{\"@type\":\"Organization\",\"@id\":\"https:\/\/bfsimulators.com\/fr\/#organization\",\"name\":\"Brussels Flight Simulators\",\"url\":\"https:\/\/bfsimulators.com\/fr\/\",\"logo\":{\"@type\":\"ImageObject\",\"inLanguage\":\"en-US\",\"@id\":\"https:\/\/bfsimulators.com\/fr\/#\/schema\/logo\/image\/\",\"url\":\"https:\/\/bfsimulators.com\/wp-content\/uploads\/2021\/06\/Brussels-Flight-Simulators-LOGO-DEF-MASTER-V3-D-AVION-SOLO-5000x2250-600x300-1-e1624698461157.png\",\"contentUrl\":\"https:\/\/bfsimulators.com\/wp-content\/uploads\/2021\/06\/Brussels-Flight-Simulators-LOGO-DEF-MASTER-V3-D-AVION-SOLO-5000x2250-600x300-1-e1624698461157.png\",\"width\":600,\"height\":198,\"caption\":\"Brussels Flight Simulators\"},\"image\":{\"@id\":\"https:\/\/bfsimulators.com\/fr\/#\/schema\/logo\/image\/\"}}]}<\/script>\n<!-- \/ Yoast SEO Premium plugin. -->","yoast_head_json":{"title":"Beechcraft Baron BE58 Fun Flight (120 min + 15' briefing) - Brussels Flight Simulators","robots":{"index":"index","follow":"follow","max-snippet":"max-snippet:-1","max-image-preview":"max-image-preview:large","max-video-preview":"max-video-preview:-1"},"canonical":"https:\/\/bfsimulators.com\/fr\/product\/booking-c172-fun-flight-120min\/","og_locale":"en_US","og_type":"article","og_title":"Beechcraft Baron BE58 Fun Flight (120 min + 15' briefing)","og_description":"R\u00c9SERVER UNE S\u00c9ANCE SUR BEECHCRAFT BE58 Prenez le contr\u00f4le d'un simulateur professionnel Beechcraft Baron BE58, un avion bimoteur l\u00e9ger parmi les plus populaires !","og_url":"https:\/\/bfsimulators.com\/fr\/product\/booking-c172-fun-flight-120min\/","og_site_name":"Brussels Flight Simulators","article_modified_time":"2024-08-13T13:50:28+00:00","og_image":[{"width":1024,"height":684,"url":"https:\/\/bfsimulators.com\/wp-content\/uploads\/2022\/11\/Comp-BrusselsFlightSimulators-27.jpg","type":"image\/jpeg"}],"twitter_card":"summary_large_image","twitter_misc":{"Est. reading time":"1 minute"},"schema":{"@context":"https:\/\/schema.org","@graph":[{"@type":"WebPage","@id":"https:\/\/bfsimulators.com\/fr\/product\/booking-c172-fun-flight-120min\/","url":"https:\/\/bfsimulators.com\/fr\/product\/booking-c172-fun-flight-120min\/","name":"Beechcraft Baron BE58 Fun Flight (120 min + 15' briefing) - Brussels Flight Simulators","isPartOf":{"@id":"https:\/\/bfsimulators.com\/fr\/#website"},"primaryImageOfPage":{"@id":"https:\/\/bfsimulators.com\/fr\/product\/booking-c172-fun-flight-120min\/#primaryimage"},"image":{"@id":"https:\/\/bfsimulators.com\/fr\/product\/booking-c172-fun-flight-120min\/#primaryimage"},"thumbnailUrl":"https:\/\/bfsimulators.com\/wp-content\/uploads\/2022\/11\/Comp-BrusselsFlightSimulators-27.jpg","datePublished":"2021-03-06T13:54:40+00:00","dateModified":"2024-08-13T13:50:28+00:00","breadcrumb":{"@id":"https:\/\/bfsimulators.com\/fr\/product\/booking-c172-fun-flight-120min\/#breadcrumb"},"inLanguage":"en-US","potentialAction":[{"@type":"ReadAction","target":["https:\/\/bfsimulators.com\/fr\/product\/booking-c172-fun-flight-120min\/"]}]},{"@type":"ImageObject","inLanguage":"en-US","@id":"https:\/\/bfsimulators.com\/fr\/product\/booking-c172-fun-flight-120min\/#primaryimage","url":"https:\/\/bfsimulators.com\/wp-content\/uploads\/2022\/11\/Comp-BrusselsFlightSimulators-27.jpg","contentUrl":"https:\/\/bfsimulators.com\/wp-content\/uploads\/2022\/11\/Comp-BrusselsFlightSimulators-27.jpg","width":1024,"height":684},{"@type":"BreadcrumbList","@id":"https:\/\/bfsimulators.com\/fr\/product\/booking-c172-fun-flight-120min\/#breadcrumb","itemListElement":[{"@type":"ListItem","position":1,"name":"Home","item":"https:\/\/bfsimulators.com\/fr\/home-2\/"},{"@type":"ListItem","position":2,"name":"Boutique","item":"https:\/\/bfsimulators.com\/fr\/shop\/"},{"@type":"ListItem","position":3,"name":"Beechcraft Baron BE58 Fun Flight (120 min + 15&#8242; briefing)"}]},{"@type":"WebSite","@id":"https:\/\/bfsimulators.com\/fr\/#website","url":"https:\/\/bfsimulators.com\/fr\/","name":"Brussels Flight Simulators","description":"Trusted by Pilots, Loved by Enthusiasts","publisher":{"@id":"https:\/\/bfsimulators.com\/fr\/#organization"},"potentialAction":[{"@type":"SearchAction","target":{"@type":"EntryPoint","urlTemplate":"https:\/\/bfsimulators.com\/fr\/?s={search_term_string}"},"query-input":{"@type":"PropertyValueSpecification","valueRequired":true,"valueName":"search_term_string"}}],"inLanguage":"en-US"},{"@type":"Organization","@id":"https:\/\/bfsimulators.com\/fr\/#organization","name":"Brussels Flight Simulators","url":"https:\/\/bfsimulators.com\/fr\/","logo":{"@type":"ImageObject","inLanguage":"en-US","@id":"https:\/\/bfsimulators.com\/fr\/#\/schema\/logo\/image\/","url":"https:\/\/bfsimulators.com\/wp-content\/uploads\/2021\/06\/Brussels-Flight-Simulators-LOGO-DEF-MASTER-V3-D-AVION-SOLO-5000x2250-600x300-1-e1624698461157.png","contentUrl":"https:\/\/bfsimulators.com\/wp-content\/uploads\/2021\/06\/Brussels-Flight-Simulators-LOGO-DEF-MASTER-V3-D-AVION-SOLO-5000x2250-600x300-1-e1624698461157.png","width":600,"height":198,"caption":"Brussels Flight Simulators"},"image":{"@id":"https:\/\/bfsimulators.com\/fr\/#\/schema\/logo\/image\/"}}]}},"_links":{"self":[{"href":"https:\/\/bfsimulators.com\/fr\/wp-json\/wp\/v2\/product\/9696","targetHints":{"allow":["GET"]}}],"collection":[{"href":"https:\/\/bfsimulators.com\/fr\/wp-json\/wp\/v2\/product"}],"about":[{"href":"https:\/\/bfsimulators.com\/fr\/wp-json\/wp\/v2\/types\/product"}],"replies":[{"embeddable":true,"href":"https:\/\/bfsimulators.com\/fr\/wp-json\/wp\/v2\/comments?post=9696"}],"version-history":[{"count":2,"href":"https:\/\/bfsimulators.com\/fr\/wp-json\/wp\/v2\/product\/9696\/revisions"}],"predecessor-version":[{"id":68033,"href":"https:\/\/bfsimulators.com\/fr\/wp-json\/wp\/v2\/product\/9696\/revisions\/68033"}],"wp:featuredmedia":[{"embeddable":true,"href":"https:\/\/bfsimulators.com\/fr\/wp-json\/wp\/v2\/media\/32676"}],"wp:attachment":[{"href":"https:\/\/bfsimulators.com\/fr\/wp-json\/wp\/v2\/media?parent=9696"}],"wp:term":[{"taxonomy":"product_brand","embeddable":true,"href":"https:\/\/bfsimulators.com\/fr\/wp-json\/wp\/v2\/product_brand?post=9696"},{"taxonomy":"product_cat","embeddable":true,"href":"https:\/\/bfsimulators.com\/fr\/wp-json\/wp\/v2\/product_cat?post=9696"},{"taxonomy":"product_tag","embeddable":true,"href":"https:\/\/bfsimulators.com\/fr\/wp-json\/wp\/v2\/product_tag?post=9696"}],"curies":[{"name":"wp","href":"https:\/\/api.w.org\/{rel}","templated":true}]}}