{"id":9612,"date":"2021-06-02T07:53:05","date_gmt":"2021-07-23T10:06:11","guid":{"rendered":"https:\/\/bfsimulators.com\/book-or-buy\/boeing-737-fun-flight-80-min\/"},"modified":"2024-08-13T15:45:56","modified_gmt":"2024-08-13T13:45:56","slug":"booking-b737-fun-flight-80min","status":"publish","type":"product","link":"https:\/\/bfsimulators.com\/fr\/product\/booking-b737-fun-flight-80min\/","title":{"rendered":"Boeing 737 Fun Flight (80 min + 15&#8242; briefing)"},"content":{"rendered":"<div class=\"global-product-page-full-description-master-col-flex\">\n<div class=\"global-product-page-full-description-left-col-60\">\n<h3>EXP\u00c9RIENCE INCROYABLE : PRENEZ LES COMMANDES D&#8217;UN BOEING 737 COMME UN VRAI COMMANDANT DE BORD ET PILOTEZ LE SIMULATEUR DE VOL LE PLUS IMMERSIF JAMAIS VU !<\/h3>\n<p>Une exp\u00e9rience incroyable et totalement immersive \u00e0 360\u00b0, cr\u00e9ant l&#8217;impression d&#8217;\u00eatre vraiment en vol gr\u00e2ce \u00e0 un syst\u00e8me visuel unique reproduisant fid\u00e8lement le paysage, les mouvements, la m\u00e9t\u00e9o, le trafic&#8230;<\/p>\n<ul>\n<li>Seul, entre amis, en famille ou entre coll\u00e8gues (jusqu&#8217;\u00e0 8 personnes ensemble mais jamais m\u00e9lang\u00e9es avec des clients ext\u00e9rieurs)<\/li>\n<li>Tous les participants \u00e0 une session peuvent prendre les commandes, un \u00e0 la fois ou deux par deux, selon leurs capacit\u00e9s (\u00e0 discuter avec l&#8217;instructeur)<\/li>\n<li>Une cabine unique au monde pouvant accueillir <strong>jusqu&#8217;\u00e0 8 participants<\/strong> (pilotes et\/ou passagers), totalement immerg\u00e9s et sans s\u00e9paration avec le cockpit <\/li>\n<li>D\u00e9collages, atterrissages, et pourquoi pas tonneaux, d\u00e9crochages et vrilles : toutes les man\u0153uvres sont autoris\u00e9es dans nos simulateurs !<\/li>\n<li>Instructeur simu professionnel inclus (EN\/FR\/NL)<\/li>\n<li>Briefing gratuit de 10 min dans le cockpit, avant le d\u00e9but de la session (EN\/FR\/NL)<\/li>\n<li>Aucun pr\u00e9requis, vous volez d\u00e9j\u00e0 au bout de quelques minutes<\/li>\n<li>Accessible aux adultes et aux enfants \u00e0 partir de <strong>dix<\/strong> ans*<\/li>\n<li>Commandes de vol avec retour de force dynamique motoris\u00e9<\/li>\n<li>Comportement ultra-r\u00e9aliste de l&#8217;avion<\/li>\n<li>+24.000 a\u00e9roports dans le monde<\/li>\n<li>Conditions m\u00e9t\u00e9orologiques enti\u00e8rement param\u00e9trables (beau temps, orages, temp\u00eates, vents traversiers, brouillard, givre, neige, m\u00e9t\u00e9o en temps r\u00e9el, etc.)<\/li>\n<li>+150 pannes diff\u00e9rentes disponibles pour ajouter plus de sensations (si besoin ! \ud83d\ude09 )<\/li>\n<li>Bref : sensations fortes, plaisir, bonheur, d\u00e9couverte !<\/li>\n<\/ul>\n<p>*piloter un Boeing 737 est cependant assez technique et ne convient pas aux enfants qui ne sont pas pr\u00eats \u00e0 garder un minimum de concentration &#8211; cela reste un simulateur de vol professionnel.<\/p>\n<\/div>\n<div class=\"global-product-page-full-description-right-col-40\"><img decoding=\"async\" class=\"global-product-page-full-description-image\" src=\"https:\/\/bfsimulators.com\/wp-content\/uploads\/2021\/02\/B737-scaled.jpg\" alt=\"\"><br \/>\n<img decoding=\"async\" class=\"global-product-page-full-description-image\" src=\"https:\/\/bfsimulators.com\/wp-content\/uploads\/2021\/10\/800x500-B737-VALENTINES-GIFT-1.jpg\" alt=\"\"><br \/>\n<img decoding=\"async\" class=\"global-product-page-full-description-image\" src=\"https:\/\/bfsimulators.com\/wp-content\/uploads\/2021\/02\/B737-PAX-1600x900-1.jpg\" alt=\"\"><\/div>\n<\/div>\n","protected":false},"excerpt":{"rendered":"<h3>Vous \u00eates le Commandant : nulle part ailleurs une exp\u00e9rience immersive aussi r\u00e9aliste !<\/h3>\n<p><strong>Nous proposons une exp\u00e9rience unique \u00e0 360\u00b0, du jamais vu, aussi bien pour les \u00ab commandants d&#8217;un jour \u00bb que pour les passagers !<\/strong><\/p>\n<p>Notre syst\u00e8me exclusif cr\u00e9e une impression \u00e9tonnante d&#8217;\u00eatre vraiment en vol, gr\u00e2ce \u00e0 un syst\u00e8me visuel unique reproduisant fid\u00e8lement le paysage, les mouvements, la m\u00e9t\u00e9o, le trafic&#8230;<\/p>\n<p>Aucune exp\u00e9rience et aucune formation n\u00e9cessaires : vous \u00eates aux commandes et d\u00e9collez apr\u00e8s un briefing de 5 minutes, en compagnie d&#8217;un instructeur professionnel !<\/p>\n","protected":false},"featured_media":8672,"comment_status":"closed","ping_status":"closed","template":"","meta":{"_bfsim_aircraft_header":"","_bfsim_aircraft_details":"","_bfsim_aircraft_photos":""},"product_brand":[],"product_cat":[206,78,183],"product_tag":[86,91,100],"class_list":{"0":"post-9612","1":"product","2":"type-product","3":"status-publish","4":"has-post-thumbnail","6":"product_cat-b737_sim-fr","7":"product_cat-bookings-fr","8":"product_cat-fun-flight-fr","9":"product_tag-b737-fr","10":"product_tag-civil-aircraft-fr","11":"product_tag-fun-flight-tag-fr","13":"first","14":"instock","15":"virtual","16":"sold-individually","17":"taxable","18":"purchasable","19":"product-type-booking"},"booking_location":"","booking_location_type":"","booking_duration":95,"booking_duration_unit":"minute","booking_buffer":30,"booking_cost":290,"booking_resources":[1011],"yoast_head":"<!-- This site is optimized with the Yoast SEO Premium plugin v27.2 (Yoast SEO v27.2) - https:\/\/yoast.com\/product\/yoast-seo-premium-wordpress\/ -->\n<title>Boeing 737 Fun Flight (80 min + 15&#039; briefing) - Brussels Flight Simulators<\/title>\n<meta name=\"robots\" content=\"index, follow, max-snippet:-1, max-image-preview:large, max-video-preview:-1\" \/>\n<link rel=\"canonical\" href=\"https:\/\/bfsimulators.com\/fr\/product\/booking-b737-fun-flight-80min\/\" \/>\n<meta property=\"og:locale\" content=\"en_US\" \/>\n<meta property=\"og:type\" content=\"article\" \/>\n<meta property=\"og:title\" content=\"Boeing 737 Fun Flight (80 min + 15&#039; briefing)\" \/>\n<meta property=\"og:description\" content=\"Vous \u00eates le Commandant : nulle part ailleurs une exp\u00e9rience immersive aussi r\u00e9aliste ! Nous proposons une exp\u00e9rience unique \u00e0 360\u00b0, du jamais vu, aussi bien pour les \u00ab commandants d&#039;un jour \u00bb que pour les passagers ! Notre syst\u00e8me exclusif cr\u00e9e une impression \u00e9tonnante d&#039;\u00eatre vraiment en vol, gr\u00e2ce \u00e0 un syst\u00e8me visuel unique reproduisant fid\u00e8lement le paysage, les mouvements, la m\u00e9t\u00e9o, le trafic... Aucune exp\u00e9rience et aucune formation n\u00e9cessaires : vous \u00eates aux commandes et d\u00e9collez apr\u00e8s un briefing de 5 minutes, en compagnie d&#039;un instructeur professionnel !\" \/>\n<meta property=\"og:url\" content=\"https:\/\/bfsimulators.com\/fr\/product\/booking-b737-fun-flight-80min\/\" \/>\n<meta property=\"og:site_name\" content=\"Brussels Flight Simulators\" \/>\n<meta property=\"article:modified_time\" content=\"2024-08-13T13:45:56+00:00\" \/>\n<meta property=\"og:image\" content=\"https:\/\/bfsimulators.com\/wp-content\/uploads\/2021\/02\/B737-Kim-Gad-smile.jpg\" \/>\n\t<meta property=\"og:image:width\" content=\"1600\" \/>\n\t<meta property=\"og:image:height\" content=\"900\" \/>\n\t<meta property=\"og:image:type\" content=\"image\/jpeg\" \/>\n<meta name=\"twitter:card\" content=\"summary_large_image\" \/>\n<meta name=\"twitter:label1\" content=\"Est. reading time\" \/>\n\t<meta name=\"twitter:data1\" content=\"1 minute\" \/>\n<script type=\"application\/ld+json\" class=\"yoast-schema-graph\">{\"@context\":\"https:\/\/schema.org\",\"@graph\":[{\"@type\":\"WebPage\",\"@id\":\"https:\/\/bfsimulators.com\/fr\/product\/booking-b737-fun-flight-80min\/\",\"url\":\"https:\/\/bfsimulators.com\/fr\/product\/booking-b737-fun-flight-80min\/\",\"name\":\"Boeing 737 Fun Flight (80 min + 15' briefing) - Brussels Flight Simulators\",\"isPartOf\":{\"@id\":\"https:\/\/bfsimulators.com\/fr\/#website\"},\"primaryImageOfPage\":{\"@id\":\"https:\/\/bfsimulators.com\/fr\/product\/booking-b737-fun-flight-80min\/#primaryimage\"},\"image\":{\"@id\":\"https:\/\/bfsimulators.com\/fr\/product\/booking-b737-fun-flight-80min\/#primaryimage\"},\"thumbnailUrl\":\"https:\/\/bfsimulators.com\/wp-content\/uploads\/2021\/02\/B737-Kim-Gad-smile.jpg\",\"datePublished\":\"2021-07-23T10:06:11+00:00\",\"dateModified\":\"2024-08-13T13:45:56+00:00\",\"breadcrumb\":{\"@id\":\"https:\/\/bfsimulators.com\/fr\/product\/booking-b737-fun-flight-80min\/#breadcrumb\"},\"inLanguage\":\"en-US\",\"potentialAction\":[{\"@type\":\"ReadAction\",\"target\":[\"https:\/\/bfsimulators.com\/fr\/product\/booking-b737-fun-flight-80min\/\"]}]},{\"@type\":\"ImageObject\",\"inLanguage\":\"en-US\",\"@id\":\"https:\/\/bfsimulators.com\/fr\/product\/booking-b737-fun-flight-80min\/#primaryimage\",\"url\":\"https:\/\/bfsimulators.com\/wp-content\/uploads\/2021\/02\/B737-Kim-Gad-smile.jpg\",\"contentUrl\":\"https:\/\/bfsimulators.com\/wp-content\/uploads\/2021\/02\/B737-Kim-Gad-smile.jpg\",\"width\":1600,\"height\":900},{\"@type\":\"BreadcrumbList\",\"@id\":\"https:\/\/bfsimulators.com\/fr\/product\/booking-b737-fun-flight-80min\/#breadcrumb\",\"itemListElement\":[{\"@type\":\"ListItem\",\"position\":1,\"name\":\"Home\",\"item\":\"https:\/\/bfsimulators.com\/fr\/home-2\/\"},{\"@type\":\"ListItem\",\"position\":2,\"name\":\"Boutique\",\"item\":\"https:\/\/bfsimulators.com\/fr\/shop\/\"},{\"@type\":\"ListItem\",\"position\":3,\"name\":\"Boeing 737 Fun Flight (80 min + 15&#8242; briefing)\"}]},{\"@type\":\"WebSite\",\"@id\":\"https:\/\/bfsimulators.com\/fr\/#website\",\"url\":\"https:\/\/bfsimulators.com\/fr\/\",\"name\":\"Brussels Flight Simulators\",\"description\":\"Trusted by Pilots, Loved by Enthusiasts\",\"publisher\":{\"@id\":\"https:\/\/bfsimulators.com\/fr\/#organization\"},\"potentialAction\":[{\"@type\":\"SearchAction\",\"target\":{\"@type\":\"EntryPoint\",\"urlTemplate\":\"https:\/\/bfsimulators.com\/fr\/?s={search_term_string}\"},\"query-input\":{\"@type\":\"PropertyValueSpecification\",\"valueRequired\":true,\"valueName\":\"search_term_string\"}}],\"inLanguage\":\"en-US\"},{\"@type\":\"Organization\",\"@id\":\"https:\/\/bfsimulators.com\/fr\/#organization\",\"name\":\"Brussels Flight Simulators\",\"url\":\"https:\/\/bfsimulators.com\/fr\/\",\"logo\":{\"@type\":\"ImageObject\",\"inLanguage\":\"en-US\",\"@id\":\"https:\/\/bfsimulators.com\/fr\/#\/schema\/logo\/image\/\",\"url\":\"https:\/\/bfsimulators.com\/wp-content\/uploads\/2021\/06\/Brussels-Flight-Simulators-LOGO-DEF-MASTER-V3-D-AVION-SOLO-5000x2250-600x300-1-e1624698461157.png\",\"contentUrl\":\"https:\/\/bfsimulators.com\/wp-content\/uploads\/2021\/06\/Brussels-Flight-Simulators-LOGO-DEF-MASTER-V3-D-AVION-SOLO-5000x2250-600x300-1-e1624698461157.png\",\"width\":600,\"height\":198,\"caption\":\"Brussels Flight Simulators\"},\"image\":{\"@id\":\"https:\/\/bfsimulators.com\/fr\/#\/schema\/logo\/image\/\"}}]}<\/script>\n<!-- \/ Yoast SEO Premium plugin. -->","yoast_head_json":{"title":"Boeing 737 Fun Flight (80 min + 15' briefing) - Brussels Flight Simulators","robots":{"index":"index","follow":"follow","max-snippet":"max-snippet:-1","max-image-preview":"max-image-preview:large","max-video-preview":"max-video-preview:-1"},"canonical":"https:\/\/bfsimulators.com\/fr\/product\/booking-b737-fun-flight-80min\/","og_locale":"en_US","og_type":"article","og_title":"Boeing 737 Fun Flight (80 min + 15' briefing)","og_description":"Vous \u00eates le Commandant : nulle part ailleurs une exp\u00e9rience immersive aussi r\u00e9aliste ! Nous proposons une exp\u00e9rience unique \u00e0 360\u00b0, du jamais vu, aussi bien pour les \u00ab commandants d'un jour \u00bb que pour les passagers ! Notre syst\u00e8me exclusif cr\u00e9e une impression \u00e9tonnante d'\u00eatre vraiment en vol, gr\u00e2ce \u00e0 un syst\u00e8me visuel unique reproduisant fid\u00e8lement le paysage, les mouvements, la m\u00e9t\u00e9o, le trafic... Aucune exp\u00e9rience et aucune formation n\u00e9cessaires : vous \u00eates aux commandes et d\u00e9collez apr\u00e8s un briefing de 5 minutes, en compagnie d'un instructeur professionnel !","og_url":"https:\/\/bfsimulators.com\/fr\/product\/booking-b737-fun-flight-80min\/","og_site_name":"Brussels Flight Simulators","article_modified_time":"2024-08-13T13:45:56+00:00","og_image":[{"width":1600,"height":900,"url":"https:\/\/bfsimulators.com\/wp-content\/uploads\/2021\/02\/B737-Kim-Gad-smile.jpg","type":"image\/jpeg"}],"twitter_card":"summary_large_image","twitter_misc":{"Est. reading time":"1 minute"},"schema":{"@context":"https:\/\/schema.org","@graph":[{"@type":"WebPage","@id":"https:\/\/bfsimulators.com\/fr\/product\/booking-b737-fun-flight-80min\/","url":"https:\/\/bfsimulators.com\/fr\/product\/booking-b737-fun-flight-80min\/","name":"Boeing 737 Fun Flight (80 min + 15' briefing) - Brussels Flight Simulators","isPartOf":{"@id":"https:\/\/bfsimulators.com\/fr\/#website"},"primaryImageOfPage":{"@id":"https:\/\/bfsimulators.com\/fr\/product\/booking-b737-fun-flight-80min\/#primaryimage"},"image":{"@id":"https:\/\/bfsimulators.com\/fr\/product\/booking-b737-fun-flight-80min\/#primaryimage"},"thumbnailUrl":"https:\/\/bfsimulators.com\/wp-content\/uploads\/2021\/02\/B737-Kim-Gad-smile.jpg","datePublished":"2021-07-23T10:06:11+00:00","dateModified":"2024-08-13T13:45:56+00:00","breadcrumb":{"@id":"https:\/\/bfsimulators.com\/fr\/product\/booking-b737-fun-flight-80min\/#breadcrumb"},"inLanguage":"en-US","potentialAction":[{"@type":"ReadAction","target":["https:\/\/bfsimulators.com\/fr\/product\/booking-b737-fun-flight-80min\/"]}]},{"@type":"ImageObject","inLanguage":"en-US","@id":"https:\/\/bfsimulators.com\/fr\/product\/booking-b737-fun-flight-80min\/#primaryimage","url":"https:\/\/bfsimulators.com\/wp-content\/uploads\/2021\/02\/B737-Kim-Gad-smile.jpg","contentUrl":"https:\/\/bfsimulators.com\/wp-content\/uploads\/2021\/02\/B737-Kim-Gad-smile.jpg","width":1600,"height":900},{"@type":"BreadcrumbList","@id":"https:\/\/bfsimulators.com\/fr\/product\/booking-b737-fun-flight-80min\/#breadcrumb","itemListElement":[{"@type":"ListItem","position":1,"name":"Home","item":"https:\/\/bfsimulators.com\/fr\/home-2\/"},{"@type":"ListItem","position":2,"name":"Boutique","item":"https:\/\/bfsimulators.com\/fr\/shop\/"},{"@type":"ListItem","position":3,"name":"Boeing 737 Fun Flight (80 min + 15&#8242; briefing)"}]},{"@type":"WebSite","@id":"https:\/\/bfsimulators.com\/fr\/#website","url":"https:\/\/bfsimulators.com\/fr\/","name":"Brussels Flight Simulators","description":"Trusted by Pilots, Loved by Enthusiasts","publisher":{"@id":"https:\/\/bfsimulators.com\/fr\/#organization"},"potentialAction":[{"@type":"SearchAction","target":{"@type":"EntryPoint","urlTemplate":"https:\/\/bfsimulators.com\/fr\/?s={search_term_string}"},"query-input":{"@type":"PropertyValueSpecification","valueRequired":true,"valueName":"search_term_string"}}],"inLanguage":"en-US"},{"@type":"Organization","@id":"https:\/\/bfsimulators.com\/fr\/#organization","name":"Brussels Flight Simulators","url":"https:\/\/bfsimulators.com\/fr\/","logo":{"@type":"ImageObject","inLanguage":"en-US","@id":"https:\/\/bfsimulators.com\/fr\/#\/schema\/logo\/image\/","url":"https:\/\/bfsimulators.com\/wp-content\/uploads\/2021\/06\/Brussels-Flight-Simulators-LOGO-DEF-MASTER-V3-D-AVION-SOLO-5000x2250-600x300-1-e1624698461157.png","contentUrl":"https:\/\/bfsimulators.com\/wp-content\/uploads\/2021\/06\/Brussels-Flight-Simulators-LOGO-DEF-MASTER-V3-D-AVION-SOLO-5000x2250-600x300-1-e1624698461157.png","width":600,"height":198,"caption":"Brussels Flight Simulators"},"image":{"@id":"https:\/\/bfsimulators.com\/fr\/#\/schema\/logo\/image\/"}}]}},"_links":{"self":[{"href":"https:\/\/bfsimulators.com\/fr\/wp-json\/wp\/v2\/product\/9612","targetHints":{"allow":["GET"]}}],"collection":[{"href":"https:\/\/bfsimulators.com\/fr\/wp-json\/wp\/v2\/product"}],"about":[{"href":"https:\/\/bfsimulators.com\/fr\/wp-json\/wp\/v2\/types\/product"}],"replies":[{"embeddable":true,"href":"https:\/\/bfsimulators.com\/fr\/wp-json\/wp\/v2\/comments?post=9612"}],"version-history":[{"count":4,"href":"https:\/\/bfsimulators.com\/fr\/wp-json\/wp\/v2\/product\/9612\/revisions"}],"predecessor-version":[{"id":67904,"href":"https:\/\/bfsimulators.com\/fr\/wp-json\/wp\/v2\/product\/9612\/revisions\/67904"}],"wp:featuredmedia":[{"embeddable":true,"href":"https:\/\/bfsimulators.com\/fr\/wp-json\/wp\/v2\/media\/8672"}],"wp:attachment":[{"href":"https:\/\/bfsimulators.com\/fr\/wp-json\/wp\/v2\/media?parent=9612"}],"wp:term":[{"taxonomy":"product_brand","embeddable":true,"href":"https:\/\/bfsimulators.com\/fr\/wp-json\/wp\/v2\/product_brand?post=9612"},{"taxonomy":"product_cat","embeddable":true,"href":"https:\/\/bfsimulators.com\/fr\/wp-json\/wp\/v2\/product_cat?post=9612"},{"taxonomy":"product_tag","embeddable":true,"href":"https:\/\/bfsimulators.com\/fr\/wp-json\/wp\/v2\/product_tag?post=9612"}],"curies":[{"name":"wp","href":"https:\/\/api.w.org\/{rel}","templated":true}]}}