{"id":67830,"date":"2024-08-11T06:46:31","date_gmt":"2024-08-11T04:46:31","guid":{"rendered":"https:\/\/bfsimulators.com\/product\/carte-cadeau-personnalisee\/"},"modified":"2026-02-02T12:01:48","modified_gmt":"2026-02-02T11:01:48","slug":"carte-cadeau-personnalisee","status":"publish","type":"product","link":"https:\/\/bfsimulators.com\/fr\/product\/carte-cadeau-personnalisee\/","title":{"rendered":"Carte cadeau personnalis\u00e9e"},"content":{"rendered":"","protected":false},"excerpt":{"rendered":"<div id=\"short-description-header\">Offrez le cadeau d&#8217;un vol avec notre ch\u00e8que cadeau personnalisable !<\/div>\n<div id=\"short-description-sub-header\">Laissez le b\u00e9n\u00e9ficiaire choisir son aventure et soyez le <strong>pilote aux commandes de<\/strong> l&#8217;un de nos incroyables simulateurs de vol :<\/div>\n<ul>\n<li>Boeing 737NG<\/li>\n<li>Beechcraft BE58,<\/li>\n<li>F-16 &#8216;Fighting Falcon&#8217;<\/li>\n<li>F\/A-18E &#8216;Super Hornet&#8217;<\/li>\n<li>Ou &#8211; pourquoi pas &#8211; une s\u00e9ance de &#8220;COMBO FIGHTERS&#8221; avec un ami sur les deux avions de chasse volant dans le m\u00eame espace a\u00e9rien !<\/li>\n<\/ul>\n<p>Toutes les sessions sont encadr\u00e9es par un instructeur professionnel.<\/p>\n<p>Entrez le montant de votre choix et laissez-les \u00e9changer leur exp\u00e9rience inoubliable.<\/p>\n<p><strong>Quel incroyable cadeau !<\/strong>  \ud83d\ude80\ud83d\ude0e\u2728<\/p>\n<div id=\"small_note\">Les bons sont valables 5 ans \u00e0 compter de la date d\u2019achat et peuvent \u00eatre prolong\u00e9s sur demande. D\u00e9conseill\u00e9 aux enfants de moins de 10 ans.<\/div>\n","protected":false},"featured_media":9062,"comment_status":"closed","ping_status":"closed","template":"","meta":{"_bfsim_aircraft_header":"","_bfsim_aircraft_details":"","_bfsim_aircraft_photos":""},"product_brand":[],"product_cat":[221],"product_tag":[],"class_list":{"0":"post-67830","1":"product","2":"type-product","3":"status-publish","4":"has-post-thumbnail","6":"product_cat-open-vouchers-fr","8":"first","9":"instock","10":"downloadable","11":"virtual","12":"taxable","13":"purchasable","14":"product-type-simple"},"booking_location":null,"booking_location_type":null,"booking_duration":null,"booking_duration_unit":null,"booking_buffer":null,"booking_cost":null,"booking_resources":null,"yoast_head":"<!-- This site is optimized with the Yoast SEO Premium plugin v27.2 (Yoast SEO v27.2) - https:\/\/yoast.com\/product\/yoast-seo-premium-wordpress\/ -->\n<title>Carte cadeau personnalis\u00e9e - Brussels Flight Simulators<\/title>\n<meta name=\"robots\" content=\"index, follow, max-snippet:-1, max-image-preview:large, max-video-preview:-1\" \/>\n<link rel=\"canonical\" href=\"https:\/\/bfsimulators.com\/fr\/product\/carte-cadeau-personnalisee\/\" \/>\n<meta property=\"og:locale\" content=\"en_US\" \/>\n<meta property=\"og:type\" content=\"article\" \/>\n<meta property=\"og:title\" content=\"Carte cadeau personnalis\u00e9e\" \/>\n<meta property=\"og:description\" content=\"Offrez le cadeau d&#039;un vol avec notre ch\u00e8que cadeau personnalisable ! Laissez le b\u00e9n\u00e9ficiaire choisir son aventure et soyez le pilote aux commandes de l&#039;un de nos incroyables simulateurs de vol :  Boeing 737NG  Beechcraft BE58,  F-16 &#039;Fighting Falcon&#039;  F\/A-18E &#039;Super Hornet&#039;  Ou - pourquoi pas - une s\u00e9ance de &quot;COMBO FIGHTERS&quot; avec un ami sur les deux avions de chasse volant dans le m\u00eame espace a\u00e9rien ! Toutes les sessions sont encadr\u00e9es par un instructeur professionnel. Entrez le montant de votre choix et laissez-les \u00e9changer leur exp\u00e9rience inoubliable. Quel incroyable cadeau ! \ud83d\ude80\ud83d\ude0e\u2728 Les bons sont valables 5 ans \u00e0 compter de la date d\u2019achat et peuvent \u00eatre prolong\u00e9s sur demande. D\u00e9conseill\u00e9 aux enfants de moins de 10 ans.\" \/>\n<meta property=\"og:url\" content=\"https:\/\/bfsimulators.com\/fr\/product\/carte-cadeau-personnalisee\/\" \/>\n<meta property=\"og:site_name\" content=\"Brussels Flight Simulators\" \/>\n<meta property=\"article:modified_time\" content=\"2026-02-02T11:01:48+00:00\" \/>\n<meta property=\"og:image\" content=\"https:\/\/bfsimulators.com\/wp-content\/uploads\/2021\/06\/OUR-FLEET-2020-v2.1-1600-x-1600.jpg\" \/>\n\t<meta property=\"og:image:width\" content=\"1200\" \/>\n\t<meta property=\"og:image:height\" content=\"1200\" \/>\n\t<meta property=\"og:image:type\" content=\"image\/jpeg\" \/>\n<meta name=\"twitter:card\" content=\"summary_large_image\" \/>\n<script type=\"application\/ld+json\" class=\"yoast-schema-graph\">{\"@context\":\"https:\/\/schema.org\",\"@graph\":[{\"@type\":\"WebPage\",\"@id\":\"https:\/\/bfsimulators.com\/fr\/product\/carte-cadeau-personnalisee\/\",\"url\":\"https:\/\/bfsimulators.com\/fr\/product\/carte-cadeau-personnalisee\/\",\"name\":\"Carte cadeau personnalis\u00e9e - Brussels Flight Simulators\",\"isPartOf\":{\"@id\":\"https:\/\/bfsimulators.com\/fr\/#website\"},\"primaryImageOfPage\":{\"@id\":\"https:\/\/bfsimulators.com\/fr\/product\/carte-cadeau-personnalisee\/#primaryimage\"},\"image\":{\"@id\":\"https:\/\/bfsimulators.com\/fr\/product\/carte-cadeau-personnalisee\/#primaryimage\"},\"thumbnailUrl\":\"https:\/\/bfsimulators.com\/wp-content\/uploads\/2021\/06\/OUR-FLEET-2020-v2.1-1600-x-1600.jpg\",\"datePublished\":\"2024-08-11T04:46:31+00:00\",\"dateModified\":\"2026-02-02T11:01:48+00:00\",\"breadcrumb\":{\"@id\":\"https:\/\/bfsimulators.com\/fr\/product\/carte-cadeau-personnalisee\/#breadcrumb\"},\"inLanguage\":\"en-US\",\"potentialAction\":[{\"@type\":\"ReadAction\",\"target\":[\"https:\/\/bfsimulators.com\/fr\/product\/carte-cadeau-personnalisee\/\"]}]},{\"@type\":\"ImageObject\",\"inLanguage\":\"en-US\",\"@id\":\"https:\/\/bfsimulators.com\/fr\/product\/carte-cadeau-personnalisee\/#primaryimage\",\"url\":\"https:\/\/bfsimulators.com\/wp-content\/uploads\/2021\/06\/OUR-FLEET-2020-v2.1-1600-x-1600.jpg\",\"contentUrl\":\"https:\/\/bfsimulators.com\/wp-content\/uploads\/2021\/06\/OUR-FLEET-2020-v2.1-1600-x-1600.jpg\",\"width\":1200,\"height\":1200},{\"@type\":\"BreadcrumbList\",\"@id\":\"https:\/\/bfsimulators.com\/fr\/product\/carte-cadeau-personnalisee\/#breadcrumb\",\"itemListElement\":[{\"@type\":\"ListItem\",\"position\":1,\"name\":\"Home\",\"item\":\"https:\/\/bfsimulators.com\/fr\/home-2\/\"},{\"@type\":\"ListItem\",\"position\":2,\"name\":\"Boutique\",\"item\":\"https:\/\/bfsimulators.com\/fr\/shop\/\"},{\"@type\":\"ListItem\",\"position\":3,\"name\":\"Carte cadeau personnalis\u00e9e\"}]},{\"@type\":\"WebSite\",\"@id\":\"https:\/\/bfsimulators.com\/fr\/#website\",\"url\":\"https:\/\/bfsimulators.com\/fr\/\",\"name\":\"Brussels Flight Simulators\",\"description\":\"Trusted by Pilots, Loved by Enthusiasts\",\"publisher\":{\"@id\":\"https:\/\/bfsimulators.com\/fr\/#organization\"},\"potentialAction\":[{\"@type\":\"SearchAction\",\"target\":{\"@type\":\"EntryPoint\",\"urlTemplate\":\"https:\/\/bfsimulators.com\/fr\/?s={search_term_string}\"},\"query-input\":{\"@type\":\"PropertyValueSpecification\",\"valueRequired\":true,\"valueName\":\"search_term_string\"}}],\"inLanguage\":\"en-US\"},{\"@type\":\"Organization\",\"@id\":\"https:\/\/bfsimulators.com\/fr\/#organization\",\"name\":\"Brussels Flight Simulators\",\"url\":\"https:\/\/bfsimulators.com\/fr\/\",\"logo\":{\"@type\":\"ImageObject\",\"inLanguage\":\"en-US\",\"@id\":\"https:\/\/bfsimulators.com\/fr\/#\/schema\/logo\/image\/\",\"url\":\"https:\/\/bfsimulators.com\/wp-content\/uploads\/2021\/06\/Brussels-Flight-Simulators-LOGO-DEF-MASTER-V3-D-AVION-SOLO-5000x2250-600x300-1-e1624698461157.png\",\"contentUrl\":\"https:\/\/bfsimulators.com\/wp-content\/uploads\/2021\/06\/Brussels-Flight-Simulators-LOGO-DEF-MASTER-V3-D-AVION-SOLO-5000x2250-600x300-1-e1624698461157.png\",\"width\":600,\"height\":198,\"caption\":\"Brussels Flight Simulators\"},\"image\":{\"@id\":\"https:\/\/bfsimulators.com\/fr\/#\/schema\/logo\/image\/\"}}]}<\/script>\n<!-- \/ Yoast SEO Premium plugin. -->","yoast_head_json":{"title":"Carte cadeau personnalis\u00e9e - Brussels Flight Simulators","robots":{"index":"index","follow":"follow","max-snippet":"max-snippet:-1","max-image-preview":"max-image-preview:large","max-video-preview":"max-video-preview:-1"},"canonical":"https:\/\/bfsimulators.com\/fr\/product\/carte-cadeau-personnalisee\/","og_locale":"en_US","og_type":"article","og_title":"Carte cadeau personnalis\u00e9e","og_description":"Offrez le cadeau d'un vol avec notre ch\u00e8que cadeau personnalisable ! Laissez le b\u00e9n\u00e9ficiaire choisir son aventure et soyez le pilote aux commandes de l'un de nos incroyables simulateurs de vol :  Boeing 737NG  Beechcraft BE58,  F-16 'Fighting Falcon'  F\/A-18E 'Super Hornet'  Ou - pourquoi pas - une s\u00e9ance de \"COMBO FIGHTERS\" avec un ami sur les deux avions de chasse volant dans le m\u00eame espace a\u00e9rien ! Toutes les sessions sont encadr\u00e9es par un instructeur professionnel. Entrez le montant de votre choix et laissez-les \u00e9changer leur exp\u00e9rience inoubliable. Quel incroyable cadeau ! \ud83d\ude80\ud83d\ude0e\u2728 Les bons sont valables 5 ans \u00e0 compter de la date d\u2019achat et peuvent \u00eatre prolong\u00e9s sur demande. D\u00e9conseill\u00e9 aux enfants de moins de 10 ans.","og_url":"https:\/\/bfsimulators.com\/fr\/product\/carte-cadeau-personnalisee\/","og_site_name":"Brussels Flight Simulators","article_modified_time":"2026-02-02T11:01:48+00:00","og_image":[{"width":1200,"height":1200,"url":"https:\/\/bfsimulators.com\/wp-content\/uploads\/2021\/06\/OUR-FLEET-2020-v2.1-1600-x-1600.jpg","type":"image\/jpeg"}],"twitter_card":"summary_large_image","schema":{"@context":"https:\/\/schema.org","@graph":[{"@type":"WebPage","@id":"https:\/\/bfsimulators.com\/fr\/product\/carte-cadeau-personnalisee\/","url":"https:\/\/bfsimulators.com\/fr\/product\/carte-cadeau-personnalisee\/","name":"Carte cadeau personnalis\u00e9e - Brussels Flight Simulators","isPartOf":{"@id":"https:\/\/bfsimulators.com\/fr\/#website"},"primaryImageOfPage":{"@id":"https:\/\/bfsimulators.com\/fr\/product\/carte-cadeau-personnalisee\/#primaryimage"},"image":{"@id":"https:\/\/bfsimulators.com\/fr\/product\/carte-cadeau-personnalisee\/#primaryimage"},"thumbnailUrl":"https:\/\/bfsimulators.com\/wp-content\/uploads\/2021\/06\/OUR-FLEET-2020-v2.1-1600-x-1600.jpg","datePublished":"2024-08-11T04:46:31+00:00","dateModified":"2026-02-02T11:01:48+00:00","breadcrumb":{"@id":"https:\/\/bfsimulators.com\/fr\/product\/carte-cadeau-personnalisee\/#breadcrumb"},"inLanguage":"en-US","potentialAction":[{"@type":"ReadAction","target":["https:\/\/bfsimulators.com\/fr\/product\/carte-cadeau-personnalisee\/"]}]},{"@type":"ImageObject","inLanguage":"en-US","@id":"https:\/\/bfsimulators.com\/fr\/product\/carte-cadeau-personnalisee\/#primaryimage","url":"https:\/\/bfsimulators.com\/wp-content\/uploads\/2021\/06\/OUR-FLEET-2020-v2.1-1600-x-1600.jpg","contentUrl":"https:\/\/bfsimulators.com\/wp-content\/uploads\/2021\/06\/OUR-FLEET-2020-v2.1-1600-x-1600.jpg","width":1200,"height":1200},{"@type":"BreadcrumbList","@id":"https:\/\/bfsimulators.com\/fr\/product\/carte-cadeau-personnalisee\/#breadcrumb","itemListElement":[{"@type":"ListItem","position":1,"name":"Home","item":"https:\/\/bfsimulators.com\/fr\/home-2\/"},{"@type":"ListItem","position":2,"name":"Boutique","item":"https:\/\/bfsimulators.com\/fr\/shop\/"},{"@type":"ListItem","position":3,"name":"Carte cadeau personnalis\u00e9e"}]},{"@type":"WebSite","@id":"https:\/\/bfsimulators.com\/fr\/#website","url":"https:\/\/bfsimulators.com\/fr\/","name":"Brussels Flight Simulators","description":"Trusted by Pilots, Loved by Enthusiasts","publisher":{"@id":"https:\/\/bfsimulators.com\/fr\/#organization"},"potentialAction":[{"@type":"SearchAction","target":{"@type":"EntryPoint","urlTemplate":"https:\/\/bfsimulators.com\/fr\/?s={search_term_string}"},"query-input":{"@type":"PropertyValueSpecification","valueRequired":true,"valueName":"search_term_string"}}],"inLanguage":"en-US"},{"@type":"Organization","@id":"https:\/\/bfsimulators.com\/fr\/#organization","name":"Brussels Flight Simulators","url":"https:\/\/bfsimulators.com\/fr\/","logo":{"@type":"ImageObject","inLanguage":"en-US","@id":"https:\/\/bfsimulators.com\/fr\/#\/schema\/logo\/image\/","url":"https:\/\/bfsimulators.com\/wp-content\/uploads\/2021\/06\/Brussels-Flight-Simulators-LOGO-DEF-MASTER-V3-D-AVION-SOLO-5000x2250-600x300-1-e1624698461157.png","contentUrl":"https:\/\/bfsimulators.com\/wp-content\/uploads\/2021\/06\/Brussels-Flight-Simulators-LOGO-DEF-MASTER-V3-D-AVION-SOLO-5000x2250-600x300-1-e1624698461157.png","width":600,"height":198,"caption":"Brussels Flight Simulators"},"image":{"@id":"https:\/\/bfsimulators.com\/fr\/#\/schema\/logo\/image\/"}}]}},"_links":{"self":[{"href":"https:\/\/bfsimulators.com\/fr\/wp-json\/wp\/v2\/product\/67830","targetHints":{"allow":["GET"]}}],"collection":[{"href":"https:\/\/bfsimulators.com\/fr\/wp-json\/wp\/v2\/product"}],"about":[{"href":"https:\/\/bfsimulators.com\/fr\/wp-json\/wp\/v2\/types\/product"}],"replies":[{"embeddable":true,"href":"https:\/\/bfsimulators.com\/fr\/wp-json\/wp\/v2\/comments?post=67830"}],"version-history":[{"count":4,"href":"https:\/\/bfsimulators.com\/fr\/wp-json\/wp\/v2\/product\/67830\/revisions"}],"predecessor-version":[{"id":94396,"href":"https:\/\/bfsimulators.com\/fr\/wp-json\/wp\/v2\/product\/67830\/revisions\/94396"}],"wp:featuredmedia":[{"embeddable":true,"href":"https:\/\/bfsimulators.com\/fr\/wp-json\/wp\/v2\/media\/9062"}],"wp:attachment":[{"href":"https:\/\/bfsimulators.com\/fr\/wp-json\/wp\/v2\/media?parent=67830"}],"wp:term":[{"taxonomy":"product_brand","embeddable":true,"href":"https:\/\/bfsimulators.com\/fr\/wp-json\/wp\/v2\/product_brand?post=67830"},{"taxonomy":"product_cat","embeddable":true,"href":"https:\/\/bfsimulators.com\/fr\/wp-json\/wp\/v2\/product_cat?post=67830"},{"taxonomy":"product_tag","embeddable":true,"href":"https:\/\/bfsimulators.com\/fr\/wp-json\/wp\/v2\/product_tag?post=67830"}],"curies":[{"name":"wp","href":"https:\/\/api.w.org\/{rel}","templated":true}]}}