{"id":10023,"date":"2021-06-01T22:02:31","date_gmt":"2021-07-23T14:29:42","guid":{"rendered":"https:\/\/bfsimulators.com\/product\/f-16-fun-flight-240-min\/"},"modified":"2024-08-13T15:48:06","modified_gmt":"2024-08-13T13:48:06","slug":"booking-f16-fun-flight-240min","status":"publish","type":"product","link":"https:\/\/bfsimulators.com\/fr\/product\/booking-f16-fun-flight-240min\/","title":{"rendered":"F-16 Fun Flight (240 min + 10&#8242; briefing)"},"content":{"rendered":"<div class=\"global-product-page-full-description-master-col-flex\">\n<div class=\"global-product-page-full-description-left-col-60\">\n<h3>INCROYABLE! DOGFIGHT, ATTERRISSAGE SUR PORTE-AVIONS, MISSIONS DINGUES, MANOEUVRES DE VOLTIGE : NOS SIMULATEURS SONT SI R\u00c9ALISTES QUE VOUS VOUS IMMERGEZ PLEINEMENT DANS LE MONDE INCROYABLE DES AVIONS DE CHASSE !<\/h3>\n<p>Choisissez une exp\u00e9rience F-16 ou F-18 (pilote solo), ou m\u00eame les deux F-16 et F-18 ensemble avec un ami, dans le m\u00eame espace a\u00e9rien virtuel (formule COMBO pour 2 pilotes) : une exp\u00e9rience interactive \u00e9poustouflante.<br \/>le<strong> F 16<\/strong> est un avion de chasse multir\u00f4le tandis que le<strong> F-18<\/strong> est plus un chasseur, un bombardier et un avion d&#8217;attaque.<\/p>\n<p>Une incroyable exp\u00e9rience immersive \u00e0 210\u00b0<\/p>\n<ul>\n<li>Missions interactives, combat a\u00e9rien, bombardement, sauvetage, interceptions : une immersion totale dans l&#8217;univers des pilotes de chasse<\/li>\n<li>Formule solo F-16 ou F-18 : 1 pilote + max 1 observateur<\/li>\n<li>Formule COMBO : 2 pilotes + max 2 observateurs<\/li>\n<li>Instructeur simu professionnel inclus (EN\/FR\/NL)<\/li>\n<li>Briefing rapide gratuit de 5 min aux commandes, avant le d\u00e9but de la session (EN\/FR\/NL)<\/li>\n<li>Aucun pr\u00e9requis, vous volez en quelques minutes<\/li>\n<li>Comportement tr\u00e8s r\u00e9aliste des avions<\/li>\n<li>Plus de 24.000 a\u00e9roports, missions illimit\u00e9es<\/li>\n<li>M\u00e9t\u00e9o enti\u00e8rement personnalisable<\/li>\n<li>Cibles virtuelles et ennemis<\/li>\n<li>Activit\u00e9 pour adultes et enfants +10 ans*<\/li>\n<li>Bref : du frisson, du fun, de la chair de poule et de l&#8217;adr\u00e9naline !<\/li>\n<\/ul>\n<p>        <span style=\"font-size: small;font-style: italic\">* piloter un simulateur d&#8217;avion de chasse est cependant assez technique et ne convient pas aux enfants qui ne sont pas pr\u00eats \u00e0 garder un minimum de concentration.<br \/>Un simulateur de vol professionnel reproduit de fa\u00e7on ultra pr\u00e9cise le comportement r\u00e9el des avions, et diff\u00e8re donc des consoles de jeux ou des casques VR qui proposent parfois de tr\u00e8s hautes r\u00e9solutions d&#8217;image et des effets impressionnants mais totalement irr\u00e9alistes. <br \/>Nous ne sommes pas un Luna Park, il est donc important de savoir que les exp\u00e9riences que nous offrons ne poursuivent pas les m\u00eames buts que les jeux vid\u00e9os. Notre objectif est de placer les participants dans une simulation aussi r\u00e9elle que possible, ce qui est \u00e0 la fois amusant et impressionnant. <br \/>Nos simulateurs sont \u00e9galement utilis\u00e9s par des pilotes professionnels, tant pour le training que pour le plaisir.<br \/>Ils sont statiques (pas sur v\u00e9rins hydrauliques), cependant l&#8217;illusion de mouvement est tr\u00e8s efficace gr\u00e2ce aux syst\u00e8mes visuels et sonores avanc\u00e9s que nous utilisons.<br \/>\n<\/span>\n    <\/div>\n<div class=\"global-product-page-full-description-right-col-40\">\n        <img decoding=\"async\" src=\"https:\/\/bfsimulators.com\/wp-content\/uploads\/2021\/03\/F-16-2.jpg\" alt=\"\" class=\"global-product-page-full-description-image\"><br \/>\n        <img decoding=\"async\" src=\"https:\/\/bfsimulators.com\/wp-content\/uploads\/2021\/04\/F16-Louis-side-view.jpg\" alt=\"\" class=\"global-product-page-full-description-image\"><br \/>\n        <img decoding=\"async\" src=\"https:\/\/bfsimulators.com\/wp-content\/uploads\/2021\/03\/Carrousel-01-fighter-04-1600x900-1.jpg\" alt=\"\" class=\"global-product-page-full-description-image\">\n    <\/div>\n<\/div>\n","protected":false},"excerpt":{"rendered":"<h3>PILOTEZ UN F-16 COMME UN PILOTE DE CHASSE ! CHAIR DE POULE GARANTIE: MONTEZ \u00c0 BORD ET D\u00c9COLLEZ &#8211; PR\u00c9PAREZ-VOUS \u00c0 DES MISSIONS FOLLES OU \u00c0 DES COMBATS A\u00c9RIENS !<\/h3>\n<p><strong>Une exp\u00e9rience immersive exclusive, unique en Belgique.<\/strong><\/p>\n<p>R\u00e9alisez votre r\u00eave et devenez pilote de chasse : une aventure bluffante et g\u00e9niale !<br \/>\nConvient aux adultes et aux enfants de plus de 10 ans.<\/p>\n","protected":false},"featured_media":8780,"comment_status":"closed","ping_status":"closed","template":"","meta":{"_bfsim_aircraft_header":"","_bfsim_aircraft_details":"","_bfsim_aircraft_photos":""},"product_brand":[],"product_cat":[237,80],"product_tag":[92,97,98,100],"class_list":{"0":"post-10023","1":"product","2":"type-product","3":"status-publish","4":"has-post-thumbnail","6":"product_cat-f16_sim-fr","7":"product_cat-uncategorised-fr","8":"product_tag-f16-fr","9":"product_tag-fighter-aircraft-fr","10":"product_tag-fighters-fr","11":"product_tag-fun-flight-tag-fr","13":"first","14":"instock","15":"virtual","16":"sold-individually","17":"taxable","18":"purchasable","19":"product-type-booking"},"booking_location":"","booking_location_type":"","booking_duration":250,"booking_duration_unit":"minute","booking_buffer":30,"booking_cost":489.9,"booking_resources":[1012],"yoast_head":"<!-- This site is optimized with the Yoast SEO Premium plugin v27.2 (Yoast SEO v27.2) - https:\/\/yoast.com\/product\/yoast-seo-premium-wordpress\/ -->\n<title>F-16 Fun Flight (240 min + 10&#039; briefing) - Brussels Flight Simulators<\/title>\n<meta name=\"robots\" content=\"index, follow, max-snippet:-1, max-image-preview:large, max-video-preview:-1\" \/>\n<link rel=\"canonical\" href=\"https:\/\/bfsimulators.com\/fr\/product\/booking-f16-fun-flight-240min\/\" \/>\n<meta property=\"og:locale\" content=\"en_US\" \/>\n<meta property=\"og:type\" content=\"article\" \/>\n<meta property=\"og:title\" content=\"F-16 Fun Flight (240 min + 10&#039; briefing)\" \/>\n<meta property=\"og:description\" content=\"PILOTEZ UN F-16 COMME UN PILOTE DE CHASSE ! CHAIR DE POULE GARANTIE: MONTEZ \u00c0 BORD ET D\u00c9COLLEZ - PR\u00c9PAREZ-VOUS \u00c0 DES MISSIONS FOLLES OU \u00c0 DES COMBATS A\u00c9RIENS ! Une exp\u00e9rience immersive exclusive, unique en Belgique. R\u00e9alisez votre r\u00eave et devenez pilote de chasse : une aventure bluffante et g\u00e9niale ! Convient aux adultes et aux enfants de plus de 10 ans.\" \/>\n<meta property=\"og:url\" content=\"https:\/\/bfsimulators.com\/fr\/product\/booking-f16-fun-flight-240min\/\" \/>\n<meta property=\"og:site_name\" content=\"Brussels Flight Simulators\" \/>\n<meta property=\"article:modified_time\" content=\"2024-08-13T13:48:06+00:00\" \/>\n<meta property=\"og:image\" content=\"https:\/\/bfsimulators.com\/wp-content\/uploads\/2021\/04\/full-F-16-simulator-cockpit-3.jpeg\" \/>\n\t<meta property=\"og:image:width\" content=\"960\" \/>\n\t<meta property=\"og:image:height\" content=\"900\" \/>\n\t<meta property=\"og:image:type\" content=\"image\/jpeg\" \/>\n<meta name=\"twitter:card\" content=\"summary_large_image\" \/>\n<meta name=\"twitter:label1\" content=\"Est. reading time\" \/>\n\t<meta name=\"twitter:data1\" content=\"2 minutes\" \/>\n<script type=\"application\/ld+json\" class=\"yoast-schema-graph\">{\"@context\":\"https:\/\/schema.org\",\"@graph\":[{\"@type\":\"WebPage\",\"@id\":\"https:\/\/bfsimulators.com\/fr\/product\/booking-f16-fun-flight-240min\/\",\"url\":\"https:\/\/bfsimulators.com\/fr\/product\/booking-f16-fun-flight-240min\/\",\"name\":\"F-16 Fun Flight (240 min + 10' briefing) - Brussels Flight Simulators\",\"isPartOf\":{\"@id\":\"https:\/\/bfsimulators.com\/fr\/#website\"},\"primaryImageOfPage\":{\"@id\":\"https:\/\/bfsimulators.com\/fr\/product\/booking-f16-fun-flight-240min\/#primaryimage\"},\"image\":{\"@id\":\"https:\/\/bfsimulators.com\/fr\/product\/booking-f16-fun-flight-240min\/#primaryimage\"},\"thumbnailUrl\":\"https:\/\/bfsimulators.com\/wp-content\/uploads\/2021\/04\/full-F-16-simulator-cockpit-3.jpeg\",\"datePublished\":\"2021-07-23T14:29:42+00:00\",\"dateModified\":\"2024-08-13T13:48:06+00:00\",\"breadcrumb\":{\"@id\":\"https:\/\/bfsimulators.com\/fr\/product\/booking-f16-fun-flight-240min\/#breadcrumb\"},\"inLanguage\":\"en-US\",\"potentialAction\":[{\"@type\":\"ReadAction\",\"target\":[\"https:\/\/bfsimulators.com\/fr\/product\/booking-f16-fun-flight-240min\/\"]}]},{\"@type\":\"ImageObject\",\"inLanguage\":\"en-US\",\"@id\":\"https:\/\/bfsimulators.com\/fr\/product\/booking-f16-fun-flight-240min\/#primaryimage\",\"url\":\"https:\/\/bfsimulators.com\/wp-content\/uploads\/2021\/04\/full-F-16-simulator-cockpit-3.jpeg\",\"contentUrl\":\"https:\/\/bfsimulators.com\/wp-content\/uploads\/2021\/04\/full-F-16-simulator-cockpit-3.jpeg\",\"width\":960,\"height\":900},{\"@type\":\"BreadcrumbList\",\"@id\":\"https:\/\/bfsimulators.com\/fr\/product\/booking-f16-fun-flight-240min\/#breadcrumb\",\"itemListElement\":[{\"@type\":\"ListItem\",\"position\":1,\"name\":\"Home\",\"item\":\"https:\/\/bfsimulators.com\/fr\/home-2\/\"},{\"@type\":\"ListItem\",\"position\":2,\"name\":\"Boutique\",\"item\":\"https:\/\/bfsimulators.com\/fr\/shop\/\"},{\"@type\":\"ListItem\",\"position\":3,\"name\":\"F-16 Fun Flight (240 min + 10&#8242; briefing)\"}]},{\"@type\":\"WebSite\",\"@id\":\"https:\/\/bfsimulators.com\/fr\/#website\",\"url\":\"https:\/\/bfsimulators.com\/fr\/\",\"name\":\"Brussels Flight Simulators\",\"description\":\"Trusted by Pilots, Loved by Enthusiasts\",\"publisher\":{\"@id\":\"https:\/\/bfsimulators.com\/fr\/#organization\"},\"potentialAction\":[{\"@type\":\"SearchAction\",\"target\":{\"@type\":\"EntryPoint\",\"urlTemplate\":\"https:\/\/bfsimulators.com\/fr\/?s={search_term_string}\"},\"query-input\":{\"@type\":\"PropertyValueSpecification\",\"valueRequired\":true,\"valueName\":\"search_term_string\"}}],\"inLanguage\":\"en-US\"},{\"@type\":\"Organization\",\"@id\":\"https:\/\/bfsimulators.com\/fr\/#organization\",\"name\":\"Brussels Flight Simulators\",\"url\":\"https:\/\/bfsimulators.com\/fr\/\",\"logo\":{\"@type\":\"ImageObject\",\"inLanguage\":\"en-US\",\"@id\":\"https:\/\/bfsimulators.com\/fr\/#\/schema\/logo\/image\/\",\"url\":\"https:\/\/bfsimulators.com\/wp-content\/uploads\/2021\/06\/Brussels-Flight-Simulators-LOGO-DEF-MASTER-V3-D-AVION-SOLO-5000x2250-600x300-1-e1624698461157.png\",\"contentUrl\":\"https:\/\/bfsimulators.com\/wp-content\/uploads\/2021\/06\/Brussels-Flight-Simulators-LOGO-DEF-MASTER-V3-D-AVION-SOLO-5000x2250-600x300-1-e1624698461157.png\",\"width\":600,\"height\":198,\"caption\":\"Brussels Flight Simulators\"},\"image\":{\"@id\":\"https:\/\/bfsimulators.com\/fr\/#\/schema\/logo\/image\/\"}}]}<\/script>\n<!-- \/ Yoast SEO Premium plugin. -->","yoast_head_json":{"title":"F-16 Fun Flight (240 min + 10' briefing) - Brussels Flight Simulators","robots":{"index":"index","follow":"follow","max-snippet":"max-snippet:-1","max-image-preview":"max-image-preview:large","max-video-preview":"max-video-preview:-1"},"canonical":"https:\/\/bfsimulators.com\/fr\/product\/booking-f16-fun-flight-240min\/","og_locale":"en_US","og_type":"article","og_title":"F-16 Fun Flight (240 min + 10' briefing)","og_description":"PILOTEZ UN F-16 COMME UN PILOTE DE CHASSE ! CHAIR DE POULE GARANTIE: MONTEZ \u00c0 BORD ET D\u00c9COLLEZ - PR\u00c9PAREZ-VOUS \u00c0 DES MISSIONS FOLLES OU \u00c0 DES COMBATS A\u00c9RIENS ! Une exp\u00e9rience immersive exclusive, unique en Belgique. R\u00e9alisez votre r\u00eave et devenez pilote de chasse : une aventure bluffante et g\u00e9niale ! Convient aux adultes et aux enfants de plus de 10 ans.","og_url":"https:\/\/bfsimulators.com\/fr\/product\/booking-f16-fun-flight-240min\/","og_site_name":"Brussels Flight Simulators","article_modified_time":"2024-08-13T13:48:06+00:00","og_image":[{"width":960,"height":900,"url":"https:\/\/bfsimulators.com\/wp-content\/uploads\/2021\/04\/full-F-16-simulator-cockpit-3.jpeg","type":"image\/jpeg"}],"twitter_card":"summary_large_image","twitter_misc":{"Est. reading time":"2 minutes"},"schema":{"@context":"https:\/\/schema.org","@graph":[{"@type":"WebPage","@id":"https:\/\/bfsimulators.com\/fr\/product\/booking-f16-fun-flight-240min\/","url":"https:\/\/bfsimulators.com\/fr\/product\/booking-f16-fun-flight-240min\/","name":"F-16 Fun Flight (240 min + 10' briefing) - Brussels Flight Simulators","isPartOf":{"@id":"https:\/\/bfsimulators.com\/fr\/#website"},"primaryImageOfPage":{"@id":"https:\/\/bfsimulators.com\/fr\/product\/booking-f16-fun-flight-240min\/#primaryimage"},"image":{"@id":"https:\/\/bfsimulators.com\/fr\/product\/booking-f16-fun-flight-240min\/#primaryimage"},"thumbnailUrl":"https:\/\/bfsimulators.com\/wp-content\/uploads\/2021\/04\/full-F-16-simulator-cockpit-3.jpeg","datePublished":"2021-07-23T14:29:42+00:00","dateModified":"2024-08-13T13:48:06+00:00","breadcrumb":{"@id":"https:\/\/bfsimulators.com\/fr\/product\/booking-f16-fun-flight-240min\/#breadcrumb"},"inLanguage":"en-US","potentialAction":[{"@type":"ReadAction","target":["https:\/\/bfsimulators.com\/fr\/product\/booking-f16-fun-flight-240min\/"]}]},{"@type":"ImageObject","inLanguage":"en-US","@id":"https:\/\/bfsimulators.com\/fr\/product\/booking-f16-fun-flight-240min\/#primaryimage","url":"https:\/\/bfsimulators.com\/wp-content\/uploads\/2021\/04\/full-F-16-simulator-cockpit-3.jpeg","contentUrl":"https:\/\/bfsimulators.com\/wp-content\/uploads\/2021\/04\/full-F-16-simulator-cockpit-3.jpeg","width":960,"height":900},{"@type":"BreadcrumbList","@id":"https:\/\/bfsimulators.com\/fr\/product\/booking-f16-fun-flight-240min\/#breadcrumb","itemListElement":[{"@type":"ListItem","position":1,"name":"Home","item":"https:\/\/bfsimulators.com\/fr\/home-2\/"},{"@type":"ListItem","position":2,"name":"Boutique","item":"https:\/\/bfsimulators.com\/fr\/shop\/"},{"@type":"ListItem","position":3,"name":"F-16 Fun Flight (240 min + 10&#8242; briefing)"}]},{"@type":"WebSite","@id":"https:\/\/bfsimulators.com\/fr\/#website","url":"https:\/\/bfsimulators.com\/fr\/","name":"Brussels Flight Simulators","description":"Trusted by Pilots, Loved by Enthusiasts","publisher":{"@id":"https:\/\/bfsimulators.com\/fr\/#organization"},"potentialAction":[{"@type":"SearchAction","target":{"@type":"EntryPoint","urlTemplate":"https:\/\/bfsimulators.com\/fr\/?s={search_term_string}"},"query-input":{"@type":"PropertyValueSpecification","valueRequired":true,"valueName":"search_term_string"}}],"inLanguage":"en-US"},{"@type":"Organization","@id":"https:\/\/bfsimulators.com\/fr\/#organization","name":"Brussels Flight Simulators","url":"https:\/\/bfsimulators.com\/fr\/","logo":{"@type":"ImageObject","inLanguage":"en-US","@id":"https:\/\/bfsimulators.com\/fr\/#\/schema\/logo\/image\/","url":"https:\/\/bfsimulators.com\/wp-content\/uploads\/2021\/06\/Brussels-Flight-Simulators-LOGO-DEF-MASTER-V3-D-AVION-SOLO-5000x2250-600x300-1-e1624698461157.png","contentUrl":"https:\/\/bfsimulators.com\/wp-content\/uploads\/2021\/06\/Brussels-Flight-Simulators-LOGO-DEF-MASTER-V3-D-AVION-SOLO-5000x2250-600x300-1-e1624698461157.png","width":600,"height":198,"caption":"Brussels Flight Simulators"},"image":{"@id":"https:\/\/bfsimulators.com\/fr\/#\/schema\/logo\/image\/"}}]}},"_links":{"self":[{"href":"https:\/\/bfsimulators.com\/fr\/wp-json\/wp\/v2\/product\/10023","targetHints":{"allow":["GET"]}}],"collection":[{"href":"https:\/\/bfsimulators.com\/fr\/wp-json\/wp\/v2\/product"}],"about":[{"href":"https:\/\/bfsimulators.com\/fr\/wp-json\/wp\/v2\/types\/product"}],"replies":[{"embeddable":true,"href":"https:\/\/bfsimulators.com\/fr\/wp-json\/wp\/v2\/comments?post=10023"}],"version-history":[{"count":2,"href":"https:\/\/bfsimulators.com\/fr\/wp-json\/wp\/v2\/product\/10023\/revisions"}],"predecessor-version":[{"id":67964,"href":"https:\/\/bfsimulators.com\/fr\/wp-json\/wp\/v2\/product\/10023\/revisions\/67964"}],"wp:featuredmedia":[{"embeddable":true,"href":"https:\/\/bfsimulators.com\/fr\/wp-json\/wp\/v2\/media\/8780"}],"wp:attachment":[{"href":"https:\/\/bfsimulators.com\/fr\/wp-json\/wp\/v2\/media?parent=10023"}],"wp:term":[{"taxonomy":"product_brand","embeddable":true,"href":"https:\/\/bfsimulators.com\/fr\/wp-json\/wp\/v2\/product_brand?post=10023"},{"taxonomy":"product_cat","embeddable":true,"href":"https:\/\/bfsimulators.com\/fr\/wp-json\/wp\/v2\/product_cat?post=10023"},{"taxonomy":"product_tag","embeddable":true,"href":"https:\/\/bfsimulators.com\/fr\/wp-json\/wp\/v2\/product_tag?post=10023"}],"curies":[{"name":"wp","href":"https:\/\/api.w.org\/{rel}","templated":true}]}}