{"id":9165,"date":"2021-07-10T23:40:39","date_gmt":"2021-07-10T21:40:39","guid":{"rendered":"https:\/\/bfsimulators.com\/vouchers\/"},"modified":"2025-12-02T08:48:52","modified_gmt":"2025-12-02T07:48:52","slug":"vouchers","status":"publish","type":"page","link":"https:\/\/bfsimulators.com\/fr\/vouchers\/","title":{"rendered":"Vouchers"},"content":{"rendered":"\t\t<div data-elementor-type=\"wp-page\" data-elementor-id=\"9165\" class=\"elementor elementor-9165 elementor-3920\" data-elementor-post-type=\"page\">\n\t\t\t\t\t\t<section class=\"elementor-section elementor-top-section elementor-element elementor-element-0bab537 ct-section-stretched elementor-section-boxed elementor-section-height-default elementor-section-height-default\" data-id=\"0bab537\" data-element_type=\"section\" data-e-type=\"section\">\n\t\t\t\t\t\t<div class=\"elementor-container elementor-column-gap-wide\">\n\t\t\t\t\t<div class=\"elementor-column elementor-col-100 elementor-top-column elementor-element elementor-element-e53b466\" data-id=\"e53b466\" data-element_type=\"column\" data-e-type=\"column\">\n\t\t\t<div class=\"elementor-widget-wrap elementor-element-populated\">\n\t\t\t\t\t\t<section class=\"elementor-section elementor-inner-section elementor-element elementor-element-be170e4 main-product-page-section-single-col elementor-section-full_width elementor-section-height-default elementor-section-height-default\" data-id=\"be170e4\" data-element_type=\"section\" data-e-type=\"section\">\n\t\t\t\t\t\t<div class=\"elementor-container elementor-column-gap-default\">\n\t\t\t\t\t<div class=\"elementor-column elementor-col-100 elementor-inner-column elementor-element elementor-element-cb7d411\" data-id=\"cb7d411\" data-element_type=\"column\" data-e-type=\"column\">\n\t\t\t<div class=\"elementor-widget-wrap elementor-element-populated\">\n\t\t\t\t\t\t<div class=\"elementor-element elementor-element-1d04d0e elementor-widget elementor-widget-heading\" data-id=\"1d04d0e\" data-element_type=\"widget\" data-e-type=\"widget\" data-widget_type=\"heading.default\">\n\t\t\t\t<div class=\"elementor-widget-container\">\n\t\t\t\t\t<h1 class=\"elementor-heading-title elementor-size-default\">UN CADEAU INOUBLIABLE : VOUS \u00caTES LE COMMANDANT<\/h1>\t\t\t\t<\/div>\n\t\t\t\t<\/div>\n\t\t\t\t<div class=\"elementor-element elementor-element-3a10f24 elementor-widget elementor-widget-heading\" data-id=\"3a10f24\" data-element_type=\"widget\" data-e-type=\"widget\" data-widget_type=\"heading.default\">\n\t\t\t\t<div class=\"elementor-widget-container\">\n\t\t\t\t\t<h2 class=\"elementor-heading-title elementor-size-default\">Offrez une exp\u00e9rience de vol inoubliable !<\/h2>\t\t\t\t<\/div>\n\t\t\t\t<\/div>\n\t\t\t\t<div class=\"elementor-element elementor-element-2ab8c85 elementor-widget elementor-widget-heading\" data-id=\"2ab8c85\" data-element_type=\"widget\" data-e-type=\"widget\" data-widget_type=\"heading.default\">\n\t\t\t\t<div class=\"elementor-widget-container\">\n\t\t\t\t\t<div class=\"elementor-heading-title elementor-size-default\">Offrez un vol inoubliable : surprenez quelqu'un de sp\u00e9cial avec un bon cadeau unique et original, comprenant une carte d'embarquement personnalis\u00e9e. Ils peuvent facilement r\u00e9server leur propre exp\u00e9rience inoubliable gr\u00e2ce \u00e0 notre calendrier en ligne !<\/div>\t\t\t\t<\/div>\n\t\t\t\t<\/div>\n\t\t\t\t\t<\/div>\n\t\t<\/div>\n\t\t\t\t\t<\/div>\n\t\t<\/section>\n\t\t\t\t<section class=\"elementor-section elementor-inner-section elementor-element elementor-element-2001bda main-product-page-section-single-col elementor-section-full_width elementor-section-height-default elementor-section-height-default\" data-id=\"2001bda\" data-element_type=\"section\" data-e-type=\"section\">\n\t\t\t\t\t\t<div class=\"elementor-container elementor-column-gap-default\">\n\t\t\t\t\t<div class=\"elementor-column elementor-col-33 elementor-inner-column elementor-element elementor-element-7764bc9\" data-id=\"7764bc9\" data-element_type=\"column\" data-e-type=\"column\">\n\t\t\t<div class=\"elementor-widget-wrap elementor-element-populated\">\n\t\t\t\t\t\t<div class=\"elementor-element elementor-element-33dd65b elementor-cta--valign-top elementor-cta--layout-image-above go-to-voucher-config-btn elementor-cta--skin-classic elementor-animated-content elementor-bg-transform elementor-bg-transform-zoom-in elementor-widget elementor-widget-call-to-action\" data-id=\"33dd65b\" data-element_type=\"widget\" data-e-type=\"widget\" id=\"go-to-fighters-voucher-config\" sim=\"fighters\" data-widget_type=\"call-to-action.default\">\n\t\t\t\t<div class=\"elementor-widget-container\">\n\t\t\t\t\t\t\t<a class=\"elementor-cta\" href=\"#\">\n\t\t\t\t\t<div class=\"elementor-cta__bg-wrapper\">\n\t\t\t\t<div class=\"elementor-cta__bg elementor-bg\" style=\"background-image: url(https:\/\/bfsimulators.com\/wp-content\/uploads\/2021\/04\/F18-Chloe-Louis-smaile-600x337.jpg);\" role=\"img\" aria-label=\"F18 Chlo\u00e9 Louis smaile\"><\/div>\n\t\t\t\t<div class=\"elementor-cta__bg-overlay\"><\/div>\n\t\t\t<\/div>\n\t\t\t\t\t\t\t<div class=\"elementor-cta__content\">\n\t\t\t\t\n\t\t\t\t\t\t\t\t\t<h2 class=\"elementor-cta__title elementor-cta__content-item elementor-content-item\">\n\t\t\t\t\t\tFIGHTER JET EXPERIENCE:<br>F-16, F\/A-18 or BOTH!\t\t\t\t\t<\/h2>\n\t\t\t\t\n\t\t\t\t\t\t\t\t\t<div class=\"elementor-cta__description elementor-cta__content-item elementor-content-item\">\n\t\t\t\t\t\tVous souhaitez offrir une exp\u00e9rience immersive palpitante qui donne la <strong>chair de poule<\/strong>? Que ce soit pour une personne ou un groupe d'amis, notre cadeau d'exp\u00e9rience de simulateur de vol ultra-r\u00e9aliste est pr\u00eat pour vous. Nos simulateurs d'avions de chasse offrent une sensation in\u00e9gal\u00e9e d'\u00eatre v\u00e9ritablement en vol. Don't hesitate any longer:<br>Give this breathtaking gift voucher to someone you love!<br><strong>Parfait pour 1 ou 2 participants plus des observateurs<\/strong>.\n\t\t\t\t\t<\/div>\n\t\t\t\t\n\t\t\t\t\t\t\t<\/div>\n\t\t\t\t\t\t\t<div class=\"elementor-ribbon elementor-ribbon-left\">\n\t\t\t\t<div class=\"elementor-ribbon-inner\">\n\t\t\t\t\tExclusivit\u00e9<br>en Belgique\t\t\t\t<\/div>\n\t\t\t<\/div>\n\t\t\t\t<\/a>\n\t\t\t\t\t\t<\/div>\n\t\t\t\t<\/div>\n\t\t\t\t\t<\/div>\n\t\t<\/div>\n\t\t\t\t<div class=\"elementor-column elementor-col-33 elementor-inner-column elementor-element elementor-element-f8f2515\" data-id=\"f8f2515\" data-element_type=\"column\" data-e-type=\"column\">\n\t\t\t<div class=\"elementor-widget-wrap elementor-element-populated\">\n\t\t\t\t\t\t<div class=\"elementor-element elementor-element-27830a6 elementor-cta--valign-top elementor-cta--layout-image-above go-to-voucher-config-btn elementor-cta--skin-classic elementor-animated-content elementor-bg-transform elementor-bg-transform-zoom-in elementor-widget elementor-widget-call-to-action\" data-id=\"27830a6\" data-element_type=\"widget\" data-e-type=\"widget\" id=\"go-to-b737-voucher-config\" sim=\"b737\" data-widget_type=\"call-to-action.default\">\n\t\t\t\t<div class=\"elementor-widget-container\">\n\t\t\t\t\t\t\t<a class=\"elementor-cta\" href=\"#\">\n\t\t\t\t\t<div class=\"elementor-cta__bg-wrapper\">\n\t\t\t\t<div class=\"elementor-cta__bg elementor-bg\" style=\"background-image: url(https:\/\/bfsimulators.com\/wp-content\/uploads\/2025\/09\/94D7163D-145B-4637-A0DA-66EC9D75ED38-2880x2160.jpg);\" role=\"img\" aria-label=\"94D7163D-145B-4637-A0DA-66EC9D75ED38\"><\/div>\n\t\t\t\t<div class=\"elementor-cta__bg-overlay\"><\/div>\n\t\t\t<\/div>\n\t\t\t\t\t\t\t<div class=\"elementor-cta__content\">\n\t\t\t\t\n\t\t\t\t\t\t\t\t\t<h2 class=\"elementor-cta__title elementor-cta__content-item elementor-content-item\">\n\t\t\t\t\t\tEXP\u00c9RIENCE BOEING 737 MAX : PILOTEZ COMME UN VRAI CAPTAIN !\t\t\t\t\t<\/h2>\n\t\t\t\t\n\t\t\t\t\t\t\t\t\t<div class=\"elementor-cta__description elementor-cta__content-item elementor-content-item\">\n\t\t\t\t\t\tOffrez une exp\u00e9rience incroyable et <strong>totalement immersive<\/strong> \u00e0 360\u00b0, cr\u00e9ant une sensation \u00e9tonnante d'\u00eatre v\u00e9ritablement en vol. Notre syst\u00e8me visuel unique reproduit fid\u00e8lement le paysage, les mouvements, la m\u00e9t\u00e9o, le trafic, etc.<br><strong>Peut accueillir jusqu'\u00e0 8 participants<\/strong>!\n\t\t\t\t\t<\/div>\n\t\t\t\t\n\t\t\t\t\t\t\t<\/div>\n\t\t\t\t\t\t<\/a>\n\t\t\t\t\t\t<\/div>\n\t\t\t\t<\/div>\n\t\t\t\t\t<\/div>\n\t\t<\/div>\n\t\t\t\t<div class=\"elementor-column elementor-col-33 elementor-inner-column elementor-element elementor-element-70e5708\" data-id=\"70e5708\" data-element_type=\"column\" data-e-type=\"column\">\n\t\t\t<div class=\"elementor-widget-wrap elementor-element-populated\">\n\t\t\t\t\t\t<div class=\"elementor-element elementor-element-23d1119 elementor-cta--valign-top elementor-cta--layout-image-above go-to-voucher-config-btn elementor-cta--skin-classic elementor-animated-content elementor-bg-transform elementor-bg-transform-zoom-in elementor-widget elementor-widget-call-to-action\" data-id=\"23d1119\" data-element_type=\"widget\" data-e-type=\"widget\" id=\"go-to-be58-voucher-config\" sim=\"c172\" data-widget_type=\"call-to-action.default\">\n\t\t\t\t<div class=\"elementor-widget-container\">\n\t\t\t\t\t\t\t<a class=\"elementor-cta\" href=\"#\">\n\t\t\t\t\t<div class=\"elementor-cta__bg-wrapper\">\n\t\t\t\t<div class=\"elementor-cta__bg elementor-bg\" style=\"background-image: url(https:\/\/bfsimulators.com\/wp-content\/uploads\/2022\/11\/Comp-BrusselsFlightSimulators-27-600x401.jpg);\" role=\"img\" aria-label=\"Comp-BrusselsFlightSimulators-27\"><\/div>\n\t\t\t\t<div class=\"elementor-cta__bg-overlay\"><\/div>\n\t\t\t<\/div>\n\t\t\t\t\t\t\t<div class=\"elementor-cta__content\">\n\t\t\t\t\n\t\t\t\t\t\t\t\t\t<h2 class=\"elementor-cta__title elementor-cta__content-item elementor-content-item\">\n\t\t\t\t\t\tBEECHCRAFT BE58 EXPERIENCE: ENJOY THE BASICS!\t\t\t\t\t<\/h2>\n\t\t\t\t\n\t\t\t\t\t\t\t\t\t<div class=\"elementor-cta__description elementor-cta__content-item elementor-content-item\">\n\t\t\t\t\t\tAvec ce bon, les heureux b\u00e9n\u00e9ficiaires pourront d\u00e9coller de n'importe o\u00f9 dans le monde, par n'importe quel temps, \u00e0 bord d'un Beechcraft Baron 58 ou d'un Cessna C172 - deux des avions l\u00e9gers les plus populaires ! D\u00e9couvrez les bases du vol, le tourisme, la voltige, les vols d'agr\u00e9ment ou la formation PPL VFR\/IFR.<br><strong>Id\u00e9al pour 1 ou 2 participants<\/strong> .\n\t\t\t\t\t<\/div>\n\t\t\t\t\n\t\t\t\t\t\t\t<\/div>\n\t\t\t\t\t\t<\/a>\n\t\t\t\t\t\t<\/div>\n\t\t\t\t<a class=\"elementor-wrapper-link\" href=\"#\">&nbsp;<\/a><\/div>\n\t\t\t\t\t<\/div>\n\t\t<\/div>\n\t\t\t\t\t<\/div>\n\t\t<\/section>\n\t\t\t\t<section class=\"elementor-section elementor-inner-section elementor-element elementor-element-9b9d91a elementor-section-boxed elementor-section-height-default elementor-section-height-default\" data-id=\"9b9d91a\" data-element_type=\"section\" data-e-type=\"section\">\n\t\t\t\t\t\t<div class=\"elementor-container elementor-column-gap-default\">\n\t\t\t\t\t<div class=\"elementor-column elementor-col-100 elementor-inner-column elementor-element elementor-element-bacf50d\" data-id=\"bacf50d\" data-element_type=\"column\" data-e-type=\"column\">\n\t\t\t<div class=\"elementor-widget-wrap elementor-element-populated\">\n\t\t\t\t\t\t<div class=\"elementor-element elementor-element-dcfa2c0 elementor-widget elementor-widget-heading\" data-id=\"dcfa2c0\" data-element_type=\"widget\" data-e-type=\"widget\" data-widget_type=\"heading.default\">\n\t\t\t\t<div class=\"elementor-widget-container\">\n\t\t\t\t\t<div class=\"elementor-heading-title elementor-size-default\">Les bons \u00e9mis par Brussels Flight Simulators ont une dur\u00e9e de validit\u00e9 d'un an (prolongeable sur demande), pendant laquelle ils peuvent \u00eatre \u00e9chang\u00e9s. Toutefois, il est possible de r\u00e9server une session pour une date ult\u00e9rieure ; la session elle-m\u00eame n'est pas soumise \u00e0 l'expiration du bon, seul l'\u00e9change du bon est limit\u00e9 \u00e0 la p\u00e9riode de validit\u00e9 d'un an. <\/div>\t\t\t\t<\/div>\n\t\t\t\t<\/div>\n\t\t\t\t\t<\/div>\n\t\t<\/div>\n\t\t\t\t\t<\/div>\n\t\t<\/section>\n\t\t\t\t<section class=\"elementor-section elementor-inner-section elementor-element elementor-element-56a02b2 main-product-page-section-single-col elementor-section-boxed elementor-section-height-default elementor-section-height-default\" data-id=\"56a02b2\" data-element_type=\"section\" data-e-type=\"section\">\n\t\t\t\t\t\t<div class=\"elementor-container elementor-column-gap-default\">\n\t\t\t\t\t<div class=\"elementor-column elementor-col-100 elementor-inner-column elementor-element elementor-element-80b9284\" data-id=\"80b9284\" data-element_type=\"column\" data-e-type=\"column\">\n\t\t\t<div class=\"elementor-widget-wrap elementor-element-populated\">\n\t\t\t\t\t\t<div class=\"elementor-element elementor-element-9a267ab elementor-widget elementor-widget-shortcode\" data-id=\"9a267ab\" data-element_type=\"widget\" data-e-type=\"widget\" data-widget_type=\"shortcode.default\">\n\t\t\t\t<div class=\"elementor-widget-container\">\n\t\t\t\t\t\t\t<div class=\"elementor-shortcode\"><div data-src=\"https:\/\/cdn.trustindex.io\/loader.js?b5713a31915447881286edbfe5c\"><\/div><\/div>\n\t\t\t\t\t\t<\/div>\n\t\t\t\t<\/div>\n\t\t\t\t\t<\/div>\n\t\t<\/div>\n\t\t\t\t\t<\/div>\n\t\t<\/section>\n\t\t\t\t\t<\/div>\n\t\t<\/div>\n\t\t\t\t\t<\/div>\n\t\t<\/section>\n\t\t\t\t<\/div>\n\t\t","protected":false},"excerpt":{"rendered":"<p>UN CADEAU INOUBLIABLE : VOUS \u00caTES LE COMMANDANT Offrez une exp\u00e9rience de vol inoubliable ! Offrez un vol inoubliable : surprenez quelqu&#8217;un de sp\u00e9cial avec un bon cadeau unique et original, comprenant une carte d&#8217;embarquement personnalis\u00e9e. Ils peuvent facilement r\u00e9server leur propre exp\u00e9rience inoubliable gr\u00e2ce \u00e0 notre calendrier en ligne ! FIGHTER JET EXPERIENCE:F-16, F\/A-18 [&hellip;]<\/p>\n","protected":false},"author":1,"featured_media":65446,"parent":0,"menu_order":0,"comment_status":"closed","ping_status":"closed","template":"elementor_header_footer","meta":{"_bfsim_aircraft_header":"","_bfsim_aircraft_details":"","_bfsim_aircraft_photos":"","footnotes":""},"categories":[242,153],"class_list":["post-9165","page","type-page","status-publish","has-post-thumbnail","hentry","category-gift-vouchers-landing-page-fr","category-gift-voucher-page-fr"],"blocksy_meta":{"styles_descriptor":{"styles":{"desktop":"","tablet":"","mobile":""},"google_fonts":[],"version":6}},"yoast_head":"<!-- This site is optimized with the Yoast SEO Premium plugin v27.2 (Yoast SEO v27.2) - https:\/\/yoast.com\/product\/yoast-seo-premium-wordpress\/ -->\n<title>Cadeau pour une exp\u00e9rience de simulation de vol : Une aventure inoubliable<\/title>\n<meta name=\"description\" content=\"Offrez une exp\u00e9rience de vol inoubliable ! Vouchers pour des simulations de vol sur Boeing 737, F-16, F\/A-18E, ou Beechcraft BE58. L&#039;ultime aventure a\u00e9rienne vous attend.\" \/>\n<meta name=\"robots\" content=\"index, follow, max-snippet:-1, max-image-preview:large, max-video-preview:-1\" \/>\n<link rel=\"canonical\" href=\"https:\/\/bfsimulators.com\/fr\/vouchers\/\" \/>\n<meta property=\"og:locale\" content=\"en_US\" \/>\n<meta property=\"og:type\" content=\"article\" \/>\n<meta property=\"og:title\" content=\"Vouchers\" \/>\n<meta property=\"og:description\" content=\"Offrez une exp\u00e9rience de vol inoubliable ! Vouchers pour des simulations de vol sur Boeing 737, F-16, F\/A-18E, ou Beechcraft BE58. L&#039;ultime aventure a\u00e9rienne vous attend.\" \/>\n<meta property=\"og:url\" content=\"https:\/\/bfsimulators.com\/fr\/vouchers\/\" \/>\n<meta property=\"og:site_name\" content=\"Brussels Flight Simulators\" \/>\n<meta property=\"article:modified_time\" content=\"2025-12-02T07:48:52+00:00\" \/>\n<meta property=\"og:image\" content=\"https:\/\/bfsimulators.com\/wp-content\/uploads\/2023\/05\/B2B-multi-pics.jpg\" \/>\n\t<meta property=\"og:image:width\" content=\"1800\" \/>\n\t<meta property=\"og:image:height\" content=\"1200\" \/>\n\t<meta property=\"og:image:type\" content=\"image\/jpeg\" \/>\n<meta name=\"twitter:card\" content=\"summary_large_image\" \/>\n<meta name=\"twitter:label1\" content=\"Est. reading time\" \/>\n\t<meta name=\"twitter:data1\" content=\"2 minutes\" \/>\n<script type=\"application\/ld+json\" class=\"yoast-schema-graph\">{\"@context\":\"https:\/\/schema.org\",\"@graph\":[{\"@type\":\"WebPage\",\"@id\":\"https:\/\/bfsimulators.com\/fr\/vouchers\/\",\"url\":\"https:\/\/bfsimulators.com\/fr\/vouchers\/\",\"name\":\"Cadeau pour une exp\u00e9rience de simulation de vol : Une aventure inoubliable\",\"isPartOf\":{\"@id\":\"https:\/\/bfsimulators.com\/fr\/#website\"},\"primaryImageOfPage\":{\"@id\":\"https:\/\/bfsimulators.com\/fr\/vouchers\/#primaryimage\"},\"image\":{\"@id\":\"https:\/\/bfsimulators.com\/fr\/vouchers\/#primaryimage\"},\"thumbnailUrl\":\"https:\/\/bfsimulators.com\/wp-content\/uploads\/2023\/05\/B2B-multi-pics.jpg\",\"datePublished\":\"2021-07-10T21:40:39+00:00\",\"dateModified\":\"2025-12-02T07:48:52+00:00\",\"description\":\"Offrez une exp\u00e9rience de vol inoubliable ! Vouchers pour des simulations de vol sur Boeing 737, F-16, F\/A-18E, ou Beechcraft BE58. L'ultime aventure a\u00e9rienne vous attend.\",\"breadcrumb\":{\"@id\":\"https:\/\/bfsimulators.com\/fr\/vouchers\/#breadcrumb\"},\"inLanguage\":\"en-US\",\"potentialAction\":[{\"@type\":\"ReadAction\",\"target\":[\"https:\/\/bfsimulators.com\/fr\/vouchers\/\"]}]},{\"@type\":\"ImageObject\",\"inLanguage\":\"en-US\",\"@id\":\"https:\/\/bfsimulators.com\/fr\/vouchers\/#primaryimage\",\"url\":\"https:\/\/bfsimulators.com\/wp-content\/uploads\/2023\/05\/B2B-multi-pics.jpg\",\"contentUrl\":\"https:\/\/bfsimulators.com\/wp-content\/uploads\/2023\/05\/B2B-multi-pics.jpg\",\"width\":1800,\"height\":1200,\"caption\":\"Une exp\u00e9rience de vol inoubliable\"},{\"@type\":\"BreadcrumbList\",\"@id\":\"https:\/\/bfsimulators.com\/fr\/vouchers\/#breadcrumb\",\"itemListElement\":[{\"@type\":\"ListItem\",\"position\":1,\"name\":\"Home\",\"item\":\"https:\/\/bfsimulators.com\/fr\/home-2\/\"},{\"@type\":\"ListItem\",\"position\":2,\"name\":\"Vouchers\"}]},{\"@type\":\"WebSite\",\"@id\":\"https:\/\/bfsimulators.com\/fr\/#website\",\"url\":\"https:\/\/bfsimulators.com\/fr\/\",\"name\":\"Brussels Flight Simulators\",\"description\":\"Trusted by Pilots, Loved by Enthusiasts\",\"publisher\":{\"@id\":\"https:\/\/bfsimulators.com\/fr\/#organization\"},\"potentialAction\":[{\"@type\":\"SearchAction\",\"target\":{\"@type\":\"EntryPoint\",\"urlTemplate\":\"https:\/\/bfsimulators.com\/fr\/?s={search_term_string}\"},\"query-input\":{\"@type\":\"PropertyValueSpecification\",\"valueRequired\":true,\"valueName\":\"search_term_string\"}}],\"inLanguage\":\"en-US\"},{\"@type\":\"Organization\",\"@id\":\"https:\/\/bfsimulators.com\/fr\/#organization\",\"name\":\"Brussels Flight Simulators\",\"url\":\"https:\/\/bfsimulators.com\/fr\/\",\"logo\":{\"@type\":\"ImageObject\",\"inLanguage\":\"en-US\",\"@id\":\"https:\/\/bfsimulators.com\/fr\/#\/schema\/logo\/image\/\",\"url\":\"https:\/\/bfsimulators.com\/wp-content\/uploads\/2021\/06\/Brussels-Flight-Simulators-LOGO-DEF-MASTER-V3-D-AVION-SOLO-5000x2250-600x300-1-e1624698461157.png\",\"contentUrl\":\"https:\/\/bfsimulators.com\/wp-content\/uploads\/2021\/06\/Brussels-Flight-Simulators-LOGO-DEF-MASTER-V3-D-AVION-SOLO-5000x2250-600x300-1-e1624698461157.png\",\"width\":600,\"height\":198,\"caption\":\"Brussels Flight Simulators\"},\"image\":{\"@id\":\"https:\/\/bfsimulators.com\/fr\/#\/schema\/logo\/image\/\"}}]}<\/script>\n<!-- \/ Yoast SEO Premium plugin. -->","yoast_head_json":{"title":"Cadeau pour une exp\u00e9rience de simulation de vol : Une aventure inoubliable","description":"Offrez une exp\u00e9rience de vol inoubliable ! Vouchers pour des simulations de vol sur Boeing 737, F-16, F\/A-18E, ou Beechcraft BE58. L'ultime aventure a\u00e9rienne vous attend.","robots":{"index":"index","follow":"follow","max-snippet":"max-snippet:-1","max-image-preview":"max-image-preview:large","max-video-preview":"max-video-preview:-1"},"canonical":"https:\/\/bfsimulators.com\/fr\/vouchers\/","og_locale":"en_US","og_type":"article","og_title":"Vouchers","og_description":"Offrez une exp\u00e9rience de vol inoubliable ! Vouchers pour des simulations de vol sur Boeing 737, F-16, F\/A-18E, ou Beechcraft BE58. L'ultime aventure a\u00e9rienne vous attend.","og_url":"https:\/\/bfsimulators.com\/fr\/vouchers\/","og_site_name":"Brussels Flight Simulators","article_modified_time":"2025-12-02T07:48:52+00:00","og_image":[{"width":1800,"height":1200,"url":"https:\/\/bfsimulators.com\/wp-content\/uploads\/2023\/05\/B2B-multi-pics.jpg","type":"image\/jpeg"}],"twitter_card":"summary_large_image","twitter_misc":{"Est. reading time":"2 minutes"},"schema":{"@context":"https:\/\/schema.org","@graph":[{"@type":"WebPage","@id":"https:\/\/bfsimulators.com\/fr\/vouchers\/","url":"https:\/\/bfsimulators.com\/fr\/vouchers\/","name":"Cadeau pour une exp\u00e9rience de simulation de vol : Une aventure inoubliable","isPartOf":{"@id":"https:\/\/bfsimulators.com\/fr\/#website"},"primaryImageOfPage":{"@id":"https:\/\/bfsimulators.com\/fr\/vouchers\/#primaryimage"},"image":{"@id":"https:\/\/bfsimulators.com\/fr\/vouchers\/#primaryimage"},"thumbnailUrl":"https:\/\/bfsimulators.com\/wp-content\/uploads\/2023\/05\/B2B-multi-pics.jpg","datePublished":"2021-07-10T21:40:39+00:00","dateModified":"2025-12-02T07:48:52+00:00","description":"Offrez une exp\u00e9rience de vol inoubliable ! Vouchers pour des simulations de vol sur Boeing 737, F-16, F\/A-18E, ou Beechcraft BE58. L'ultime aventure a\u00e9rienne vous attend.","breadcrumb":{"@id":"https:\/\/bfsimulators.com\/fr\/vouchers\/#breadcrumb"},"inLanguage":"en-US","potentialAction":[{"@type":"ReadAction","target":["https:\/\/bfsimulators.com\/fr\/vouchers\/"]}]},{"@type":"ImageObject","inLanguage":"en-US","@id":"https:\/\/bfsimulators.com\/fr\/vouchers\/#primaryimage","url":"https:\/\/bfsimulators.com\/wp-content\/uploads\/2023\/05\/B2B-multi-pics.jpg","contentUrl":"https:\/\/bfsimulators.com\/wp-content\/uploads\/2023\/05\/B2B-multi-pics.jpg","width":1800,"height":1200,"caption":"Une exp\u00e9rience de vol inoubliable"},{"@type":"BreadcrumbList","@id":"https:\/\/bfsimulators.com\/fr\/vouchers\/#breadcrumb","itemListElement":[{"@type":"ListItem","position":1,"name":"Home","item":"https:\/\/bfsimulators.com\/fr\/home-2\/"},{"@type":"ListItem","position":2,"name":"Vouchers"}]},{"@type":"WebSite","@id":"https:\/\/bfsimulators.com\/fr\/#website","url":"https:\/\/bfsimulators.com\/fr\/","name":"Brussels Flight Simulators","description":"Trusted by Pilots, Loved by Enthusiasts","publisher":{"@id":"https:\/\/bfsimulators.com\/fr\/#organization"},"potentialAction":[{"@type":"SearchAction","target":{"@type":"EntryPoint","urlTemplate":"https:\/\/bfsimulators.com\/fr\/?s={search_term_string}"},"query-input":{"@type":"PropertyValueSpecification","valueRequired":true,"valueName":"search_term_string"}}],"inLanguage":"en-US"},{"@type":"Organization","@id":"https:\/\/bfsimulators.com\/fr\/#organization","name":"Brussels Flight Simulators","url":"https:\/\/bfsimulators.com\/fr\/","logo":{"@type":"ImageObject","inLanguage":"en-US","@id":"https:\/\/bfsimulators.com\/fr\/#\/schema\/logo\/image\/","url":"https:\/\/bfsimulators.com\/wp-content\/uploads\/2021\/06\/Brussels-Flight-Simulators-LOGO-DEF-MASTER-V3-D-AVION-SOLO-5000x2250-600x300-1-e1624698461157.png","contentUrl":"https:\/\/bfsimulators.com\/wp-content\/uploads\/2021\/06\/Brussels-Flight-Simulators-LOGO-DEF-MASTER-V3-D-AVION-SOLO-5000x2250-600x300-1-e1624698461157.png","width":600,"height":198,"caption":"Brussels Flight Simulators"},"image":{"@id":"https:\/\/bfsimulators.com\/fr\/#\/schema\/logo\/image\/"}}]}},"_links":{"self":[{"href":"https:\/\/bfsimulators.com\/fr\/wp-json\/wp\/v2\/pages\/9165","targetHints":{"allow":["GET"]}}],"collection":[{"href":"https:\/\/bfsimulators.com\/fr\/wp-json\/wp\/v2\/pages"}],"about":[{"href":"https:\/\/bfsimulators.com\/fr\/wp-json\/wp\/v2\/types\/page"}],"author":[{"embeddable":true,"href":"https:\/\/bfsimulators.com\/fr\/wp-json\/wp\/v2\/users\/1"}],"replies":[{"embeddable":true,"href":"https:\/\/bfsimulators.com\/fr\/wp-json\/wp\/v2\/comments?post=9165"}],"version-history":[{"count":39,"href":"https:\/\/bfsimulators.com\/fr\/wp-json\/wp\/v2\/pages\/9165\/revisions"}],"predecessor-version":[{"id":89683,"href":"https:\/\/bfsimulators.com\/fr\/wp-json\/wp\/v2\/pages\/9165\/revisions\/89683"}],"wp:featuredmedia":[{"embeddable":true,"href":"https:\/\/bfsimulators.com\/fr\/wp-json\/wp\/v2\/media\/65446"}],"wp:attachment":[{"href":"https:\/\/bfsimulators.com\/fr\/wp-json\/wp\/v2\/media?parent=9165"}],"wp:term":[{"taxonomy":"category","embeddable":true,"href":"https:\/\/bfsimulators.com\/fr\/wp-json\/wp\/v2\/categories?post=9165"}],"curies":[{"name":"wp","href":"https:\/\/api.w.org\/{rel}","templated":true}]}}