{"id":9156,"date":"2021-07-10T23:36:12","date_gmt":"2021-07-10T21:36:12","guid":{"rendered":"https:\/\/bfsimulators.com\/fun-flight\/"},"modified":"2024-11-29T23:17:46","modified_gmt":"2024-11-29T22:17:46","slug":"fun-flight","status":"publish","type":"page","link":"https:\/\/bfsimulators.com\/fr\/fun-flight\/","title":{"rendered":"Fun Flight"},"content":{"rendered":"\t\t<div data-elementor-type=\"wp-page\" data-elementor-id=\"9156\" class=\"elementor elementor-9156 elementor-3834\" data-elementor-post-type=\"page\">\n\t\t\t\t\t\t<section class=\"elementor-section elementor-top-section elementor-element elementor-element-0bab537 ct-section-stretched elementor-section-boxed elementor-section-height-default elementor-section-height-default\" data-id=\"0bab537\" data-element_type=\"section\" data-e-type=\"section\">\n\t\t\t\t\t\t<div class=\"elementor-container elementor-column-gap-wide\">\n\t\t\t\t\t<div class=\"elementor-column elementor-col-100 elementor-top-column elementor-element elementor-element-e53b466\" data-id=\"e53b466\" data-element_type=\"column\" data-e-type=\"column\">\n\t\t\t<div class=\"elementor-widget-wrap elementor-element-populated\">\n\t\t\t\t\t\t<section class=\"elementor-section elementor-inner-section elementor-element elementor-element-be170e4 main-product-page-section-single-col elementor-section-boxed elementor-section-height-default elementor-section-height-default\" data-id=\"be170e4\" data-element_type=\"section\" data-e-type=\"section\">\n\t\t\t\t\t\t<div class=\"elementor-container elementor-column-gap-default\">\n\t\t\t\t\t<div class=\"elementor-column elementor-col-100 elementor-inner-column elementor-element elementor-element-cb7d411\" data-id=\"cb7d411\" data-element_type=\"column\" data-e-type=\"column\">\n\t\t\t<div class=\"elementor-widget-wrap elementor-element-populated\">\n\t\t\t\t\t\t<div class=\"elementor-element elementor-element-1d04d0e elementor-widget elementor-widget-heading\" data-id=\"1d04d0e\" data-element_type=\"widget\" data-e-type=\"widget\" data-widget_type=\"heading.default\">\n\t\t\t\t<div class=\"elementor-widget-container\">\n\t\t\t\t\t<h1 class=\"elementor-heading-title elementor-size-default\">CHOISISSEZ VOTRE SIMULATEUR DE VOL ET RESERVEZ !<\/h1>\t\t\t\t<\/div>\n\t\t\t\t<\/div>\n\t\t\t\t\t<\/div>\n\t\t<\/div>\n\t\t\t\t\t<\/div>\n\t\t<\/section>\n\t\t\t\t<section class=\"elementor-section elementor-inner-section elementor-element elementor-element-2001bda main-product-page-section-single-col elementor-section-boxed elementor-section-height-default elementor-section-height-default\" data-id=\"2001bda\" data-element_type=\"section\" data-e-type=\"section\">\n\t\t\t\t\t\t<div class=\"elementor-container elementor-column-gap-default\">\n\t\t\t\t\t<div class=\"elementor-column elementor-col-33 elementor-inner-column elementor-element elementor-element-7764bc9\" data-id=\"7764bc9\" data-element_type=\"column\" data-e-type=\"column\">\n\t\t\t<div class=\"elementor-widget-wrap elementor-element-populated\">\n\t\t\t\t\t\t<div class=\"elementor-element elementor-element-33dd65b elementor-cta--valign-top elementor-cta--layout-image-above go-to-session-config-btn elementor-cta--skin-classic elementor-animated-content elementor-bg-transform elementor-bg-transform-zoom-in elementor-widget elementor-widget-call-to-action\" data-id=\"33dd65b\" data-element_type=\"widget\" data-e-type=\"widget\" id=\"go-to-fighters-session-config\" sim=\"fighters\" data-widget_type=\"call-to-action.default\">\n\t\t\t\t<div class=\"elementor-widget-container\">\n\t\t\t\t\t\t\t<a class=\"elementor-cta\" href=\"#\">\n\t\t\t\t\t<div class=\"elementor-cta__bg-wrapper\">\n\t\t\t\t<div class=\"elementor-cta__bg elementor-bg\" style=\"background-image: url(https:\/\/bfsimulators.com\/wp-content\/uploads\/2021\/04\/F18-Chloe-Louis-smaile-600x337.jpg);\" role=\"img\" aria-label=\"F18 Chlo\u00e9 Louis smaile\"><\/div>\n\t\t\t\t<div class=\"elementor-cta__bg-overlay\"><\/div>\n\t\t\t<\/div>\n\t\t\t\t\t\t\t<div class=\"elementor-cta__content\">\n\t\t\t\t\n\t\t\t\t\t\t\t\t\t<h2 class=\"elementor-cta__title elementor-cta__content-item elementor-content-item\">\n\t\t\t\t\t\tPilotez un avion de chasse :<br>F-16, F-18 ou LES DEUX !\t\t\t\t\t<\/h2>\n\t\t\t\t\n\t\t\t\t\t\t\t\t\t<div class=\"elementor-cta__description elementor-cta__content-item elementor-content-item\">\n\t\t\t\t\t\t<p>Envie de jouer, de vivre une exp\u00e9rience immersive folle et d'avoir <strong>la chair de poule<\/strong>, seul ou entre amis, dans un environnement ultra r\u00e9aliste ?<br \/>Nos combattants vous attendent. N'h\u00e9sitez pas :<br \/>R\u00e9servez d\u00e8s maintenant !<br \/><strong>Id\u00e9al pour 1 ou 2 participants<\/strong> .<\/p>\n\t\t\t\t\t<\/div>\n\t\t\t\t\n\t\t\t\t\t\t\t<\/div>\n\t\t\t\t\t\t\t<div class=\"elementor-ribbon elementor-ribbon-left\">\n\t\t\t\t<div class=\"elementor-ribbon-inner\">\n\t\t\t\t\tNOUVEAU<br>En Belgique\t\t\t\t<\/div>\n\t\t\t<\/div>\n\t\t\t\t<\/a>\n\t\t\t\t\t\t<\/div>\n\t\t\t\t<\/div>\n\t\t\t\t\t<\/div>\n\t\t<\/div>\n\t\t\t\t<div class=\"elementor-column elementor-col-33 elementor-inner-column elementor-element elementor-element-f8f2515\" data-id=\"f8f2515\" data-element_type=\"column\" data-e-type=\"column\">\n\t\t\t<div class=\"elementor-widget-wrap elementor-element-populated\">\n\t\t\t\t\t\t<div class=\"elementor-element elementor-element-27830a6 elementor-cta--valign-top elementor-cta--layout-image-above go-to-session-config-btn elementor-cta--skin-classic elementor-animated-content elementor-bg-transform elementor-bg-transform-zoom-in elementor-widget elementor-widget-call-to-action\" data-id=\"27830a6\" data-element_type=\"widget\" data-e-type=\"widget\" id=\"go-to-b737-session-config\" sim=\"b737\" data-widget_type=\"call-to-action.default\">\n\t\t\t\t<div class=\"elementor-widget-container\">\n\t\t\t\t\t\t\t<a class=\"elementor-cta\" href=\"#\">\n\t\t\t\t\t<div class=\"elementor-cta__bg-wrapper\">\n\t\t\t\t<div class=\"elementor-cta__bg elementor-bg\" style=\"background-image: url(https:\/\/bfsimulators.com\/wp-content\/uploads\/2021\/02\/B737-Kim-Gad-smile-1024x576.jpg);\" role=\"img\" aria-label=\"B737 - Kim &amp; Gad smile\"><\/div>\n\t\t\t\t<div class=\"elementor-cta__bg-overlay\"><\/div>\n\t\t\t<\/div>\n\t\t\t\t\t\t\t<div class=\"elementor-cta__content\">\n\t\t\t\t\n\t\t\t\t\t\t\t\t\t<h2 class=\"elementor-cta__title elementor-cta__content-item elementor-content-item\">\n\t\t\t\t\t\tPRENEZ LES COMMANDES D'UN BOEING 737!\t\t\t\t\t<\/h2>\n\t\t\t\t\n\t\t\t\t\t\t\t\t\t<div class=\"elementor-cta__description elementor-cta__content-item elementor-content-item\">\n\t\t\t\t\t\t<p>Une <strong>exp\u00e9rience<\/strong> incroyable et <strong>totalement immersive \u00e0 360\u00b0<\/strong>, donnant l'impression d'\u00eatre r\u00e9ellement en vol gr\u00e2ce \u00e0 un syst\u00e8me visuel unique reproduisant fid\u00e8lement les paysages, les mouvements, la m\u00e9t\u00e9o, le trafic, etc.<br \/><strong>Jusqu'\u00e0 8 participants<\/strong>!<\/p>\n\t\t\t\t\t<\/div>\n\t\t\t\t\n\t\t\t\t\t\t\t<\/div>\n\t\t\t\t\t\t<\/a>\n\t\t\t\t\t\t<\/div>\n\t\t\t\t<\/div>\n\t\t\t\t\t<\/div>\n\t\t<\/div>\n\t\t\t\t<div class=\"elementor-column elementor-col-33 elementor-inner-column elementor-element elementor-element-70e5708\" data-id=\"70e5708\" data-element_type=\"column\" data-e-type=\"column\">\n\t\t\t<div class=\"elementor-widget-wrap elementor-element-populated\">\n\t\t\t\t\t\t<div class=\"elementor-element elementor-element-23d1119 elementor-cta--valign-top elementor-cta--layout-image-above go-to-session-config-btn elementor-cta--skin-classic elementor-animated-content elementor-bg-transform elementor-bg-transform-zoom-in elementor-widget elementor-widget-call-to-action\" data-id=\"23d1119\" data-element_type=\"widget\" data-e-type=\"widget\" id=\"go-to-be58-session-config\" sim=\"c172\" data-widget_type=\"call-to-action.default\">\n\t\t\t\t<div class=\"elementor-widget-container\">\n\t\t\t\t\t\t\t<a class=\"elementor-cta\" href=\"#\">\n\t\t\t\t\t<div class=\"elementor-cta__bg-wrapper\">\n\t\t\t\t<div class=\"elementor-cta__bg elementor-bg\" style=\"background-image: url(https:\/\/bfsimulators.com\/wp-content\/uploads\/2022\/11\/Comp-BrusselsFlightSimulators-27-600x401.jpg);\" role=\"img\" aria-label=\"Comp-BrusselsFlightSimulators-27\"><\/div>\n\t\t\t\t<div class=\"elementor-cta__bg-overlay\"><\/div>\n\t\t\t<\/div>\n\t\t\t\t\t\t\t<div class=\"elementor-cta__content\">\n\t\t\t\t\n\t\t\t\t\t\t\t\t\t<h2 class=\"elementor-cta__title elementor-cta__content-item elementor-content-item\">\n\t\t\t\t\t\tPILOTEZ UN BEECHCRAFT BE58\t\t\t\t\t<\/h2>\n\t\t\t\t\n\t\t\t\t\t\t\t\t\t<div class=\"elementor-cta__description elementor-cta__content-item elementor-content-item\">\n\t\t\t\t\t\t<p>D\u00e9collez de n'importe o\u00f9 dans le monde, par n'importe quel temps, avec un Beechcraft Baron 58 ou un Cessna C172 - deux des avions l\u00e9gers les plus populaires ! Initiation au vol, tourisme, voltige, vol d'agr\u00e9ment ou formation PPL VFR\/IFR.<br \/><strong>Id\u00e9al pour 1 ou 2 participants<\/strong> .<\/p>\n\t\t\t\t\t<\/div>\n\t\t\t\t\n\t\t\t\t\t\t\t<\/div>\n\t\t\t\t\t\t<\/a>\n\t\t\t\t\t\t<\/div>\n\t\t\t\t<\/div>\n\t\t\t\t\t<\/div>\n\t\t<\/div>\n\t\t\t\t\t<\/div>\n\t\t<\/section>\n\t\t\t\t<section class=\"elementor-section elementor-inner-section elementor-element elementor-element-697b0c1 main-product-page-section-single-col elementor-section-boxed elementor-section-height-default elementor-section-height-default\" data-id=\"697b0c1\" data-element_type=\"section\" data-e-type=\"section\">\n\t\t\t\t\t\t<div class=\"elementor-container elementor-column-gap-default\">\n\t\t\t\t\t<div class=\"elementor-column elementor-col-100 elementor-inner-column elementor-element elementor-element-496ab19\" data-id=\"496ab19\" data-element_type=\"column\" data-e-type=\"column\">\n\t\t\t<div class=\"elementor-widget-wrap elementor-element-populated\">\n\t\t\t\t\t\t<div class=\"elementor-element elementor-element-84f1c55 elementor-widget elementor-widget-shortcode\" data-id=\"84f1c55\" data-element_type=\"widget\" data-e-type=\"widget\" data-widget_type=\"shortcode.default\">\n\t\t\t\t<div class=\"elementor-widget-container\">\n\t\t\t\t\t\t\t<div class=\"elementor-shortcode\"><div data-src=\"https:\/\/cdn.trustindex.io\/loader.js?b5713a31915447881286edbfe5c\"><\/div><\/div>\n\t\t\t\t\t\t<\/div>\n\t\t\t\t<\/div>\n\t\t\t\t\t<\/div>\n\t\t<\/div>\n\t\t\t\t\t<\/div>\n\t\t<\/section>\n\t\t\t\t<section class=\"elementor-section elementor-inner-section elementor-element elementor-element-95ad7ec elementor-section-boxed elementor-section-height-default elementor-section-height-default\" data-id=\"95ad7ec\" data-element_type=\"section\" data-e-type=\"section\">\n\t\t\t\t\t\t<div class=\"elementor-container elementor-column-gap-default\">\n\t\t\t\t\t<div class=\"elementor-column elementor-col-100 elementor-inner-column elementor-element elementor-element-b2fa2dd\" data-id=\"b2fa2dd\" data-element_type=\"column\" data-e-type=\"column\">\n\t\t\t<div class=\"elementor-widget-wrap elementor-element-populated\">\n\t\t\t\t\t\t<div class=\"elementor-element elementor-element-097bc88 elementor-align-justify elementor-widget elementor-widget-button\" data-id=\"097bc88\" data-element_type=\"widget\" data-e-type=\"widget\" data-widget_type=\"button.default\">\n\t\t\t\t<div class=\"elementor-widget-container\">\n\t\t\t\t\t\t\t\t\t<div class=\"elementor-button-wrapper\">\n\t\t\t\t\t<a class=\"elementor-button elementor-button-link elementor-size-sm elementor-animation-pop\" href=\"https:\/\/bfsimulators.com\/fr\/vouchers\/\">\n\t\t\t\t\t\t<span class=\"elementor-button-content-wrapper\">\n\t\t\t\t\t\t\t\t\t<span class=\"elementor-button-text\">CLIQUEZ ICI SI VOUS PR\u00c9F\u00c9REZ OFFRIR CE PRODUIT EN CADEAU !<\/span>\n\t\t\t\t\t<\/span>\n\t\t\t\t\t<\/a>\n\t\t\t\t<\/div>\n\t\t\t\t\t\t\t\t<\/div>\n\t\t\t\t<\/div>\n\t\t\t\t\t<\/div>\n\t\t<\/div>\n\t\t\t\t\t<\/div>\n\t\t<\/section>\n\t\t\t\t\t<\/div>\n\t\t<\/div>\n\t\t\t\t\t<\/div>\n\t\t<\/section>\n\t\t\t\t<\/div>\n\t\t","protected":false},"excerpt":{"rendered":"<p>CHOISISSEZ VOTRE SIMULATEUR DE VOL ET RESERVEZ ! Pilotez un avion de chasse :F-16, F-18 ou LES DEUX ! Envie de jouer, de vivre une exp\u00e9rience immersive folle et d&#8217;avoir la chair de poule, seul ou entre amis, dans un environnement ultra r\u00e9aliste ?Nos combattants vous attendent. N&#8217;h\u00e9sitez pas :R\u00e9servez d\u00e8s maintenant !Id\u00e9al pour 1 [&hellip;]<\/p>\n","protected":false},"author":1,"featured_media":0,"parent":0,"menu_order":0,"comment_status":"closed","ping_status":"closed","template":"elementor_header_footer","meta":{"_bfsim_aircraft_header":"","_bfsim_aircraft_details":"","_bfsim_aircraft_photos":"","footnotes":""},"categories":[227],"class_list":["post-9156","page","type-page","status-publish","hentry","category-funflight-landing-page-fr"],"blocksy_meta":{"styles_descriptor":{"styles":{"desktop":"","tablet":"","mobile":""},"google_fonts":[],"version":6}},"yoast_head":"<!-- This site is optimized with the Yoast SEO Premium plugin v27.2 (Yoast SEO v27.2) - https:\/\/yoast.com\/product\/yoast-seo-premium-wordpress\/ -->\n<title>Fun Flight - Brussels Flight Simulators<\/title>\n<meta name=\"robots\" content=\"index, follow, max-snippet:-1, max-image-preview:large, max-video-preview:-1\" \/>\n<link rel=\"canonical\" href=\"https:\/\/bfsimulators.com\/fr\/fun-flight\/\" \/>\n<meta property=\"og:locale\" content=\"en_US\" \/>\n<meta property=\"og:type\" content=\"article\" \/>\n<meta property=\"og:title\" content=\"Fun Flight\" \/>\n<meta property=\"og:description\" content=\"CHOISISSEZ VOTRE SIMULATEUR DE VOL ET RESERVEZ ! Pilotez un avion de chasse :F-16, F-18 ou LES DEUX ! Envie de jouer, de vivre une exp\u00e9rience immersive folle et d&#8217;avoir la chair de poule, seul ou entre amis, dans un environnement ultra r\u00e9aliste ?Nos combattants vous attendent. N&#8217;h\u00e9sitez pas :R\u00e9servez d\u00e8s maintenant !Id\u00e9al pour 1 [&hellip;]\" \/>\n<meta property=\"og:url\" content=\"https:\/\/bfsimulators.com\/fr\/fun-flight\/\" \/>\n<meta property=\"og:site_name\" content=\"Brussels Flight Simulators\" \/>\n<meta property=\"article:modified_time\" content=\"2024-11-29T22:17:46+00:00\" \/>\n<meta name=\"twitter:card\" content=\"summary_large_image\" \/>\n<meta name=\"twitter:label1\" content=\"Est. reading time\" \/>\n\t<meta name=\"twitter:data1\" content=\"2 minutes\" \/>\n<script type=\"application\/ld+json\" class=\"yoast-schema-graph\">{\"@context\":\"https:\/\/schema.org\",\"@graph\":[{\"@type\":\"WebPage\",\"@id\":\"https:\/\/bfsimulators.com\/fr\/fun-flight\/\",\"url\":\"https:\/\/bfsimulators.com\/fr\/fun-flight\/\",\"name\":\"Fun Flight - Brussels Flight Simulators\",\"isPartOf\":{\"@id\":\"https:\/\/bfsimulators.com\/fr\/#website\"},\"datePublished\":\"2021-07-10T21:36:12+00:00\",\"dateModified\":\"2024-11-29T22:17:46+00:00\",\"breadcrumb\":{\"@id\":\"https:\/\/bfsimulators.com\/fr\/fun-flight\/#breadcrumb\"},\"inLanguage\":\"en-US\",\"potentialAction\":[{\"@type\":\"ReadAction\",\"target\":[\"https:\/\/bfsimulators.com\/fr\/fun-flight\/\"]}]},{\"@type\":\"BreadcrumbList\",\"@id\":\"https:\/\/bfsimulators.com\/fr\/fun-flight\/#breadcrumb\",\"itemListElement\":[{\"@type\":\"ListItem\",\"position\":1,\"name\":\"Home\",\"item\":\"https:\/\/bfsimulators.com\/fr\/home-2\/\"},{\"@type\":\"ListItem\",\"position\":2,\"name\":\"Fun Flight\"}]},{\"@type\":\"WebSite\",\"@id\":\"https:\/\/bfsimulators.com\/fr\/#website\",\"url\":\"https:\/\/bfsimulators.com\/fr\/\",\"name\":\"Brussels Flight Simulators\",\"description\":\"Trusted by Pilots, Loved by Enthusiasts\",\"publisher\":{\"@id\":\"https:\/\/bfsimulators.com\/fr\/#organization\"},\"potentialAction\":[{\"@type\":\"SearchAction\",\"target\":{\"@type\":\"EntryPoint\",\"urlTemplate\":\"https:\/\/bfsimulators.com\/fr\/?s={search_term_string}\"},\"query-input\":{\"@type\":\"PropertyValueSpecification\",\"valueRequired\":true,\"valueName\":\"search_term_string\"}}],\"inLanguage\":\"en-US\"},{\"@type\":\"Organization\",\"@id\":\"https:\/\/bfsimulators.com\/fr\/#organization\",\"name\":\"Brussels Flight Simulators\",\"url\":\"https:\/\/bfsimulators.com\/fr\/\",\"logo\":{\"@type\":\"ImageObject\",\"inLanguage\":\"en-US\",\"@id\":\"https:\/\/bfsimulators.com\/fr\/#\/schema\/logo\/image\/\",\"url\":\"https:\/\/bfsimulators.com\/wp-content\/uploads\/2021\/06\/Brussels-Flight-Simulators-LOGO-DEF-MASTER-V3-D-AVION-SOLO-5000x2250-600x300-1-e1624698461157.png\",\"contentUrl\":\"https:\/\/bfsimulators.com\/wp-content\/uploads\/2021\/06\/Brussels-Flight-Simulators-LOGO-DEF-MASTER-V3-D-AVION-SOLO-5000x2250-600x300-1-e1624698461157.png\",\"width\":600,\"height\":198,\"caption\":\"Brussels Flight Simulators\"},\"image\":{\"@id\":\"https:\/\/bfsimulators.com\/fr\/#\/schema\/logo\/image\/\"}}]}<\/script>\n<!-- \/ Yoast SEO Premium plugin. -->","yoast_head_json":{"title":"Fun Flight - Brussels Flight Simulators","robots":{"index":"index","follow":"follow","max-snippet":"max-snippet:-1","max-image-preview":"max-image-preview:large","max-video-preview":"max-video-preview:-1"},"canonical":"https:\/\/bfsimulators.com\/fr\/fun-flight\/","og_locale":"en_US","og_type":"article","og_title":"Fun Flight","og_description":"CHOISISSEZ VOTRE SIMULATEUR DE VOL ET RESERVEZ ! Pilotez un avion de chasse :F-16, F-18 ou LES DEUX ! Envie de jouer, de vivre une exp\u00e9rience immersive folle et d&#8217;avoir la chair de poule, seul ou entre amis, dans un environnement ultra r\u00e9aliste ?Nos combattants vous attendent. N&#8217;h\u00e9sitez pas :R\u00e9servez d\u00e8s maintenant !Id\u00e9al pour 1 [&hellip;]","og_url":"https:\/\/bfsimulators.com\/fr\/fun-flight\/","og_site_name":"Brussels Flight Simulators","article_modified_time":"2024-11-29T22:17:46+00:00","twitter_card":"summary_large_image","twitter_misc":{"Est. reading time":"2 minutes"},"schema":{"@context":"https:\/\/schema.org","@graph":[{"@type":"WebPage","@id":"https:\/\/bfsimulators.com\/fr\/fun-flight\/","url":"https:\/\/bfsimulators.com\/fr\/fun-flight\/","name":"Fun Flight - Brussels Flight Simulators","isPartOf":{"@id":"https:\/\/bfsimulators.com\/fr\/#website"},"datePublished":"2021-07-10T21:36:12+00:00","dateModified":"2024-11-29T22:17:46+00:00","breadcrumb":{"@id":"https:\/\/bfsimulators.com\/fr\/fun-flight\/#breadcrumb"},"inLanguage":"en-US","potentialAction":[{"@type":"ReadAction","target":["https:\/\/bfsimulators.com\/fr\/fun-flight\/"]}]},{"@type":"BreadcrumbList","@id":"https:\/\/bfsimulators.com\/fr\/fun-flight\/#breadcrumb","itemListElement":[{"@type":"ListItem","position":1,"name":"Home","item":"https:\/\/bfsimulators.com\/fr\/home-2\/"},{"@type":"ListItem","position":2,"name":"Fun Flight"}]},{"@type":"WebSite","@id":"https:\/\/bfsimulators.com\/fr\/#website","url":"https:\/\/bfsimulators.com\/fr\/","name":"Brussels Flight Simulators","description":"Trusted by Pilots, Loved by Enthusiasts","publisher":{"@id":"https:\/\/bfsimulators.com\/fr\/#organization"},"potentialAction":[{"@type":"SearchAction","target":{"@type":"EntryPoint","urlTemplate":"https:\/\/bfsimulators.com\/fr\/?s={search_term_string}"},"query-input":{"@type":"PropertyValueSpecification","valueRequired":true,"valueName":"search_term_string"}}],"inLanguage":"en-US"},{"@type":"Organization","@id":"https:\/\/bfsimulators.com\/fr\/#organization","name":"Brussels Flight Simulators","url":"https:\/\/bfsimulators.com\/fr\/","logo":{"@type":"ImageObject","inLanguage":"en-US","@id":"https:\/\/bfsimulators.com\/fr\/#\/schema\/logo\/image\/","url":"https:\/\/bfsimulators.com\/wp-content\/uploads\/2021\/06\/Brussels-Flight-Simulators-LOGO-DEF-MASTER-V3-D-AVION-SOLO-5000x2250-600x300-1-e1624698461157.png","contentUrl":"https:\/\/bfsimulators.com\/wp-content\/uploads\/2021\/06\/Brussels-Flight-Simulators-LOGO-DEF-MASTER-V3-D-AVION-SOLO-5000x2250-600x300-1-e1624698461157.png","width":600,"height":198,"caption":"Brussels Flight Simulators"},"image":{"@id":"https:\/\/bfsimulators.com\/fr\/#\/schema\/logo\/image\/"}}]}},"_links":{"self":[{"href":"https:\/\/bfsimulators.com\/fr\/wp-json\/wp\/v2\/pages\/9156","targetHints":{"allow":["GET"]}}],"collection":[{"href":"https:\/\/bfsimulators.com\/fr\/wp-json\/wp\/v2\/pages"}],"about":[{"href":"https:\/\/bfsimulators.com\/fr\/wp-json\/wp\/v2\/types\/page"}],"author":[{"embeddable":true,"href":"https:\/\/bfsimulators.com\/fr\/wp-json\/wp\/v2\/users\/1"}],"replies":[{"embeddable":true,"href":"https:\/\/bfsimulators.com\/fr\/wp-json\/wp\/v2\/comments?post=9156"}],"version-history":[{"count":42,"href":"https:\/\/bfsimulators.com\/fr\/wp-json\/wp\/v2\/pages\/9156\/revisions"}],"predecessor-version":[{"id":76121,"href":"https:\/\/bfsimulators.com\/fr\/wp-json\/wp\/v2\/pages\/9156\/revisions\/76121"}],"wp:attachment":[{"href":"https:\/\/bfsimulators.com\/fr\/wp-json\/wp\/v2\/media?parent=9156"}],"wp:term":[{"taxonomy":"category","embeddable":true,"href":"https:\/\/bfsimulators.com\/fr\/wp-json\/wp\/v2\/categories?post=9156"}],"curies":[{"name":"wp","href":"https:\/\/api.w.org\/{rel}","templated":true}]}}