{"id":10400,"date":"2021-07-24T20:06:36","date_gmt":"2021-07-24T18:06:36","guid":{"rendered":"https:\/\/bfsimulators.com\/politique-de-cookies-de-bfsimulators-com\/"},"modified":"2026-02-16T11:05:56","modified_gmt":"2026-02-16T10:05:56","slug":"politique-de-cookies-de-bfsimulators-com","status":"publish","type":"page","link":"https:\/\/bfsimulators.com\/fr\/politique-de-cookies-de-bfsimulators-com\/","title":{"rendered":"Politique de cookies de bfsimulators.com"},"content":{"rendered":"\t\t<div data-elementor-type=\"wp-page\" data-elementor-id=\"10400\" class=\"elementor elementor-10400 elementor-3283\" data-elementor-post-type=\"page\">\n\t\t\t\t\t\t<section class=\"elementor-section elementor-top-section elementor-element elementor-element-519b3a35 elementor-section-boxed elementor-section-height-default elementor-section-height-default\" data-id=\"519b3a35\" data-element_type=\"section\" data-e-type=\"section\">\n\t\t\t\t\t\t<div class=\"elementor-container elementor-column-gap-default\">\n\t\t\t\t\t<div class=\"elementor-column elementor-col-100 elementor-top-column elementor-element elementor-element-72d7f343\" data-id=\"72d7f343\" data-element_type=\"column\" data-e-type=\"column\" data-settings=\"{&quot;background_background&quot;:&quot;classic&quot;}\">\n\t\t\t<div class=\"elementor-widget-wrap elementor-element-populated\">\n\t\t\t\t\t\t<div class=\"elementor-element elementor-element-6905bf80 elementor-widget elementor-widget-text-editor\" data-id=\"6905bf80\" data-element_type=\"widget\" data-e-type=\"widget\" data-widget_type=\"text-editor.default\">\n\t\t\t\t<div class=\"elementor-widget-container\">\n\t\t\t\t\t\t\t\t\t\n<h2>Cookies BFSIM<\/h2>\n\n<p>Ce site<strong> https:\/\/bfsimulators.com<\/strong> (le &#8220;Site Web&#8221;), est exploit\u00e9 par Brussels Flight Simulators srl, Zaventem, Belgique.<\/p>\n\n<h3>Que sont les cookies ?<\/h3>\n\n<p>Les cookies sont de petits fichiers texte stock\u00e9s dans votre navigateur Web qui permettent \u00e0 bfsimulators.com ou \u00e0 un tiers de vous reconna\u00eetre. Les cookies peuvent \u00eatre utilis\u00e9s pour collecter, stocker et partager des informations sur vos activit\u00e9s sur des sites Web, y compris sur le site Web bfsimulators.com.<\/p>\n\n<p>Les cookies peuvent \u00eatre utilis\u00e9s aux fins suivantes :<\/p>\n\n<ul>\n<li>Pour activer les fonctionnalit\u00e9s du site Web<\/li>\n<li>Pour fournir des analyses<\/li>\n<li>Pour stocker vos pr\u00e9f\u00e9rences<\/li>\n<li>Pour activer la diffusion d&#8217;annonces et la publicit\u00e9 comportementale<\/li>\n<\/ul>\n\n<p>bfsimulators.com utilise \u00e0 la fois des cookies de session et des cookies persistants.<\/p>\n\n<p>Un cookie de session est utilis\u00e9 pour identifier une visite particuli\u00e8re sur notre site Web. Ces cookies expirent apr\u00e8s une courte p\u00e9riode ou lorsque vous fermez votre navigateur Web apr\u00e8s avoir utilis\u00e9 notre site Web. Nous utilisons ces cookies pour vous identifier au cours d&#8217;une seule session de navigation, par exemple lorsque vous vous connectez \u00e0 notre site Web. C&#8217;est le seul moyen de rester connect\u00e9. Les cookies de session font \u00e9galement partie de nos fonctions de r\u00e9servation et d&#8217;achat. Le site Web ne peut pas fonctionner sans ces cookies.<\/p>\n\n<p>Un cookie persistant restera sur vos appareils pendant une dur\u00e9e d\u00e9finie sp\u00e9cifi\u00e9e dans le cookie. Nous utilisons ces cookies pour vous identifier lorsque vous revenez, par exemple pour terminer une r\u00e9servation que vous avez commenc\u00e9e plus t\u00f4t. Ou, un autre exemple, nous utiliserions un cookie persistant si vous nous demandiez de rester connect\u00e9 pour votre prochaine visite.<\/p>\n\n<h3>Comment les tiers utilisent-ils les cookies sur le site bfsimulators.com ?<\/h3>\n\n<p>Des soci\u00e9t\u00e9s tierces telles que des soci\u00e9t\u00e9s d&#8217;analyse et des r\u00e9seaux publicitaires utilisent des cookies pour collecter des informations sur les utilisateurs de mani\u00e8re anonyme. Ils peuvent utiliser ces informations pour cr\u00e9er un profil de vos activit\u00e9s sur le site Web bfsimulators.com et d&#8217;autres sites Web que vous avez visit\u00e9s.<strong> Nous n&#8217;utilisons pas de cookies tiers<\/strong>, \u00e0 l&#8217;exception de nos propres analyses.<\/p>\n\n<h3>Quelles sont vos options de cookies ?<\/h3>\n\n<p>Si vous n&#8217;aimez pas l&#8217;id\u00e9e des cookies ou de certains types de cookies, vous pouvez modifier les param\u00e8tres de votre navigateur pour supprimer les cookies d\u00e9j\u00e0 d\u00e9finis et ne pas accepter de nouveaux cookies. Pour en savoir plus sur la fa\u00e7on de proc\u00e9der, visitez les pages d&#8217;aide de votre navigateur.<\/p>\n\n<p>Veuillez toutefois noter que si vous supprimez les cookies ou ne les acceptez pas, vous ne pourrez pas utiliser toutes les fonctionnalit\u00e9s que nous proposons, vous ne pourrez pas stocker vos pr\u00e9f\u00e9rences et certaines de nos pages ne s&#8217;afficheront pas correctement. Vous ne pourrez pas acc\u00e9der \u00e0 votre historique d&#8217;achats, \u00e0 vos r\u00e9servations pr\u00e9c\u00e9dentes, etc.<\/p>\n\n<p>Si vous n&#8217;acceptez pas les cookies, veuillez<a href=\"https:\/\/bfsimulators.com\/fr\/nous-contacter\/\" target=\"_blank\" rel=\"noopener\"> Nous contacter<\/a> pour r\u00e9server une s\u00e9ance ou acheter un voucher.<\/p>\n\n<h3>O\u00f9 puis-je trouver plus d&#8217;informations sur les cookies ?<\/h3>\n\n<p>Pour en savoir plus sur les cookies, vous pouvez<a href=\"https:\/\/en.wikipedia.org\/wiki\/HTTP_cookie\" data-type=\"URL\" data-id=\"https:\/\/en.wikipedia.org\/wiki\/HTTP_cookie\"> lire ici que sont les cookies<\/a> .<\/p>\n\t\t\t\t\t\t\t\t<\/div>\n\t\t\t\t<\/div>\n\t\t\t\t\t<\/div>\n\t\t<\/div>\n\t\t\t\t\t<\/div>\n\t\t<\/section>\n\t\t\t\t<\/div>\n\t\t","protected":false},"excerpt":{"rendered":"<p>Cookies BFSIM Ce site https:\/\/bfsimulators.com (le &#8220;Site Web&#8221;), est exploit\u00e9 par Brussels Flight Simulators srl, Zaventem, Belgique. Que sont les cookies ? Les cookies sont de petits fichiers texte stock\u00e9s dans votre navigateur Web qui permettent \u00e0 bfsimulators.com ou \u00e0 un tiers de vous reconna\u00eetre. Les cookies peuvent \u00eatre utilis\u00e9s pour collecter, stocker et partager [&hellip;]<\/p>\n","protected":false},"author":1,"featured_media":0,"parent":0,"menu_order":0,"comment_status":"closed","ping_status":"closed","template":"elementor_theme","meta":{"_bfsim_aircraft_header":"","_bfsim_aircraft_details":"","_bfsim_aircraft_photos":"","footnotes":""},"categories":[],"class_list":["post-10400","page","type-page","status-publish","hentry"],"blocksy_meta":{"styles_descriptor":{"styles":{"desktop":"","tablet":"","mobile":""},"google_fonts":[],"version":6}},"yoast_head":"<!-- This site is optimized with the Yoast SEO Premium plugin v27.2 (Yoast SEO v27.2) - https:\/\/yoast.com\/product\/yoast-seo-premium-wordpress\/ -->\n<title>Politique de cookies de bfsimulators.com - Brussels Flight Simulators<\/title>\n<meta name=\"robots\" content=\"noindex, nofollow\" \/>\n<meta property=\"og:locale\" content=\"en_US\" \/>\n<meta property=\"og:type\" content=\"article\" \/>\n<meta property=\"og:title\" content=\"Politique de cookies de bfsimulators.com\" \/>\n<meta property=\"og:description\" content=\"Cookies BFSIM Ce site https:\/\/bfsimulators.com (le &#8220;Site Web&#8221;), est exploit\u00e9 par Brussels Flight Simulators srl, Zaventem, Belgique. Que sont les cookies ? Les cookies sont de petits fichiers texte stock\u00e9s dans votre navigateur Web qui permettent \u00e0 bfsimulators.com ou \u00e0 un tiers de vous reconna\u00eetre. Les cookies peuvent \u00eatre utilis\u00e9s pour collecter, stocker et partager [&hellip;]\" \/>\n<meta property=\"og:url\" content=\"https:\/\/bfsimulators.com\/fr\/politique-de-cookies-de-bfsimulators-com\/\" \/>\n<meta property=\"og:site_name\" content=\"Brussels Flight Simulators\" \/>\n<meta property=\"article:modified_time\" content=\"2026-02-16T10:05:56+00:00\" \/>\n<meta name=\"twitter:card\" content=\"summary_large_image\" \/>\n<meta name=\"twitter:label1\" content=\"Est. reading time\" \/>\n\t<meta name=\"twitter:data1\" content=\"3 minutes\" \/>\n<script type=\"application\/ld+json\" class=\"yoast-schema-graph\">{\"@context\":\"https:\/\/schema.org\",\"@graph\":[{\"@type\":\"WebPage\",\"@id\":\"https:\/\/bfsimulators.com\/fr\/politique-de-cookies-de-bfsimulators-com\/\",\"url\":\"https:\/\/bfsimulators.com\/fr\/politique-de-cookies-de-bfsimulators-com\/\",\"name\":\"Politique de cookies de bfsimulators.com - Brussels Flight Simulators\",\"isPartOf\":{\"@id\":\"https:\/\/bfsimulators.com\/fr\/#website\"},\"datePublished\":\"2021-07-24T18:06:36+00:00\",\"dateModified\":\"2026-02-16T10:05:56+00:00\",\"breadcrumb\":{\"@id\":\"https:\/\/bfsimulators.com\/fr\/politique-de-cookies-de-bfsimulators-com\/#breadcrumb\"},\"inLanguage\":\"en-US\",\"potentialAction\":[{\"@type\":\"ReadAction\",\"target\":[\"https:\/\/bfsimulators.com\/fr\/politique-de-cookies-de-bfsimulators-com\/\"]}]},{\"@type\":\"BreadcrumbList\",\"@id\":\"https:\/\/bfsimulators.com\/fr\/politique-de-cookies-de-bfsimulators-com\/#breadcrumb\",\"itemListElement\":[{\"@type\":\"ListItem\",\"position\":1,\"name\":\"Home\",\"item\":\"https:\/\/bfsimulators.com\/fr\/home-2\/\"},{\"@type\":\"ListItem\",\"position\":2,\"name\":\"Politique de cookies de bfsimulators.com\"}]},{\"@type\":\"WebSite\",\"@id\":\"https:\/\/bfsimulators.com\/fr\/#website\",\"url\":\"https:\/\/bfsimulators.com\/fr\/\",\"name\":\"Brussels Flight Simulators\",\"description\":\"Trusted by Pilots, Loved by Enthusiasts\",\"publisher\":{\"@id\":\"https:\/\/bfsimulators.com\/fr\/#organization\"},\"potentialAction\":[{\"@type\":\"SearchAction\",\"target\":{\"@type\":\"EntryPoint\",\"urlTemplate\":\"https:\/\/bfsimulators.com\/fr\/?s={search_term_string}\"},\"query-input\":{\"@type\":\"PropertyValueSpecification\",\"valueRequired\":true,\"valueName\":\"search_term_string\"}}],\"inLanguage\":\"en-US\"},{\"@type\":\"Organization\",\"@id\":\"https:\/\/bfsimulators.com\/fr\/#organization\",\"name\":\"Brussels Flight Simulators\",\"url\":\"https:\/\/bfsimulators.com\/fr\/\",\"logo\":{\"@type\":\"ImageObject\",\"inLanguage\":\"en-US\",\"@id\":\"https:\/\/bfsimulators.com\/fr\/#\/schema\/logo\/image\/\",\"url\":\"https:\/\/bfsimulators.com\/wp-content\/uploads\/2021\/06\/Brussels-Flight-Simulators-LOGO-DEF-MASTER-V3-D-AVION-SOLO-5000x2250-600x300-1-e1624698461157.png\",\"contentUrl\":\"https:\/\/bfsimulators.com\/wp-content\/uploads\/2021\/06\/Brussels-Flight-Simulators-LOGO-DEF-MASTER-V3-D-AVION-SOLO-5000x2250-600x300-1-e1624698461157.png\",\"width\":600,\"height\":198,\"caption\":\"Brussels Flight Simulators\"},\"image\":{\"@id\":\"https:\/\/bfsimulators.com\/fr\/#\/schema\/logo\/image\/\"}}]}<\/script>\n<!-- \/ Yoast SEO Premium plugin. -->","yoast_head_json":{"title":"Politique de cookies de bfsimulators.com - Brussels Flight Simulators","robots":{"index":"noindex","follow":"nofollow"},"og_locale":"en_US","og_type":"article","og_title":"Politique de cookies de bfsimulators.com","og_description":"Cookies BFSIM Ce site https:\/\/bfsimulators.com (le &#8220;Site Web&#8221;), est exploit\u00e9 par Brussels Flight Simulators srl, Zaventem, Belgique. Que sont les cookies ? Les cookies sont de petits fichiers texte stock\u00e9s dans votre navigateur Web qui permettent \u00e0 bfsimulators.com ou \u00e0 un tiers de vous reconna\u00eetre. Les cookies peuvent \u00eatre utilis\u00e9s pour collecter, stocker et partager [&hellip;]","og_url":"https:\/\/bfsimulators.com\/fr\/politique-de-cookies-de-bfsimulators-com\/","og_site_name":"Brussels Flight Simulators","article_modified_time":"2026-02-16T10:05:56+00:00","twitter_card":"summary_large_image","twitter_misc":{"Est. reading time":"3 minutes"},"schema":{"@context":"https:\/\/schema.org","@graph":[{"@type":"WebPage","@id":"https:\/\/bfsimulators.com\/fr\/politique-de-cookies-de-bfsimulators-com\/","url":"https:\/\/bfsimulators.com\/fr\/politique-de-cookies-de-bfsimulators-com\/","name":"Politique de cookies de bfsimulators.com - Brussels Flight Simulators","isPartOf":{"@id":"https:\/\/bfsimulators.com\/fr\/#website"},"datePublished":"2021-07-24T18:06:36+00:00","dateModified":"2026-02-16T10:05:56+00:00","breadcrumb":{"@id":"https:\/\/bfsimulators.com\/fr\/politique-de-cookies-de-bfsimulators-com\/#breadcrumb"},"inLanguage":"en-US","potentialAction":[{"@type":"ReadAction","target":["https:\/\/bfsimulators.com\/fr\/politique-de-cookies-de-bfsimulators-com\/"]}]},{"@type":"BreadcrumbList","@id":"https:\/\/bfsimulators.com\/fr\/politique-de-cookies-de-bfsimulators-com\/#breadcrumb","itemListElement":[{"@type":"ListItem","position":1,"name":"Home","item":"https:\/\/bfsimulators.com\/fr\/home-2\/"},{"@type":"ListItem","position":2,"name":"Politique de cookies de bfsimulators.com"}]},{"@type":"WebSite","@id":"https:\/\/bfsimulators.com\/fr\/#website","url":"https:\/\/bfsimulators.com\/fr\/","name":"Brussels Flight Simulators","description":"Trusted by Pilots, Loved by Enthusiasts","publisher":{"@id":"https:\/\/bfsimulators.com\/fr\/#organization"},"potentialAction":[{"@type":"SearchAction","target":{"@type":"EntryPoint","urlTemplate":"https:\/\/bfsimulators.com\/fr\/?s={search_term_string}"},"query-input":{"@type":"PropertyValueSpecification","valueRequired":true,"valueName":"search_term_string"}}],"inLanguage":"en-US"},{"@type":"Organization","@id":"https:\/\/bfsimulators.com\/fr\/#organization","name":"Brussels Flight Simulators","url":"https:\/\/bfsimulators.com\/fr\/","logo":{"@type":"ImageObject","inLanguage":"en-US","@id":"https:\/\/bfsimulators.com\/fr\/#\/schema\/logo\/image\/","url":"https:\/\/bfsimulators.com\/wp-content\/uploads\/2021\/06\/Brussels-Flight-Simulators-LOGO-DEF-MASTER-V3-D-AVION-SOLO-5000x2250-600x300-1-e1624698461157.png","contentUrl":"https:\/\/bfsimulators.com\/wp-content\/uploads\/2021\/06\/Brussels-Flight-Simulators-LOGO-DEF-MASTER-V3-D-AVION-SOLO-5000x2250-600x300-1-e1624698461157.png","width":600,"height":198,"caption":"Brussels Flight Simulators"},"image":{"@id":"https:\/\/bfsimulators.com\/fr\/#\/schema\/logo\/image\/"}}]}},"_links":{"self":[{"href":"https:\/\/bfsimulators.com\/fr\/wp-json\/wp\/v2\/pages\/10400","targetHints":{"allow":["GET"]}}],"collection":[{"href":"https:\/\/bfsimulators.com\/fr\/wp-json\/wp\/v2\/pages"}],"about":[{"href":"https:\/\/bfsimulators.com\/fr\/wp-json\/wp\/v2\/types\/page"}],"author":[{"embeddable":true,"href":"https:\/\/bfsimulators.com\/fr\/wp-json\/wp\/v2\/users\/1"}],"replies":[{"embeddable":true,"href":"https:\/\/bfsimulators.com\/fr\/wp-json\/wp\/v2\/comments?post=10400"}],"version-history":[{"count":10,"href":"https:\/\/bfsimulators.com\/fr\/wp-json\/wp\/v2\/pages\/10400\/revisions"}],"predecessor-version":[{"id":95142,"href":"https:\/\/bfsimulators.com\/fr\/wp-json\/wp\/v2\/pages\/10400\/revisions\/95142"}],"wp:attachment":[{"href":"https:\/\/bfsimulators.com\/fr\/wp-json\/wp\/v2\/media?parent=10400"}],"wp:term":[{"taxonomy":"category","embeddable":true,"href":"https:\/\/bfsimulators.com\/fr\/wp-json\/wp\/v2\/categories?post=10400"}],"curies":[{"name":"wp","href":"https:\/\/api.w.org\/{rel}","templated":true}]}}